{"id":5780,"date":"2025-12-10T15:24:17","date_gmt":"2025-12-10T12:24:17","guid":{"rendered":"https:\/\/wristbandfactory.eu\/?post_type=product&#038;p=5780"},"modified":"2026-04-01T21:52:35","modified_gmt":"2026-04-01T18:52:35","slug":"custom-neoprene-lanyards-ultra-soft-cushioned","status":"publish","type":"product","link":"https:\/\/displayproducts.eu\/pl\/p\/custom-neoprene-lanyards-ultra-soft-cushioned\/","title":{"rendered":"Smycze neoprenowe z nadrukiem"},"content":{"rendered":"<p data-path-to-node=\"11\">Ciesz si\u0119 wyj\u0105tkowym komfortem dzi\u0119ki naszym <b>Smycze neoprenowe na zapytanie ofertowe<\/b>. Je\u015bli Twoi pracownicy lub uczestnicy narzekaj\u0105, \u017ce cienkie paski obcieraj\u0105 im szyj\u0119, to jest to ulepszenie premium, kt\u00f3rego potrzebujesz.<\/p>\n<p data-path-to-node=\"12\"><b>Zbudowany jak pianka<\/b> Wykonane z wysokiej jako\u015bci neoprenu, te smycze s\u0105 mi\u0119kkie, elastyczne i odporne na pot. Materia\u0142 ma naturaln\u0105 grubo\u015b\u0107 (g\u0105bczasty rdze\u0144), kt\u00f3ra dzia\u0142a jak amortyzator, dzi\u0119ki czemu jest preferowanym wyborem dla trener\u00f3w na si\u0142owni, przewodnik\u00f3w outdoorowych i personelu konserwacyjnego, kt\u00f3rzy nosz\u0105 ci\u0119\u017ckie klucze.<\/p>\n<p data-path-to-node=\"13\"><b>Sportowy i profesjonalny<\/b> Wygl\u0105d jest wyra\u017anie sportowy, a jednocze\u015bnie profesjonalny. Kraw\u0119dzie wyko\u0144czono dopasowanymi kolorystycznie lub kontrastowymi przeszyciami, co nadaje smyczy ekskluzywny, dopasowany wygl\u0105d. Niezale\u017cnie od tego, czy wybierzesz wyrazisty wz\u00f3r, czy eleganckie logo firmowe, efekt zawsze b\u0119dzie przyci\u0105ga\u0142 wzrok.<\/p>\n<p data-path-to-node=\"14\"><b>G\u0142\u00f3wne cechy:<\/b><\/p>\n<ul data-path-to-node=\"15\">\n<li>\n<p data-path-to-node=\"15,0,0\"><b>Tworzywo:<\/b> Mi\u0119kki neopren z pokryciem z tkaniny.<\/p>\n<\/li>\n<li>\n<p data-path-to-node=\"15,1,0\"><b>Budowa:<\/b> Rurkowe lub p\u0142askie, ze zszytymi kraw\u0119dziami.<\/p>\n<\/li>\n<li>\n<p data-path-to-node=\"15,2,0\"><b>Za\u0142\u0105czniki:<\/b> Solidne metalowe haki, pier\u015bcienie uszczelniaj\u0105ce i odpinane klamry.<\/p>\n<\/li>\n<li>\n<p data-path-to-node=\"15,3,0\"><b>Bezpiecze\u0144stwo:<\/b> Dost\u0119pne s\u0105 plastikowe klamry zrywalne.<\/p>\n<\/li>\n<\/ul>","protected":false},"excerpt":{"rendered":"<ul>\n<li>\n<p data-path-to-node=\"9,0,0\"><b>Najwy\u017cszy komfort:<\/b> Wykonany z g\u0105bczastego neoprenu (materia\u0142u stosowanego w piankach), kt\u00f3ry zapewnia uczucie amortyzacji i zapobiega podra\u017cnieniom szyi, nawet przy du\u017cym obci\u0105\u017ceniu.<\/p>\n<\/li>\n<li>\n<p data-path-to-node=\"9,1,0\"><b>Trwa\u0142e wyko\u0144czenie:<\/b> Posiada wzmocnione przeszycia (overlock), co zapobiega strz\u0119pieniu si\u0119 i wyd\u0142u\u017ca \u017cywotno\u015b\u0107 produktu.<\/p>\n<\/li>\n<li>\n<p data-path-to-node=\"9,2,0\"><b>Ci\u0119\u017cki:<\/b> Gruby profil sprawia, \u017ce torba idealnie nadaje si\u0119 do noszenia ci\u0119\u017ckich zestaw\u00f3w kluczy, narz\u0119dzi lub du\u017cych urz\u0105dze\u0144 elektronicznych, nie powoduj\u0105c przy tym skalecze\u0144 sk\u00f3ry.<\/p>\n<\/li>\n<li>\n<p data-path-to-node=\"9,3,0\"><b>\u017bywy branding:<\/b> Dost\u0119pne z wyra\u017anym sitodrukiem lub pe\u0142nokolorow\u0105 sublimacj\u0105 w przypadku wzor\u00f3w takich jak wz\u00f3r w panterk\u0119.<\/p>\n<\/li>\n<\/ul>","protected":false},"featured_media":5797,"comment_status":"closed","ping_status":"closed","template":"","meta":[],"product_brand":[],"product_cat":[104,108,118],"product_tag":[],"class_list":{"0":"post-5780","1":"product","2":"type-product","3":"status-publish","4":"has-post-thumbnail","6":"product_cat-custom-printed-lanyards","7":"product_cat-multifunctional-lanyards","8":"product_cat-sports-fitness","10":"first","11":"instock","12":"shipping-taxable","13":"purchasable","14":"product-type-simple"},"_links":{"self":[{"href":"https:\/\/displayproducts.eu\/pl\/wp-json\/wp\/v2\/product\/5780","targetHints":{"allow":["GET"]}}],"collection":[{"href":"https:\/\/displayproducts.eu\/pl\/wp-json\/wp\/v2\/product"}],"about":[{"href":"https:\/\/displayproducts.eu\/pl\/wp-json\/wp\/v2\/types\/product"}],"replies":[{"embeddable":true,"href":"https:\/\/displayproducts.eu\/pl\/wp-json\/wp\/v2\/comments?post=5780"}],"wp:featuredmedia":[{"embeddable":true,"href":"https:\/\/displayproducts.eu\/pl\/wp-json\/wp\/v2\/media\/5797"}],"wp:attachment":[{"href":"https:\/\/displayproducts.eu\/pl\/wp-json\/wp\/v2\/media?parent=5780"}],"wp:term":[{"taxonomy":"product_brand","embeddable":true,"href":"https:\/\/displayproducts.eu\/pl\/wp-json\/wp\/v2\/product_brand?post=5780"},{"taxonomy":"product_cat","embeddable":true,"href":"https:\/\/displayproducts.eu\/pl\/wp-json\/wp\/v2\/product_cat?post=5780"},{"taxonomy":"product_tag","embeddable":true,"href":"https:\/\/displayproducts.eu\/pl\/wp-json\/wp\/v2\/product_tag?post=5780"}],"curies":[{"name":"wp","href":"https:\/\/api.w.org\/{rel}","templated":true}]}}