{"id":5772,"date":"2025-12-10T15:15:03","date_gmt":"2025-12-10T12:15:03","guid":{"rendered":"https:\/\/wristbandfactory.eu\/?post_type=product&#038;p=5772"},"modified":"2026-04-01T21:52:35","modified_gmt":"2026-04-01T18:52:35","slug":"custom-printed-suspenders-branded-y-back-braces","status":"publish","type":"product","link":"https:\/\/displayproducts.eu\/pl\/p\/custom-printed-suspenders-branded-y-back-braces\/","title":{"rendered":"Szelki do spodni z nadrukiem \u2013 Reklamowe"},"content":{"rendered":"<p data-path-to-node=\"12\">Dodaj odrobin\u0119 klasy do swojego firmowego uniformu lub linii produkt\u00f3w dzi\u0119ki naszym <b>Szelki z nadrukiem na zapytanie ofertowe<\/b>. Niezale\u017cnie od tego, czy chodzi o modnego barmana, ekip\u0119 budowlan\u0105 czy mark\u0119 modow\u0105, szelki te stanowi\u0105 funkcjonaln\u0105 i stylow\u0105 alternatyw\u0119 dla pask\u00f3w.<\/p>\n<p data-path-to-node=\"13\"><b>Stworzone do pracy i zabawy<\/b> Nasze szelki wykonane s\u0105 z wysokiej jako\u015bci elastycznej ta\u015bmy, kt\u00f3ra zachowuje swoj\u0105 elastyczno\u015b\u0107 przez d\u0142ugi czas. Metalowe okucia s\u0105 wystarczaj\u0105co wytrzyma\u0142e, aby nadawa\u0107 si\u0119 do odzie\u017cy roboczej, a jednocze\u015bnie wystarczaj\u0105co wypolerowane, aby nadawa\u0107 si\u0119 do noszenia na formalnych imprezach.<\/p>\n<p data-path-to-node=\"14\"><b>Opcje brandingu:<\/b><\/p>\n<ol start=\"1\" data-path-to-node=\"15\">\n<li>\n<p data-path-to-node=\"15,0,0\"><b>Tkana guma:<\/b> Logo jest wszywane bezpo\u015brednio w tkanin\u0119, co zapewnia ekskluzywny, teksturowany wygl\u0105d (np. wzory w paski).<\/p>\n<\/li>\n<li>\n<p data-path-to-node=\"15,1,0\"><b>T\u0142oczenie sk\u00f3ry:<\/b> Subtelne, wyrafinowane logo wyt\u0142oczone na sk\u00f3rzanym elemencie z ty\u0142u.<\/p>\n<\/li>\n<\/ol>\n<p data-path-to-node=\"16\"><b>Zalecane przypadki u\u017cycia:<\/b><\/p>\n<ul data-path-to-node=\"17\">\n<li>\n<p data-path-to-node=\"17,0,0\"><b>Mundury hotelowe:<\/b> Kelnerzy i barmani.<\/p>\n<\/li>\n<li>\n<p data-path-to-node=\"17,1,0\"><b>Budownictwo i handel:<\/b> Dobrze widoczny lub wytrzyma\u0142y pas narz\u0119dziowy.<\/p>\n<\/li>\n<li>\n<p data-path-to-node=\"17,2,0\"><b>Prezenty firmowe:<\/b> Niezwyk\u0142y dodatek na imprezy team building i golfowe.<\/p>\n<\/li>\n<\/ul>\n<p data-path-to-node=\"18\"><b>G\u0142\u00f3wne cechy:<\/b><\/p>\n<ul data-path-to-node=\"19\">\n<li>\n<p data-path-to-node=\"19,0,0\"><b>Tworzywo:<\/b> Wysokiej g\u0119sto\u015bci elastyczny poliester.<\/p>\n<\/li>\n<li>\n<p data-path-to-node=\"19,1,0\"><b>Styl plec\u00f3w:<\/b> Kszta\u0142t litery Y z naszywk\u0105 sk\u00f3rzan\u0105.<\/p>\n<\/li>\n<li>\n<p data-path-to-node=\"19,2,0\"><b>Klipy:<\/b> 3 lub 4 klipsy metalowe (wyko\u0144czenie niklowane lub czarne).<\/p>\n<\/li>\n<li>\n<p data-path-to-node=\"19,3,0\"><b>Szeroko\u015b\u0107:<\/b> Standardowe 25 mm, 35 mm lub 50 mm.<\/p>\n<\/li>\n<\/ul>","protected":false},"excerpt":{"rendered":"<ul>\n<li>\n<p data-path-to-node=\"10,0,0\"><b>Klasyczny design:<\/b> Tradycyjna konstrukcja Y-back lub X-back z krzy\u017cowymi naszywkami z najwy\u017cszej jako\u015bci sk\u00f3ry zapewnia trwa\u0142o\u015b\u0107 i styl.<\/p>\n<\/li>\n<li>\n<p data-path-to-node=\"10,1,0\"><b>Mocny chwyt:<\/b> Wyposa\u017cone w solidne metalowe klipsy, kt\u00f3re pewnie trzymaj\u0105 spodnie, nie uszkadzaj\u0105c materia\u0142u.<\/p>\n<\/li>\n<li>\n<p data-path-to-node=\"10,2,0\"><b>W pe\u0142ni regulowany:<\/b> Posiada metalowe regulatory, kt\u00f3re gwarantuj\u0105 wygodne dopasowanie do ka\u017cdego wzrostu.<\/p>\n<\/li>\n<li>\n<p data-path-to-node=\"10,3,0\"><b>Branding niestandardowy:<\/b> Logo mo\u017cemy wple\u015b\u0107 w elastyczn\u0105 ta\u015bm\u0119 (\u017cakard) lub wyt\u0142oczy\u0107 na sk\u00f3rzanej naszywce z ty\u0142u.<\/p>\n<\/li>\n<\/ul>","protected":false},"featured_media":5808,"comment_status":"closed","ping_status":"closed","template":"","meta":[],"product_brand":[],"product_cat":[127],"product_tag":[],"class_list":{"0":"post-5772","1":"product","2":"type-product","3":"status-publish","4":"has-post-thumbnail","6":"product_cat-custom-straps-belts","8":"first","9":"instock","10":"shipping-taxable","11":"product-type-simple"},"_links":{"self":[{"href":"https:\/\/displayproducts.eu\/pl\/wp-json\/wp\/v2\/product\/5772","targetHints":{"allow":["GET"]}}],"collection":[{"href":"https:\/\/displayproducts.eu\/pl\/wp-json\/wp\/v2\/product"}],"about":[{"href":"https:\/\/displayproducts.eu\/pl\/wp-json\/wp\/v2\/types\/product"}],"replies":[{"embeddable":true,"href":"https:\/\/displayproducts.eu\/pl\/wp-json\/wp\/v2\/comments?post=5772"}],"wp:featuredmedia":[{"embeddable":true,"href":"https:\/\/displayproducts.eu\/pl\/wp-json\/wp\/v2\/media\/5808"}],"wp:attachment":[{"href":"https:\/\/displayproducts.eu\/pl\/wp-json\/wp\/v2\/media?parent=5772"}],"wp:term":[{"taxonomy":"product_brand","embeddable":true,"href":"https:\/\/displayproducts.eu\/pl\/wp-json\/wp\/v2\/product_brand?post=5772"},{"taxonomy":"product_cat","embeddable":true,"href":"https:\/\/displayproducts.eu\/pl\/wp-json\/wp\/v2\/product_cat?post=5772"},{"taxonomy":"product_tag","embeddable":true,"href":"https:\/\/displayproducts.eu\/pl\/wp-json\/wp\/v2\/product_tag?post=5772"}],"curies":[{"name":"wp","href":"https:\/\/api.w.org\/{rel}","templated":true}]}}