{"id":5765,"date":"2025-12-10T15:10:44","date_gmt":"2025-12-10T12:10:44","guid":{"rendered":"https:\/\/wristbandfactory.eu\/?post_type=product&#038;p=5765"},"modified":"2026-04-01T21:52:35","modified_gmt":"2026-04-01T18:52:35","slug":"custom-printed-shoelaces-flat-round-sneaker-laces","status":"publish","type":"product","link":"https:\/\/displayproducts.eu\/pl\/p\/custom-printed-shoelaces-flat-round-sneaker-laces\/","title":{"rendered":"Sznurowad\u0142a z nadrukiem \u2013 P\u0142askie i okr\u0105g\u0142e"},"content":{"rendered":"<p data-path-to-node=\"12\">Zmie\u0144 ka\u017cdy krok w okazj\u0119 do budowania marki dzi\u0119ki naszym <b>Sznurowad\u0142a z nadrukiem na zapytanie ofertowe<\/b>. Niezale\u017cnie od tego, czy chodzi o firmowy zesp\u00f3\u0142 marato\u0144ski, premier\u0119 marki but\u00f3w sportowych czy wyj\u0105tkowy gad\u017cet uniwersytecki, te sznurowad\u0142a oferuj\u0105 przyjemny i funkcjonalny spos\u00f3b na wyeksponowanie Twojego logo.<\/p>\n<p data-path-to-node=\"13\"><b>Style pasuj\u0105ce do Twojego obuwia:<\/b><\/p>\n<ol start=\"1\" data-path-to-node=\"14\">\n<li>\n<p data-path-to-node=\"14,0,0\"><b>Sznurowad\u0142a p\u0142askie:<\/b> Standard dla sneakers\u00f3w i but\u00f3w do skateboardingu. Oferuj\u0105 szerokie p\u0142\u00f3tno (8\u201315 mm), idealne do wyra\u017anego czytania tekstu i logo z du\u017cej odleg\u0142o\u015bci.<\/p>\n<\/li>\n<li>\n<p data-path-to-node=\"14,1,0\"><b>Sznurowad\u0142a okr\u0105g\u0142e:<\/b> Idealne do but\u00f3w do biegania, botk\u00f3w i bluz z kapturem. Branding jest zazwyczaj wplatany lub nadrukowany na agletach (ko\u0144c\u00f3wkach), co zapewnia subtelne wyko\u0144czenie o jako\u015bci detalicznej.<\/p>\n<\/li>\n<\/ol>\n<p data-path-to-node=\"15\"><b>Z w\u0142asnym nadrukiem Aglety (Ko\u0144c\u00f3wki)<\/b> Przenie\u015b to na wy\u017cszy poziom, drukuj\u0105c nazw\u0119 swojej marki lub strony internetowej bezpo\u015brednio na plastikowych lub metalowych ko\u0144c\u00f3wkach sznur\u00f3wek. Ten szczeg\u00f3\u0142 znacz\u0105co podnosi warto\u015b\u0107 produktu.<\/p>\n<p data-path-to-node=\"16\"><b>Zalecane przypadki u\u017cycia:<\/b><\/p>\n<ul data-path-to-node=\"17\">\n<li>\n<p data-path-to-node=\"17,0,0\"><b>Maratony i biegi na 5 km:<\/b> Umie\u015b\u0107 je w \u201ctorbie z upominkami\u201d dla uczestnik\u00f3w.\u201d<\/p>\n<\/li>\n<li>\n<p data-path-to-node=\"17,1,0\"><b>Dobre samopoczucie pracownik\u00f3w:<\/b> \u015awietne do \u201cwyzwa\u0144 liczenia krok\u00f3w\u201d.\u201d<\/p>\n<\/li>\n<li>\n<p data-path-to-node=\"17,2,0\"><b>Moda i handel detaliczny:<\/b> Sprzedawaj je jako osobny dodatek lub jako prezent przy zakupie.<\/p>\n<\/li>\n<\/ul>\n<p data-path-to-node=\"18\"><b>G\u0142\u00f3wne cechy:<\/b><\/p>\n<ul data-path-to-node=\"19\">\n<li>\n<p data-path-to-node=\"19,0,0\"><b>Tworzywo:<\/b> Wytrzyma\u0142y poliester.<\/p>\n<\/li>\n<li>\n<p data-path-to-node=\"19,1,0\"><b>D\u0142ugo\u015b\u0107:<\/b> Rozmiary standardowe (90cm, 120cm, 140cm) lub z w\u0142asnym nadrukiem.<\/p>\n<\/li>\n<li>\n<p data-path-to-node=\"19,2,0\"><b>Wydrukowa\u0107:<\/b> Transfer ciep\u0142a (sublimacja) lub sitodruk.<\/p>\n<\/li>\n<li>\n<p data-path-to-node=\"19,3,0\"><b>Opakowanie:<\/b> Pary zazwyczaj pakowane w przezroczyst\u0105 torebk\u0119 foliow\u0105 lub spersonalizowan\u0105 kart\u0119.<\/p>\n<\/li>\n<\/ul>","protected":false},"excerpt":{"rendered":"<ul>\n<li>\n<p data-path-to-node=\"10,0,0\"><b>W pe\u0142ni konfigurowalny:<\/b> Dost\u0119pne w klasycznym, p\u0142askim fasonie z wyrazistymi wzorami w pe\u0142nej gamie kolor\u00f3w lub w okr\u0105g\u0142ym, sztruksowym stylu nadaj\u0105cym sportowy wygl\u0105d.<\/p>\n<\/li>\n<li>\n<p data-path-to-node=\"10,1,0\"><b>Kompleksowe budowanie marki:<\/b> Mo\u017cemy nadrukowa\u0107 Twoje logo na ca\u0142ej d\u0142ugo\u015bci koronki, a nawet spersonalizowa\u0107 plastikowe lub metalowe ko\u0144c\u00f3wki (aglety).<\/p>\n<\/li>\n<li>\n<p data-path-to-node=\"10,2,0\"><b>\u017bywe wzory:<\/b> Wykorzystuj\u0105c druk sublimacyjny, mo\u017cemy uzyska\u0107 szczeg\u00f3\u0142owe grafiki, takie jak serca, kresk\u00f3wki czy z\u0142o\u017cone gradienty.<\/p>\n<\/li>\n<li>\n<p data-path-to-node=\"10,3,0\"><b>Gotowo\u015b\u0107 na wydarzenie:<\/b> Warto\u015bciowy upominek na charytatywne biegi, zawody sportowe i konwenty mi\u0142o\u015bnik\u00f3w but\u00f3w sportowych, z kt\u00f3rego obdarowani faktycznie skorzystaj\u0105.<\/p>\n<\/li>\n<\/ul>","protected":false},"featured_media":5839,"comment_status":"closed","ping_status":"closed","template":"","meta":[],"product_brand":[],"product_cat":[127],"product_tag":[],"class_list":{"0":"post-5765","1":"product","2":"type-product","3":"status-publish","4":"has-post-thumbnail","6":"product_cat-custom-straps-belts","8":"first","9":"instock","10":"shipping-taxable","11":"product-type-simple"},"_links":{"self":[{"href":"https:\/\/displayproducts.eu\/pl\/wp-json\/wp\/v2\/product\/5765","targetHints":{"allow":["GET"]}}],"collection":[{"href":"https:\/\/displayproducts.eu\/pl\/wp-json\/wp\/v2\/product"}],"about":[{"href":"https:\/\/displayproducts.eu\/pl\/wp-json\/wp\/v2\/types\/product"}],"replies":[{"embeddable":true,"href":"https:\/\/displayproducts.eu\/pl\/wp-json\/wp\/v2\/comments?post=5765"}],"wp:featuredmedia":[{"embeddable":true,"href":"https:\/\/displayproducts.eu\/pl\/wp-json\/wp\/v2\/media\/5839"}],"wp:attachment":[{"href":"https:\/\/displayproducts.eu\/pl\/wp-json\/wp\/v2\/media?parent=5765"}],"wp:term":[{"taxonomy":"product_brand","embeddable":true,"href":"https:\/\/displayproducts.eu\/pl\/wp-json\/wp\/v2\/product_brand?post=5765"},{"taxonomy":"product_cat","embeddable":true,"href":"https:\/\/displayproducts.eu\/pl\/wp-json\/wp\/v2\/product_cat?post=5765"},{"taxonomy":"product_tag","embeddable":true,"href":"https:\/\/displayproducts.eu\/pl\/wp-json\/wp\/v2\/product_tag?post=5765"}],"curies":[{"name":"wp","href":"https:\/\/api.w.org\/{rel}","templated":true}]}}