{"id":5760,"date":"2025-12-10T15:00:54","date_gmt":"2025-12-10T12:00:54","guid":{"rendered":"https:\/\/wristbandfactory.eu\/?post_type=product&#038;p=5760"},"modified":"2026-04-01T21:52:35","modified_gmt":"2026-04-01T18:52:35","slug":"custom-faux-fur-lanyards-fluffy-fashion-strap","status":"publish","type":"product","link":"https:\/\/displayproducts.eu\/pl\/p\/custom-faux-fur-lanyards-fluffy-fashion-strap\/","title":{"rendered":"Smycze futrzane \u2013 Puszyste z metk\u0105"},"content":{"rendered":"<p data-path-to-node=\"11\">Wyra\u017a siebie z nasz\u0105 pomoc\u0105 <b>Smycze ze sztucznego futra na zapytanie ofertowe<\/b>. Te smycze to co\u015b wi\u0119cej ni\u017c tylko praktyczne gad\u017cety \u2013 to prawdziwe akcesoria modowe, zaprojektowane tak, by Twoja marka by\u0142a widoczna w najbardziej stylowy spos\u00f3b, jaki jest mo\u017cliwy.<\/p>\n<p data-path-to-node=\"12\"><b>Czynnik \u201cpuszysto\u015bci\u201d<\/b> W przeciwie\u0144stwie do p\u0142askich ta\u015bm poliestrowych, te smycze s\u0105 wykonane z mi\u0119kkiego, rurkowego materia\u0142u ze sztucznego futra. Otulaj\u0105 szyj\u0119 niczym szalik, dzi\u0119ki czemu s\u0105 niezwykle wygodne i mo\u017cna je nosi\u0107 przez ca\u0142y dzie\u0144 na zimowych festiwalach lub imprezach VIP.<\/p>\n<p data-path-to-node=\"13\"><b>Inteligentne rozwi\u0105zania brandingowe<\/b> Poniewa\u017c d\u0142ugie futro ukrywa atrament, u\u017cywamy <b>do\u0142\u0105czone etykiety brandingowe<\/b>.<\/p>\n<ul data-path-to-node=\"14\">\n<li>\n<p data-path-to-node=\"14,0,0\"><b>Etykiety tkane:<\/b> Wysokiej jako\u015bci metka materia\u0142owa przyszyta do futra (jak na ubraniach).<\/p>\n<\/li>\n<li>\n<p data-path-to-node=\"14,1,0\"><b>\u0141aty z PVC\/gumy:<\/b> Nowoczesny, tr\u00f3jwymiarowy wygl\u0105d. Ta metoda gwarantuje, \u017ce logo pozostanie czytelne i ostre, zachowuj\u0105c jednocze\u015bnie ekskluzywn\u0105, puszyst\u0105 estetyk\u0119 produktu.<\/p>\n<\/li>\n<\/ul>\n<p data-path-to-node=\"15\"><b>Zalecane przypadki u\u017cycia:<\/b><\/p>\n<ul data-path-to-node=\"16\">\n<li>\n<p data-path-to-node=\"16,0,0\"><b>Gad\u017cety uliczne:<\/b> Przedmioty o wysokiej warto\u015bci, przeznaczone do sprzeda\u017cy detalicznej.<\/p>\n<\/li>\n<li>\n<p data-path-to-node=\"16,1,0\"><b>Wydarzenia narciarskie i snowboardowe:<\/b> Idealnie nadaje si\u0119 do stosowania w zimnym \u015brodowisku.<\/p>\n<\/li>\n<li>\n<p data-path-to-node=\"16,2,0\"><b>Agencje kreatywne:<\/b> Wyj\u0105tkowy prezent, kt\u00f3ry wyr\u00f3\u017cni si\u0119 na tle nudnych artyku\u0142\u00f3w biurowych.<\/p>\n<\/li>\n<\/ul>\n<p data-path-to-node=\"17\"><b>G\u0142\u00f3wne cechy:<\/b><\/p>\n<ul data-path-to-node=\"18\">\n<li>\n<p data-path-to-node=\"18,0,0\"><b>Tworzywo:<\/b> 100% Sztuczne futro syntetyczne (poliester).<\/p>\n<\/li>\n<li>\n<p data-path-to-node=\"18,1,0\"><b>Styl:<\/b> Profil rurowy \/ okr\u0105g\u0142y.<\/p>\n<\/li>\n<li>\n<p data-path-to-node=\"18,2,0\"><b>Metoda tworzenia logo:<\/b> Metka lub naszywka tkana.<\/p>\n<\/li>\n<li>\n<p data-path-to-node=\"18,3,0\"><b>Za\u0142\u0105czniki:<\/b> Metalowy haczyk na homara lub pier\u015bcie\u0144 dzielony.<\/p>\n<\/li>\n<\/ul>","protected":false},"excerpt":{"rendered":"<ul>\n<li>\n<p data-path-to-node=\"9,0,0\"><b>Ultrapuszysta konsystencja:<\/b> Wykonana z pluszowego, syntetycznego futerka, kt\u00f3re zapewnia wyj\u0105tkowe, luksusowe wra\u017cenia dotykowe.<\/p>\n<\/li>\n<li>\n<p data-path-to-node=\"9,1,0\"><b>Branding etykiet tkanych:<\/b> Poniewa\u017c futra nie mo\u017cna nadrukowa\u0107 bezpo\u015brednio, logo zostanie naszyte na wysokiej jako\u015bci tkanej etykiecie lub naszywce przymocowanej do paska.<\/p>\n<\/li>\n<li>\n<p data-path-to-node=\"9,2,0\"><b>Moda na przysz\u0142o\u015b\u0107:<\/b> Popularny wyb\u00f3r marek odzie\u017cy ulicznej, o\u015brodk\u00f3w narciarskich i influencer\u00f3w poszukuj\u0105cych wyr\u00f3\u017cniaj\u0105cych si\u0119 produkt\u00f3w.<\/p>\n<\/li>\n<li>\n<p data-path-to-node=\"9,3,0\"><b>\u017bywe kolory:<\/b> Dost\u0119pne w klasycznej bieli\/czarno\u015bci lub w niestandardowych wzorach (np. \u201cMonster\u201d w kolorze niebieskim\/fioletowym), kt\u00f3re pasuj\u0105 do konkretnych motyw\u00f3w.<\/p>\n<\/li>\n<\/ul>","protected":false},"featured_media":5845,"comment_status":"closed","ping_status":"closed","template":"","meta":[],"product_brand":[],"product_cat":[104,108,121],"product_tag":[],"class_list":{"0":"post-5760","1":"product","2":"type-product","3":"status-publish","4":"has-post-thumbnail","6":"product_cat-custom-printed-lanyards","7":"product_cat-multifunctional-lanyards","8":"product_cat-promotional-merchandise","10":"first","11":"instock","12":"shipping-taxable","13":"product-type-simple"},"_links":{"self":[{"href":"https:\/\/displayproducts.eu\/pl\/wp-json\/wp\/v2\/product\/5760","targetHints":{"allow":["GET"]}}],"collection":[{"href":"https:\/\/displayproducts.eu\/pl\/wp-json\/wp\/v2\/product"}],"about":[{"href":"https:\/\/displayproducts.eu\/pl\/wp-json\/wp\/v2\/types\/product"}],"replies":[{"embeddable":true,"href":"https:\/\/displayproducts.eu\/pl\/wp-json\/wp\/v2\/comments?post=5760"}],"wp:featuredmedia":[{"embeddable":true,"href":"https:\/\/displayproducts.eu\/pl\/wp-json\/wp\/v2\/media\/5845"}],"wp:attachment":[{"href":"https:\/\/displayproducts.eu\/pl\/wp-json\/wp\/v2\/media?parent=5760"}],"wp:term":[{"taxonomy":"product_brand","embeddable":true,"href":"https:\/\/displayproducts.eu\/pl\/wp-json\/wp\/v2\/product_brand?post=5760"},{"taxonomy":"product_cat","embeddable":true,"href":"https:\/\/displayproducts.eu\/pl\/wp-json\/wp\/v2\/product_cat?post=5760"},{"taxonomy":"product_tag","embeddable":true,"href":"https:\/\/displayproducts.eu\/pl\/wp-json\/wp\/v2\/product_tag?post=5760"}],"curies":[{"name":"wp","href":"https:\/\/api.w.org\/{rel}","templated":true}]}}