{"id":5753,"date":"2025-12-10T14:54:23","date_gmt":"2025-12-10T11:54:23","guid":{"rendered":"https:\/\/wristbandfactory.eu\/?post_type=product&#038;p=5753"},"modified":"2026-04-01T21:52:35","modified_gmt":"2026-04-01T18:52:35","slug":"high-visibility-reflective-strip-lanyards-safety-wear","status":"publish","type":"product","link":"https:\/\/displayproducts.eu\/pl\/p\/high-visibility-reflective-strip-lanyards-safety-wear\/","title":{"rendered":"Smycze ostrzegawcze \u2013 Z ta\u015bm\u0105 odblaskow\u0105"},"content":{"rendered":"<p data-path-to-node=\"14\">Postaw na bezpiecze\u0144stwo, nie rezygnuj\u0105c z budowania marki dzi\u0119ki naszym <b>Smycze odblaskowe o wysokiej widoczno\u015bci<\/b>. W przeciwie\u0144stwie do standardowych smyczy z delikatnymi odblaskowymi nitkami, ten wytrzyma\u0142y model charakteryzuje si\u0119 widoczn\u0105 srebrn\u0105 warstw\u0105 odblaskow\u0105 wtopion\u0105 w tkanin\u0119, zapewniaj\u0105c maksymalne odbicie \u015bwiat\u0142a por\u00f3wnywalne z profesjonalnym sprz\u0119tem bezpiecze\u0144stwa.<\/p>\n<p data-path-to-node=\"15\"><b>Zbudowany do u\u017cytku przemys\u0142owego i nocnego<\/b> To jest standard bran\u017cowy dla <b>place budowy, personel naziemny lotniska i personel ochrony<\/b>. W momencie, gdy padnie na niego \u015bwiat\u0142o reflektor\u00f3w samochodowych lub latarek, \u015brodkowy pas roz\u015bwietla si\u0119 jasno, dzi\u0119ki czemu pracownicy lub uczestnicy wydarzenia s\u0105 widoczni z daleka.<\/p>\n<p data-path-to-node=\"16\"><b>Trwa\u0142a konstrukcja<\/b> Materia\u0142 odblaskowy jest po\u0142\u0105czony z mocn\u0105 poliestrow\u0105 warstw\u0105 bazow\u0105. Ten dwukolorowy wz\u00f3r (kolor + srebro) nie tylko wygl\u0105da profesjonalnie, ale tak\u017ce zapewnia trwa\u0142o\u015b\u0107. Zdecydowanie zalecamy dodanie\u2026 <b>Klamra bezpiecze\u0144stwa<\/b> tego produktu pod k\u0105tem zgodno\u015bci z przepisami bezpiecze\u0144stwa w miejscu pracy.<\/p>\n<p data-path-to-node=\"17\"><b>Zalecane przypadki u\u017cycia:<\/b><\/p>\n<ul data-path-to-node=\"18\">\n<li>\n<p data-path-to-node=\"18,0,0\"><b>Budownictwo i logistyka:<\/b> Obowi\u0105zkowe posiadanie dokument\u00f3w to\u017csamo\u015bci przez pracownik\u00f3w na miejscu.<\/p>\n<\/li>\n<li>\n<p data-path-to-node=\"18,1,0\"><b>Festiwale Nocne:<\/b> Dbanie o bezpiecze\u0144stwo i widoczno\u015b\u0107 uczestnik\u00f3w w ciemnych miejscach.<\/p>\n<\/li>\n<li>\n<p data-path-to-node=\"18,2,0\"><b>Szko\u0142y:<\/b> Widoczno\u015b\u0107 dla dzieci na wycieczkach terenowych w miesi\u0105cach zimowych.<\/p>\n<\/li>\n<\/ul>\n<p data-path-to-node=\"19\"><b>G\u0142\u00f3wne cechy:<\/b><\/p>\n<ul data-path-to-node=\"20\">\n<li>\n<p data-path-to-node=\"20,0,0\"><b>Tworzywo:<\/b> Ta\u015bma poliestrowa + laminowana ta\u015bma odblaskowa.<\/p>\n<\/li>\n<li>\n<p data-path-to-node=\"20,1,0\"><b>Efekt:<\/b> Silne odbicie \u015bwiat\u0142a (podstawa srebrno-szara).<\/p>\n<\/li>\n<li>\n<p data-path-to-node=\"20,2,0\"><b>Szeroko\u015b\u0107:<\/b> Zwykle 15 mm lub 20 mm.<\/p>\n<\/li>\n<li>\n<p data-path-to-node=\"20,3,0\"><b>Wydrukowa\u0107:<\/b> Nadruk sitowy na warstwie odblaskowej.<\/p>\n<\/li>\n<\/ul>","protected":false},"excerpt":{"rendered":"<ul>\n<li>\n<p data-path-to-node=\"12,0,0\"><b>Wysoka widoczno\u015b\u0107:<\/b> Posiada szeroki, laminowany, szary pas odblaskowy biegn\u0105cy przez \u015brodek, podobny do kamizelek odblaskowych, kt\u00f3ry intensywnie odbija \u015bwiat\u0142o w ciemno\u015bci.<\/p>\n<\/li>\n<li>\n<p data-path-to-node=\"12,1,0\"><b>Bezpiecze\u0144stwo w dzie\u0144 i w nocy:<\/b> Jaskrawy kolor ta\u015bmy bazowej (\u017c\u00f3\u0142ty, pomara\u0144czowy, niebieski) zapewnia widoczno\u015b\u0107 w ci\u0105gu dnia, natomiast srebrny pasek chroni w nocy.<\/p>\n<\/li>\n<li>\n<p data-path-to-node=\"12,2,0\"><b>Ucieczka bezpiecze\u0144stwa:<\/b> Niezb\u0119dne do zastosowa\u0144 przemys\u0142owych; zwykle wyposa\u017cone w klamr\u0119 bezpiecze\u0144stwa zapobiegaj\u0105c\u0105 zad\u0142awieniu.<\/p>\n<\/li>\n<li>\n<p data-path-to-node=\"12,3,0\"><b>Branding niestandardowy:<\/b> Logo mo\u017cemy nadrukowa\u0107 metod\u0105 sitodruku bezpo\u015brednio na odblaskowym pasku lub kolorowych kraw\u0119dziach, aby zapewni\u0107 widoczno\u015b\u0107 marki.<\/p>\n<\/li>\n<\/ul>","protected":false},"featured_media":5758,"comment_status":"closed","ping_status":"closed","template":"","meta":[],"product_brand":[],"product_cat":[109],"product_tag":[],"class_list":{"0":"post-5753","1":"product","2":"type-product","3":"status-publish","4":"has-post-thumbnail","6":"product_cat-reflective-lanyards","8":"first","9":"instock","10":"shipping-taxable","11":"product-type-simple"},"_links":{"self":[{"href":"https:\/\/displayproducts.eu\/pl\/wp-json\/wp\/v2\/product\/5753","targetHints":{"allow":["GET"]}}],"collection":[{"href":"https:\/\/displayproducts.eu\/pl\/wp-json\/wp\/v2\/product"}],"about":[{"href":"https:\/\/displayproducts.eu\/pl\/wp-json\/wp\/v2\/types\/product"}],"replies":[{"embeddable":true,"href":"https:\/\/displayproducts.eu\/pl\/wp-json\/wp\/v2\/comments?post=5753"}],"wp:featuredmedia":[{"embeddable":true,"href":"https:\/\/displayproducts.eu\/pl\/wp-json\/wp\/v2\/media\/5758"}],"wp:attachment":[{"href":"https:\/\/displayproducts.eu\/pl\/wp-json\/wp\/v2\/media?parent=5753"}],"wp:term":[{"taxonomy":"product_brand","embeddable":true,"href":"https:\/\/displayproducts.eu\/pl\/wp-json\/wp\/v2\/product_brand?post=5753"},{"taxonomy":"product_cat","embeddable":true,"href":"https:\/\/displayproducts.eu\/pl\/wp-json\/wp\/v2\/product_cat?post=5753"},{"taxonomy":"product_tag","embeddable":true,"href":"https:\/\/displayproducts.eu\/pl\/wp-json\/wp\/v2\/product_tag?post=5753"}],"curies":[{"name":"wp","href":"https:\/\/api.w.org\/{rel}","templated":true}]}}