{"id":5730,"date":"2025-12-10T13:44:29","date_gmt":"2025-12-10T10:44:29","guid":{"rendered":"https:\/\/wristbandfactory.eu\/?post_type=product&#038;p=5730"},"modified":"2026-04-01T21:52:35","modified_gmt":"2026-04-01T18:52:35","slug":"magnetic-elastic-cord-lanyards-modern-badge-holder","status":"publish","type":"product","link":"https:\/\/displayproducts.eu\/pl\/p\/magnetic-elastic-cord-lanyards-modern-badge-holder\/","title":{"rendered":"Elastyczne smycze z magnesem \u2013 Okr\u0105g\u0142e"},"content":{"rendered":"<p data-path-to-node=\"12\">Przyjmij nowoczesny minimalizm z naszym <b>Elastyczne smycze magnetyczne<\/b>. Ten produkt, odchodz\u0105cy od tradycyjnych p\u0142askich ta\u015bm poliestrowych, oferuje eleganck\u0105, zaawansowan\u0105 technologicznie estetyk\u0119, kt\u00f3ra cieszy si\u0119 du\u017c\u0105 popularno\u015bci\u0105 w\u015br\u00f3d startup\u00f3w, agencji projektowych i na ekskluzywnych konferencjach.<\/p>\n<p data-path-to-node=\"13\"><b>Magia magnes\u00f3w<\/b> Centralnym elementem tej smyczy jest jej <b>z\u0142\u0105cze magnetyczne<\/b>. Zamiast mocowa\u0107 si\u0119 z klipsami, oba ko\u0144ce po prostu si\u0119 zatrzaskuj\u0105. To wygodne w u\u017cyciu i jednocze\u015bnie pe\u0142ni funkcj\u0119 szybkiego mechanizmu zabezpieczaj\u0105cego.<\/p>\n<p data-path-to-node=\"14\"><b>Subtelny, ale skuteczny branding<\/b> Zamiast drukowania tekstu wzd\u0142u\u017c przewodu, branding jest nanoszony na <b>okr\u0105g\u0142y plastikowy suwak\/przycisk<\/b>. Dzi\u0119ki temu mo\u017cliwe jest umieszczenie pe\u0142nokolorowego logo (nadruk wypuk\u0142y lub p\u0142aski) w widocznym miejscu na klatce piersiowej, dzi\u0119ki czemu Twoja marka jest zawsze widoczna, bez za\u015bmiecania projektu.<\/p>\n<p data-path-to-node=\"15\"><b>G\u0142\u00f3wne cechy:<\/b><\/p>\n<ul data-path-to-node=\"16\">\n<li>\n<p data-path-to-node=\"16,0,0\"><b>Tworzywo:<\/b> Elastyczny sznurek okr\u0105g\u0142y (bia\u0142y, czarny lub w innym kolorze).<\/p>\n<\/li>\n<li>\n<p data-path-to-node=\"16,1,0\"><b>Opcje zapi\u0119cia:<\/b> Metalowa torpeda premium lub p\u0142aski plastik.<\/p>\n<\/li>\n<li>\n<p data-path-to-node=\"16,2,0\"><b>Umieszczenie logo:<\/b> Okr\u0105g\u0142y plastikowy przycisk regulacyjny.<\/p>\n<\/li>\n<li>\n<p data-path-to-node=\"16,3,0\"><b>Styl:<\/b> Minimalistyczny, sportowy, techniczny.<\/p>\n<\/li>\n<\/ul>","protected":false},"excerpt":{"rendered":"<ul>\n<li>\n<p data-path-to-node=\"10,0,0\"><b>Inteligentne zapi\u0119cie magnetyczne:<\/b> Posiada elegancki, metalowy lub plastikowy magnetyczny \u0142\u0105cznik, kt\u00f3ry mo\u017cna b\u0142yskawicznie po\u0142\u0105czy\u0107, co u\u0142atwia noszenie.<\/p>\n<\/li>\n<li>\n<p data-path-to-node=\"10,1,0\"><b>Elastyczny komfort:<\/b> Wykonany z mi\u0119kkiego, elastycznego, okr\u0105g\u0142ego sznurka, kt\u00f3ry jest lekki i wygodny podczas noszenia na szyi przez ca\u0142y dzie\u0144.<\/p>\n<\/li>\n<li>\n<p data-path-to-node=\"10,2,0\"><b>Branding przycisk\u00f3w:<\/b> Twoje logo zostanie nadrukowane na personalizowanym plastikowym przycisku suwakowym, dzi\u0119ki czemu przew\u00f3d b\u0119dzie mia\u0142 czysty i minimalistyczny wygl\u0105d.<\/p>\n<\/li>\n<li>\n<p data-path-to-node=\"10,3,0\"><b>Funkcja bezpiecze\u0144stwa:<\/b> Magnetyczne zapi\u0119cie pe\u0142ni r\u00f3wnie\u017c funkcj\u0119 awaryjnego roz\u0142\u0105czania, zwalniaj\u0105c si\u0119 pod wp\u0142ywem napi\u0119cia, zapobiegaj\u0105c ryzyku ud\u0142awienia.<\/p>\n<\/li>\n<\/ul>","protected":false},"featured_media":5870,"comment_status":"closed","ping_status":"closed","template":"","meta":[],"product_brand":[],"product_cat":[125,108,124],"product_tag":[],"class_list":{"0":"post-5730","1":"product","2":"type-product","3":"status-publish","4":"has-post-thumbnail","6":"product_cat-cord-lanyards","7":"product_cat-multifunctional-lanyards","8":"product_cat-id-solutions","10":"first","11":"instock","12":"shipping-taxable","13":"product-type-simple"},"_links":{"self":[{"href":"https:\/\/displayproducts.eu\/pl\/wp-json\/wp\/v2\/product\/5730","targetHints":{"allow":["GET"]}}],"collection":[{"href":"https:\/\/displayproducts.eu\/pl\/wp-json\/wp\/v2\/product"}],"about":[{"href":"https:\/\/displayproducts.eu\/pl\/wp-json\/wp\/v2\/types\/product"}],"replies":[{"embeddable":true,"href":"https:\/\/displayproducts.eu\/pl\/wp-json\/wp\/v2\/comments?post=5730"}],"wp:featuredmedia":[{"embeddable":true,"href":"https:\/\/displayproducts.eu\/pl\/wp-json\/wp\/v2\/media\/5870"}],"wp:attachment":[{"href":"https:\/\/displayproducts.eu\/pl\/wp-json\/wp\/v2\/media?parent=5730"}],"wp:term":[{"taxonomy":"product_brand","embeddable":true,"href":"https:\/\/displayproducts.eu\/pl\/wp-json\/wp\/v2\/product_brand?post=5730"},{"taxonomy":"product_cat","embeddable":true,"href":"https:\/\/displayproducts.eu\/pl\/wp-json\/wp\/v2\/product_cat?post=5730"},{"taxonomy":"product_tag","embeddable":true,"href":"https:\/\/displayproducts.eu\/pl\/wp-json\/wp\/v2\/product_tag?post=5730"}],"curies":[{"name":"wp","href":"https:\/\/api.w.org\/{rel}","templated":true}]}}