{"id":5721,"date":"2025-12-10T13:35:38","date_gmt":"2025-12-10T10:35:38","guid":{"rendered":"https:\/\/wristbandfactory.eu\/?post_type=product&#038;p=5721"},"modified":"2026-04-01T21:52:35","modified_gmt":"2026-04-01T18:52:35","slug":"custom-luggage-straps-printed-suitcase-belts-locks","status":"publish","type":"product","link":"https:\/\/displayproducts.eu\/pl\/p\/custom-luggage-straps-printed-suitcase-belts-locks\/","title":{"rendered":"Pasy do walizki z nadrukiem \u2013 Z zamkiem szyfrowym"},"content":{"rendered":"<p data-path-to-node=\"12\">Zapewnij swojej marce globalny zasi\u0119g dzi\u0119ki naszemu <b>Z w\u0142asnym nadrukiem paski do baga\u017cu<\/b>. Niezb\u0119dny element wyposa\u017cenia dla os\u00f3b cz\u0119sto podr\u00f3\u017cuj\u0105cych samolotem. Te wytrzyma\u0142e paski owijaj\u0105 walizki, zapobiegaj\u0105c ich przypadkowemu otwarciu, a jednocze\u015bnie stanowi\u0105 du\u017c\u0105 powierzchni\u0119 do znakowania, spotykan\u0105 na lotniskach na ca\u0142ym \u015bwiecie.<\/p>\n<p data-path-to-node=\"13\"><b>Wszechstronne opcje klamry:<\/b><\/p>\n<ol start=\"1\" data-path-to-node=\"14\">\n<li>\n<p data-path-to-node=\"14,0,0\"><b>Klamra standardowa:<\/b> Szybko zwalniana plastikowa klamra zapewniaj\u0105ca podstawowe bezpiecze\u0144stwo i identyfikacj\u0119.<\/p>\n<\/li>\n<li>\n<p data-path-to-node=\"14,1,0\"><b>Zamek szyfrowy:<\/b> Dodaje warstw\u0119 ochrony przed kradzie\u017c\u0105 z 3-cyfrowym resetowalnym kodem.<\/p>\n<\/li>\n<li>\n<p data-path-to-node=\"14,2,0\"><b>Waga cyfrowa:<\/b> Wbudowany uchwyt wagi LCD pozwala u\u017cytkownikom zwa\u017cy\u0107 torb\u0119 poprzez jej podniesienie \u2014 to doskona\u0142y prezent dla biur podr\u00f3\u017cy.<\/p>\n<\/li>\n<\/ol>\n<p data-path-to-node=\"15\"><b>Techniki brandingu:<\/b><\/p>\n<ul data-path-to-node=\"16\">\n<li>\n<p data-path-to-node=\"16,0,0\"><b>Tkane (\u017cakardowe):<\/b> Logo jest wszyte w struktur\u0119 materia\u0142u, co zapewnia trwa\u0142e, wysokiej jako\u015bci wyko\u0144czenie (np. Airbus).<\/p>\n<\/li>\n<li>\n<p data-path-to-node=\"16,1,0\"><b>Sublimacja:<\/b> G\u0142adki, pe\u0142nokolorowy druk skomplikowanych logotyp\u00f3w i gradient\u00f3w (np. Indah Tour).<\/p>\n<\/li>\n<\/ul>\n<p data-path-to-node=\"17\"><b>Zalecane przypadki u\u017cycia:<\/b><\/p>\n<ul data-path-to-node=\"18\">\n<li>\n<p data-path-to-node=\"18,0,0\"><b>Biura podr\u00f3\u017cy i linie lotnicze:<\/b> Wysokiej jako\u015bci towary dla sta\u0142ych klient\u00f3w.<\/p>\n<\/li>\n<li>\n<p data-path-to-node=\"18,1,0\"><b>Prezenty firmowe:<\/b> Praktyczny gad\u017cet dla mi\u0119dzynarodowych partner\u00f3w biznesowych.<\/p>\n<\/li>\n<li>\n<p data-path-to-node=\"18,2,0\"><b>Grupy turystyczne:<\/b> \u0141atwa identyfikacja baga\u017cu cz\u0142onk\u00f3w grupy w hotelach i na lotniskach.<\/p>\n<\/li>\n<\/ul>\n<p data-path-to-node=\"19\"><b>G\u0142\u00f3wne cechy:<\/b><\/p>\n<ul data-path-to-node=\"20\">\n<li>\n<p data-path-to-node=\"20,0,0\"><b>Rozmiar:<\/b> Regulowana d\u0142ugo\u015b\u0107 (pasuje do du\u017cych walizek), typowa szeroko\u015b\u0107 50 mm.<\/p>\n<\/li>\n<li>\n<p data-path-to-node=\"20,1,0\"><b>Tworzywo:<\/b> Wytrzyma\u0142y nylon lub poliester.<\/p>\n<\/li>\n<li>\n<p data-path-to-node=\"20,2,0\"><b>Dodatki:<\/b> Dost\u0119pny slot na kart\u0119 identyfikacyjn\u0105.<\/p>\n<\/li>\n<li>\n<p data-path-to-node=\"20,3,0\"><b>Opakowanie:<\/b> Dost\u0119pne w opakowaniach detalicznych: pude\u0142kowych lub w torebkach foliowych.<\/p>\n<\/li>\n<\/ul>","protected":false},"excerpt":{"rendered":"<ul>\n<li>\n<p data-path-to-node=\"10,0,0\"><b>Bezpiecze\u0144stwo podr\u00f3\u017cy:<\/b> Dost\u0119pne ze standardowymi klamrami, 3-cyfrowymi zamkami szyfrowymi, a nawet wbudowan\u0105 wag\u0105 cyfrow\u0105, kt\u00f3ra zapobiega op\u0142atom za nadbaga\u017c.<\/p>\n<\/li>\n<li>\n<p data-path-to-node=\"10,1,0\"><b>Wysoka widoczno\u015b\u0107:<\/b> Jasne, szerokie paski pozwalaj\u0105 na natychmiastow\u0105 identyfikacj\u0119 baga\u017cu na ta\u015bmie baga\u017cowej na lotnisku, co zmniejsza ryzyko jego zgubienia.<\/p>\n<\/li>\n<li>\n<p data-path-to-node=\"10,2,0\"><b>Branding premium:<\/b> Wybierz tekst \u201cJacquard Woven\u201d (np. Airbus) zapewniaj\u0105cy trwa\u0142o\u015b\u0107 lub \u201cSublimation\u201d w przypadku grafiki w pe\u0142nym kolorze (np. Indah Tour).<\/p>\n<\/li>\n<li>\n<p data-path-to-node=\"10,3,0\"><b>Ci\u0119\u017cki:<\/b> Wykonane z wyj\u0105tkowo wytrzyma\u0142ej ta\u015bmy nylonowej lub poliestrowej, zaprojektowanej tak, aby bezpiecznie zamkn\u0105\u0107 nawet najbardziej wypchane walizki.<\/p>\n<\/li>\n<\/ul>","protected":false},"featured_media":5726,"comment_status":"closed","ping_status":"closed","template":"","meta":[],"product_brand":[],"product_cat":[127],"product_tag":[],"class_list":{"0":"post-5721","1":"product","2":"type-product","3":"status-publish","4":"has-post-thumbnail","6":"product_cat-custom-straps-belts","8":"first","9":"instock","10":"shipping-taxable","11":"product-type-simple"},"_links":{"self":[{"href":"https:\/\/displayproducts.eu\/pl\/wp-json\/wp\/v2\/product\/5721","targetHints":{"allow":["GET"]}}],"collection":[{"href":"https:\/\/displayproducts.eu\/pl\/wp-json\/wp\/v2\/product"}],"about":[{"href":"https:\/\/displayproducts.eu\/pl\/wp-json\/wp\/v2\/types\/product"}],"replies":[{"embeddable":true,"href":"https:\/\/displayproducts.eu\/pl\/wp-json\/wp\/v2\/comments?post=5721"}],"wp:featuredmedia":[{"embeddable":true,"href":"https:\/\/displayproducts.eu\/pl\/wp-json\/wp\/v2\/media\/5726"}],"wp:attachment":[{"href":"https:\/\/displayproducts.eu\/pl\/wp-json\/wp\/v2\/media?parent=5721"}],"wp:term":[{"taxonomy":"product_brand","embeddable":true,"href":"https:\/\/displayproducts.eu\/pl\/wp-json\/wp\/v2\/product_brand?post=5721"},{"taxonomy":"product_cat","embeddable":true,"href":"https:\/\/displayproducts.eu\/pl\/wp-json\/wp\/v2\/product_cat?post=5721"},{"taxonomy":"product_tag","embeddable":true,"href":"https:\/\/displayproducts.eu\/pl\/wp-json\/wp\/v2\/product_tag?post=5721"}],"curies":[{"name":"wp","href":"https:\/\/api.w.org\/{rel}","templated":true}]}}