{"id":5714,"date":"2025-12-10T13:27:04","date_gmt":"2025-12-10T10:27:04","guid":{"rendered":"https:\/\/wristbandfactory.eu\/?post_type=product&#038;p=5714"},"modified":"2026-04-01T21:52:35","modified_gmt":"2026-04-01T18:52:35","slug":"custom-led-lanyards-flashing-light-up-straps","status":"publish","type":"product","link":"https:\/\/displayproducts.eu\/pl\/p\/custom-led-lanyards-flashing-light-up-straps\/","title":{"rendered":"Smycze LED \u015bwiec\u0105ce \u2013 Migaj\u0105ce"},"content":{"rendered":"<p data-path-to-node=\"12\">Zelektryzuj obecno\u015b\u0107 swojej marki dzi\u0119ki naszym <b>Spersonalizowane smycze LED<\/b>. To nie tylko funkcjonalne etui na identyfikatory; to przyci\u0105gaj\u0105ce uwag\u0119 akcesoria, zaprojektowane tak, aby zapewnia\u0107 widoczno\u015b\u0107 i rozrywk\u0119 tak\u017ce w nocy.<\/p>\n<p data-path-to-node=\"13\"><b>Branding wydarze\u0144 high-tech<\/b> Dzi\u0119ki zaawansowanej technologii LED i \u015bwiat\u0142owostrona g\u0142\u00f3wna (lub wbudowanym paskom), te smycze emituj\u0105 jasn\u0105, neonow\u0105 po\u015bwiat\u0119. Wbudowany kontroler pozwala u\u017cytkownikowi prze\u0142\u0105cza\u0107 si\u0119 mi\u0119dzy trybami migania i \u015bwiat\u0142a sta\u0142ego, tworz\u0105c dynamiczn\u0105 atmosfer\u0119 na koncertach, festiwalach i imprezach z okazji premiery.<\/p>\n<p data-path-to-node=\"14\"><b>Bezpiecze\u0144stwo i widoczno\u015b\u0107<\/b> Opr\u00f3cz imprez, smycze LED stanowi\u0105 doskona\u0142e narz\u0119dzie bezpiecze\u0144stwa dla personelu nocnego, ochrony i biegaczy maraton\u00f3w wieczornych, zapewniaj\u0105c im widoczno\u015b\u0107 z daleka.<\/p>\n<p data-path-to-node=\"15\"><b>Opcje personalizacji:<\/b><\/p>\n<ul data-path-to-node=\"16\">\n<li>\n<p data-path-to-node=\"16,0,0\"><b>Styl ta\u015bmy nylonowej:<\/b> Tradycyjna p\u0142aska smycz z paskiem LED w \u015brodku. Mo\u017cliwo\u015b\u0107 nadruku na tkaninie.<\/p>\n<\/li>\n<li>\n<p data-path-to-node=\"16,1,0\"><b>Styl tuby optycznej:<\/b> Futurystyczna, przezroczysta tuba, kt\u00f3ra intensywnie \u015bwieci. Logo marki zazwyczaj znajduje si\u0119 na akumulatorze.<\/p>\n<\/li>\n<\/ul>\n<p data-path-to-node=\"17\"><b>G\u0142\u00f3wne cechy:<\/b><\/p>\n<ul data-path-to-node=\"18\">\n<li>\n<p data-path-to-node=\"18,0,0\"><b>Moc:<\/b> Wymienne baterie guzikowe (w zestawie).<\/p>\n<\/li>\n<li>\n<p data-path-to-node=\"18,1,0\"><b>Tryby:<\/b> Szybkie miganie \/ Wolne miganie \/ Sta\u0142e \u015bwiat\u0142o \/ Wy\u0142\u0105czenie.<\/p>\n<\/li>\n<li>\n<p data-path-to-node=\"18,2,0\"><b>Zabarwienie:<\/b> Czerwony, niebieski, zielony, \u017c\u00f3\u0142ty, bia\u0142y, r\u00f3\u017cowy, wielokolorowy.<\/p>\n<\/li>\n<li>\n<p data-path-to-node=\"18,3,0\"><b>Sprz\u0119t komputerowy:<\/b> Plastikowa puszka rozdzielcza + metalowy hak.<\/p>\n<\/li>\n<\/ul>","protected":false},"excerpt":{"rendered":"<ul>\n<li>\n<p data-path-to-node=\"10,0,0\"><b>O\u015bwietlenie aktywne:<\/b> Zasilane bateriami i diodami LED, zapewniaj\u0105 dobr\u0105 widoczno\u015b\u0107 w ca\u0142kowitej ciemno\u015bci (w przeciwie\u0144stwie do pasywnego atramentu \u015bwiec\u0105cego w ciemno\u015bci).<\/p>\n<\/li>\n<li>\n<p data-path-to-node=\"10,1,0\"><b>Wiele tryb\u00f3w:<\/b> Posiada prze\u0142\u0105cznik steruj\u0105cy umo\u017cliwiaj\u0105cy prze\u0142\u0105czanie mi\u0119dzy trybami szybkiego migania, wolnego migania i ci\u0105g\u0142ego \u015bwiecenia.<\/p>\n<\/li>\n<li>\n<p data-path-to-node=\"10,2,0\"><b>Przewodnik po \u015bwiat\u0142owodach:<\/b> Wykorzystuje przezroczysty rdze\u0144 optyczny lub wewn\u0119trzne przewody, aby r\u00f3wnomiernie rozprowadza\u0107 \u015bwiat\u0142o na ca\u0142ej d\u0142ugo\u015bci smyczy.<\/p>\n<\/li>\n<li>\n<p data-path-to-node=\"10,3,0\"><b>Obszary marki:<\/b> Aby zapewni\u0107 maksymaln\u0105 widoczno\u015b\u0107, logo mo\u017cna nadrukowa\u0107 na pasku nylonowym lub plastikowej obudowie baterii.<\/p>\n<\/li>\n<\/ul>","protected":false},"featured_media":5884,"comment_status":"closed","ping_status":"closed","template":"","meta":[],"product_brand":[],"product_cat":[108,76,123],"product_tag":[],"class_list":{"0":"post-5714","1":"product","2":"type-product","3":"status-publish","4":"has-post-thumbnail","6":"product_cat-multifunctional-lanyards","7":"product_cat-glow-led-products","8":"product_cat-fan-cheering-items","10":"first","11":"instock","12":"shipping-taxable","13":"product-type-simple"},"_links":{"self":[{"href":"https:\/\/displayproducts.eu\/pl\/wp-json\/wp\/v2\/product\/5714","targetHints":{"allow":["GET"]}}],"collection":[{"href":"https:\/\/displayproducts.eu\/pl\/wp-json\/wp\/v2\/product"}],"about":[{"href":"https:\/\/displayproducts.eu\/pl\/wp-json\/wp\/v2\/types\/product"}],"replies":[{"embeddable":true,"href":"https:\/\/displayproducts.eu\/pl\/wp-json\/wp\/v2\/comments?post=5714"}],"wp:featuredmedia":[{"embeddable":true,"href":"https:\/\/displayproducts.eu\/pl\/wp-json\/wp\/v2\/media\/5884"}],"wp:attachment":[{"href":"https:\/\/displayproducts.eu\/pl\/wp-json\/wp\/v2\/media?parent=5714"}],"wp:term":[{"taxonomy":"product_brand","embeddable":true,"href":"https:\/\/displayproducts.eu\/pl\/wp-json\/wp\/v2\/product_brand?post=5714"},{"taxonomy":"product_cat","embeddable":true,"href":"https:\/\/displayproducts.eu\/pl\/wp-json\/wp\/v2\/product_cat?post=5714"},{"taxonomy":"product_tag","embeddable":true,"href":"https:\/\/displayproducts.eu\/pl\/wp-json\/wp\/v2\/product_tag?post=5714"}],"curies":[{"name":"wp","href":"https:\/\/api.w.org\/{rel}","templated":true}]}}