{"id":5707,"date":"2025-12-10T13:20:55","date_gmt":"2025-12-10T10:20:55","guid":{"rendered":"https:\/\/wristbandfactory.eu\/?post_type=product&#038;p=5707"},"modified":"2026-04-01T21:52:35","modified_gmt":"2026-04-01T18:52:35","slug":"custom-holographic-laser-print-lanyards-iridescent-logo","status":"publish","type":"product","link":"https:\/\/displayproducts.eu\/pl\/p\/custom-holographic-laser-print-lanyards-iridescent-logo\/","title":{"rendered":"Smycze holograficzne \u2013 Nadruk laserowy"},"content":{"rendered":"<p data-path-to-node=\"12\">Zr\u00f3b ol\u015bniewaj\u0105ce wra\u017cenie dzi\u0119ki naszemu <b>Spersonalizowane holograficzne smycze z nadrukiem laserowym<\/b>. Ta najwy\u017cszej jako\u015bci technika brandingu polega na wykorzystaniu specjalistycznego procesu t\u0142oczenia na gor\u0105co, w wyniku kt\u00f3rego powstaje metaliczna folia, kt\u00f3ra nie jest po prostu srebrna \u2014 jest te\u017c opalizuj\u0105ca.<\/p>\n<p data-path-to-node=\"13\"><b>Efekt \u201cLasera\u201d<\/b> Jak wida\u0107 na przyk\u0142adach (np. \u201cSalt &amp; Stone\u201d, \u201cStarbucks\u201d), tekst zachowuje si\u0119 jak pryzmat. W s\u0142abym \u015bwietle wydaje si\u0119 metalicznie srebrny; pod wp\u0142ywem \u015bwiat\u0142a bezpo\u015bredniego lub z lamp\u0105 b\u0142yskow\u0105 eksploduje \u017cywymi, t\u0119czowymi gradientami. Ten efekt \u201cprzesuni\u0119cia kolor\u00f3w\u201d sprawia, \u017ce jest to niezwykle fotogeniczny wyb\u00f3r na wydarzenia o du\u017cym nat\u0119\u017ceniu ruchu w mediach spo\u0142eczno\u015bciowych.<\/p>\n<p data-path-to-node=\"14\"><b>Najlepiej na czarno<\/b> Aby uzyska\u0107 maksymalny efekt \u201cpop\u201d, zalecamy drukowanie na <b>pasek w kolorze czarnym lub ciemnogranatowym z satynowym wyko\u0144czeniem<\/b>. G\u0142adka faktura materia\u0142u sprawia, \u017ce folia idealnie przylega i \u015bwieci bez \u017cadnych zak\u0142\u00f3ce\u0144.<\/p>\n<p data-path-to-node=\"15\"><b>Zalecane przypadki u\u017cycia:<\/b><\/p>\n<ul data-path-to-node=\"16\">\n<li>\n<p data-path-to-node=\"16,0,0\"><b>VIP i za kulisami:<\/b> Wyr\u00f3\u017cnij wyj\u0105tkowych go\u015bci za pomoc\u0105 smyczy, kt\u00f3ra wygl\u0105da jak bi\u017cuteria.<\/p>\n<\/li>\n<li>\n<p data-path-to-node=\"16,1,0\"><b>\u017bycie nocne i koncerty:<\/b> Dynamicznie odbija \u015bwiat\u0142a sceniczne.<\/p>\n<\/li>\n<li>\n<p data-path-to-node=\"16,2,0\"><b>Premiery technologiczne:<\/b> Idealnie pasuje do nowoczesnych, futurystycznych identyfikacji marki.<\/p>\n<\/li>\n<\/ul>\n<p data-path-to-node=\"17\"><b>G\u0142\u00f3wne cechy:<\/b><\/p>\n<ul data-path-to-node=\"18\">\n<li>\n<p data-path-to-node=\"18,0,0\"><b>Technologia druku:<\/b> Holograficzne\/laserowe t\u0142oczenie foli\u0105.<\/p>\n<\/li>\n<li>\n<p data-path-to-node=\"18,1,0\"><b>Tworzywo:<\/b> G\u0142adki satynowy poliester (w dotyku przypominaj\u0105cy nylon).<\/p>\n<\/li>\n<li>\n<p data-path-to-node=\"18,2,0\"><b>Efekt:<\/b> Metaliczne odbicie t\u0119czy.<\/p>\n<\/li>\n<li>\n<p data-path-to-node=\"18,3,0\"><b>Za\u0142\u0105czniki:<\/b> Zalecane s\u0105 metalowe haki najwy\u017cszej jako\u015bci lub akcesoria w kolorze czarnego matu.<\/p>\n<\/li>\n<\/ul>","protected":false},"excerpt":{"rendered":"<ul>\n<li>\n<p data-path-to-node=\"10,0,0\"><b>Efekt holograficzny:<\/b> Logo jest drukowane przy u\u017cyciu specjalnej folii laserowej, kt\u00f3ra pod wp\u0142ywem \u015bwiat\u0142a odbija ca\u0142\u0105 gam\u0119 t\u0119czowych kolor\u00f3w.<\/p>\n<\/li>\n<li>\n<p data-path-to-node=\"10,1,0\"><b>Wyko\u0144czenie premium:<\/b> Wydrukowano na wysokiej jako\u015bci, g\u0142adkim poliestrze o satynowej fakturze (zazwyczaj czarnym), aby zmaksymalizowa\u0107 kontrast b\u0142yszcz\u0105cego tekstu.<\/p>\n<\/li>\n<li>\n<p data-path-to-node=\"10,2,0\"><b>Dynamiczna widoczno\u015b\u0107:<\/b> W przeciwie\u0144stwie do statycznego, p\u0142askiego tuszu, wygl\u0105d logo zmienia si\u0119 w zale\u017cno\u015bci od k\u0105ta patrzenia, natychmiast przyci\u0105gaj\u0105c wzrok.<\/p>\n<\/li>\n<li>\n<p data-path-to-node=\"10,3,0\"><b>Luksusowe doznania:<\/b> Idealne do przepustek VIP, gal i ekskluzywnych branding\u00f3w korporacyjnych, gdzie standardowe smycze wydaj\u0105 si\u0119 zbyt tanie.<\/p>\n<\/li>\n<\/ul>","protected":false},"featured_media":5887,"comment_status":"closed","ping_status":"closed","template":"","meta":[],"product_brand":[],"product_cat":[104],"product_tag":[],"class_list":{"0":"post-5707","1":"product","2":"type-product","3":"status-publish","4":"has-post-thumbnail","6":"product_cat-custom-printed-lanyards","8":"first","9":"instock","10":"shipping-taxable","11":"product-type-simple"},"_links":{"self":[{"href":"https:\/\/displayproducts.eu\/pl\/wp-json\/wp\/v2\/product\/5707","targetHints":{"allow":["GET"]}}],"collection":[{"href":"https:\/\/displayproducts.eu\/pl\/wp-json\/wp\/v2\/product"}],"about":[{"href":"https:\/\/displayproducts.eu\/pl\/wp-json\/wp\/v2\/types\/product"}],"replies":[{"embeddable":true,"href":"https:\/\/displayproducts.eu\/pl\/wp-json\/wp\/v2\/comments?post=5707"}],"wp:featuredmedia":[{"embeddable":true,"href":"https:\/\/displayproducts.eu\/pl\/wp-json\/wp\/v2\/media\/5887"}],"wp:attachment":[{"href":"https:\/\/displayproducts.eu\/pl\/wp-json\/wp\/v2\/media?parent=5707"}],"wp:term":[{"taxonomy":"product_brand","embeddable":true,"href":"https:\/\/displayproducts.eu\/pl\/wp-json\/wp\/v2\/product_brand?post=5707"},{"taxonomy":"product_cat","embeddable":true,"href":"https:\/\/displayproducts.eu\/pl\/wp-json\/wp\/v2\/product_cat?post=5707"},{"taxonomy":"product_tag","embeddable":true,"href":"https:\/\/displayproducts.eu\/pl\/wp-json\/wp\/v2\/product_tag?post=5707"}],"curies":[{"name":"wp","href":"https:\/\/api.w.org\/{rel}","templated":true}]}}