{"id":5704,"date":"2025-12-10T13:16:26","date_gmt":"2025-12-10T10:16:26","guid":{"rendered":"https:\/\/wristbandfactory.eu\/?post_type=product&#038;p=5704"},"modified":"2026-04-01T21:52:03","modified_gmt":"2026-04-01T18:52:03","slug":"custom-faux-fur-backed-lanyards-ultra-soft-lining","status":"publish","type":"product","link":"https:\/\/displayproducts.eu\/pl\/p\/custom-faux-fur-backed-lanyards-ultra-soft-lining\/","title":{"rendered":"Smycze z mi\u0119kkim podszyciem futrzanym"},"content":{"rendered":"<p data-path-to-node=\"11\">Poznaj najdelikatniejsz\u0105 smycz na rynku dzi\u0119ki naszej <b>Smycze z podszewk\u0105 ze sztucznego futra<\/b>. Zaprojektowany dla marek, kt\u00f3re chc\u0105 oferowa\u0107 co\u015b naprawd\u0119 wyj\u0105tkowego i przyjemnego w dotyku, produkt ten \u0142\u0105czy w sobie wytrzyma\u0142o\u015b\u0107 i u\u017cyteczno\u015b\u0107 z luksusowym komfortem.<\/p>\n<p data-path-to-node=\"12\"><b>Zaprojektowane dla zimna i komfortu<\/b> W przeciwie\u0144stwie do standardowych cienkich wst\u0105\u017cek, ta smycz ma grub\u0105 warstw\u0119 <b>bia\u0142e sztuczne futro<\/b> Przyszyte bezpo\u015brednio do tylnej cz\u0119\u015bci paska. To nie tylko niezwykle mi\u0119kkie w dotyku, ale tak\u017ce zapewniaj\u0105ce warstw\u0119 ciep\u0142a, co czyni je idealnym wyborem dla #1. <b>wydarzenia zwi\u0105zane ze sportami zimowymi, karnety narciarskie i plenerowe premiery motoryzacyjne<\/b>.<\/p>\n<p data-path-to-node=\"13\"><b>Branding o du\u017cym wp\u0142ywie<\/b> Jak wida\u0107 na przyk\u0142adzie \u201cSkody Yeti\u201d, kontrast mi\u0119dzy techniczn\u0105 poliestrow\u0105 pow\u0142ok\u0105 zewn\u0119trzn\u0105 a puszyst\u0105 podszewk\u0105 tworzy efektowny wygl\u0105d. To sygna\u0142, \u017ce Twoja marka dba o detale i dobre samopoczucie u\u017cytkownik\u00f3w.<\/p>\n<p data-path-to-node=\"14\"><b>Zalecane przypadki u\u017cycia:<\/b><\/p>\n<ul data-path-to-node=\"15\">\n<li>\n<p data-path-to-node=\"15,0,0\"><b>O\u015brodki narciarskie i sporty zimowe:<\/b> Ekskluzywne karnety dla posiadaczy karnet\u00f3w okresowych.<\/p>\n<\/li>\n<li>\n<p data-path-to-node=\"15,1,0\"><b>Wydarzenia motoryzacyjne:<\/b> Doskonale nadaje si\u0119 do jazd pr\u00f3bnych w trudnych lub zimowych warunkach.<\/p>\n<\/li>\n<li>\n<p data-path-to-node=\"15,2,0\"><b>Dost\u0119p VIP:<\/b> Wygodna alternatywa dla go\u015bci nosz\u0105cych smycze przez d\u0142u\u017cszy czas.<\/p>\n<\/li>\n<\/ul>\n<p data-path-to-node=\"16\"><b>G\u0142\u00f3wne cechy:<\/b><\/p>\n<ul data-path-to-node=\"17\">\n<li>\n<p data-path-to-node=\"17,0,0\"><b>Podk\u0142ad:<\/b> Mi\u0119kkie sztuczne futro syntetyczne (bia\u0142e).<\/p>\n<\/li>\n<li>\n<p data-path-to-node=\"17,1,0\"><b>Zewn\u0119trzny:<\/b> Wysokiej jako\u015bci ta\u015bma poliestrowa.<\/p>\n<\/li>\n<li>\n<p data-path-to-node=\"17,2,0\"><b>Sprz\u0119t komputerowy:<\/b> Wytrzyma\u0142a plastikowa klamra i metalowy obrotowy hak.<\/p>\n<\/li>\n<li>\n<p data-path-to-node=\"17,3,0\"><b>Szeroko\u015b\u0107:<\/b> Szerszy profil (ok. 20-25 mm) dostosowany do futra.<\/p>\n<\/li>\n<\/ul>","protected":false},"excerpt":{"rendered":"<ul>\n<li>\n<p data-path-to-node=\"9,0,0\"><b>Konstrukcja dwuwarstwowa:<\/b> Posiada trwa\u0142\u0105 zewn\u0119trzn\u0105 warstw\u0119 z poliestru przeznaczon\u0105 do znakowania, przyszyt\u0105 do pluszowego, bia\u0142ego, sztucznego futerka.<\/p>\n<\/li>\n<li>\n<p data-path-to-node=\"9,1,0\"><b>Najwy\u017cszy komfort:<\/b> Mi\u0119kka podszewka z futra zapobiega podra\u017cnieniom szyi i zapewnia ciep\u0142o, dzi\u0119ki czemu kurtka idealnie nadaje si\u0119 do ca\u0142odziennego noszenia w zimnym klimacie.<\/p>\n<\/li>\n<li>\n<p data-path-to-node=\"9,2,0\"><b>Gotowy na zim\u0119:<\/b> Doskonale nadaje si\u0119 do promocji o\u015brodk\u00f3w narciarskich, zimowych kampanii motoryzacyjnych (np. Skoda Yeti) i festiwali na \u015bwie\u017cym powietrzu.<\/p>\n<\/li>\n<li>\n<p data-path-to-node=\"9,3,0\"><b>Pe\u0142na personalizacja:<\/b> Pasek poliestrowy pozwala na wyra\u017ane nadruki sitodrukowe lub sublimacyjne logotyp\u00f3w i wzor\u00f3w.<\/p>\n<\/li>\n<\/ul>","protected":false},"featured_media":5893,"comment_status":"closed","ping_status":"closed","template":"","meta":[],"product_brand":[],"product_cat":[104,108,118],"product_tag":[],"class_list":{"0":"post-5704","1":"product","2":"type-product","3":"status-publish","4":"has-post-thumbnail","6":"product_cat-custom-printed-lanyards","7":"product_cat-multifunctional-lanyards","8":"product_cat-sports-fitness","10":"first","11":"instock","12":"shipping-taxable","13":"product-type-simple"},"_links":{"self":[{"href":"https:\/\/displayproducts.eu\/pl\/wp-json\/wp\/v2\/product\/5704","targetHints":{"allow":["GET"]}}],"collection":[{"href":"https:\/\/displayproducts.eu\/pl\/wp-json\/wp\/v2\/product"}],"about":[{"href":"https:\/\/displayproducts.eu\/pl\/wp-json\/wp\/v2\/types\/product"}],"replies":[{"embeddable":true,"href":"https:\/\/displayproducts.eu\/pl\/wp-json\/wp\/v2\/comments?post=5704"}],"wp:featuredmedia":[{"embeddable":true,"href":"https:\/\/displayproducts.eu\/pl\/wp-json\/wp\/v2\/media\/5893"}],"wp:attachment":[{"href":"https:\/\/displayproducts.eu\/pl\/wp-json\/wp\/v2\/media?parent=5704"}],"wp:term":[{"taxonomy":"product_brand","embeddable":true,"href":"https:\/\/displayproducts.eu\/pl\/wp-json\/wp\/v2\/product_brand?post=5704"},{"taxonomy":"product_cat","embeddable":true,"href":"https:\/\/displayproducts.eu\/pl\/wp-json\/wp\/v2\/product_cat?post=5704"},{"taxonomy":"product_tag","embeddable":true,"href":"https:\/\/displayproducts.eu\/pl\/wp-json\/wp\/v2\/product_tag?post=5704"}],"curies":[{"name":"wp","href":"https:\/\/api.w.org\/{rel}","templated":true}]}}