{"id":5700,"date":"2025-12-10T13:06:29","date_gmt":"2025-12-10T10:06:29","guid":{"rendered":"https:\/\/wristbandfactory.eu\/?post_type=product&#038;p=5700"},"modified":"2026-04-01T21:52:03","modified_gmt":"2026-04-01T18:52:03","slug":"custom-baby-pacifier-clips-safe-dummy-holders","status":"publish","type":"product","link":"https:\/\/displayproducts.eu\/pl\/p\/custom-baby-pacifier-clips-safe-dummy-holders\/","title":{"rendered":"Zawieszki do smoczka z nadrukiem \u2013 Bezpieczne"},"content":{"rendered":"<p data-path-to-node=\"12\">Promuj swoj\u0105 mark\u0119 produkt\u00f3w dla niemowl\u0105t lub klinik\u0119 po\u0142o\u017cnicz\u0105 dzi\u0119ki naszym <b>Spersonalizowane klipsy do smoczk\u00f3w dla niemowl\u0105t<\/b>. Te praktyczne akcesoria s\u0105 niezb\u0119dne dla rodzic\u00f3w, poniewa\u017c zapewniaj\u0105, \u017ce smoczki pozostan\u0105 czyste i nie zgubi\u0105 si\u0119 na pod\u0142odze.<\/p>\n<p data-path-to-node=\"13\"><b>Bezpiecze\u0144stwo i jako\u015b\u0107 przede wszystkim<\/b> Zaprojektowane specjalnie dla niemowl\u0105t, te uchwyty zast\u0119puj\u0105 metalowe cz\u0119\u015bci <b>wysokiej jako\u015bci plastikowe klipsy<\/b>. Eliminuje to ryzyko rdzewienia (od \u015bliny lub prania) i powstawania ostrych kraw\u0119dzi. Pasek wykonany jest z mi\u0119kkiego, nietoksycznego poliestru, kt\u00f3ry jest trwa\u0142y, a jednocze\u015bnie delikatny.<\/p>\n<p data-path-to-node=\"14\"><b>Wszechstronny osprz\u0119t<\/b> Jak wida\u0107 na zdj\u0119ciu produktu, ka\u017cdy klips jest dostarczany z <b>adapter pier\u015bcienia silikonowego<\/b>. Dzi\u0119ki temu uchwyt pasuje do niemal ka\u017cdej marki smoczk\u00f3w dost\u0119pnych na rynku (w tym tych bez uchwyt\u00f3w).<\/p>\n<p data-path-to-node=\"15\"><b>Zalecane przypadki u\u017cycia:<\/b><\/p>\n<ul data-path-to-node=\"16\">\n<li>\n<p data-path-to-node=\"16,0,0\"><b>Oddzia\u0142y po\u0142o\u017cnicze:<\/b> Markowy prezent powitalny dla noworodk\u00f3w.<\/p>\n<\/li>\n<li>\n<p data-path-to-node=\"16,1,0\"><b>Sklepy z artyku\u0142ami dzieci\u0119cymi:<\/b> Towary detaliczne o wysokiej mar\u017cy, z uroczymi wzorami.<\/p>\n<\/li>\n<li>\n<p data-path-to-node=\"16,2,0\"><b>Przedszkola:<\/b> Spersonalizowane paski zapobiegaj\u0105ce pomy\u0142kom mi\u0119dzy dzie\u0107mi.<\/p>\n<\/li>\n<\/ul>\n<p data-path-to-node=\"17\"><b>G\u0142\u00f3wne cechy:<\/b><\/p>\n<ul data-path-to-node=\"18\">\n<li>\n<p data-path-to-node=\"18,0,0\"><b>Klips:<\/b> Zapi\u0119cie zabezpieczaj\u0105ce z tworzywa sztucznego (bia\u0142e).<\/p>\n<\/li>\n<li>\n<p data-path-to-node=\"18,1,0\"><b>Adapter:<\/b> W zestawie przezroczysty pier\u015bcie\u0144 silikonowy.<\/p>\n<\/li>\n<li>\n<p data-path-to-node=\"18,2,0\"><b>Wydrukowa\u0107:<\/b> Nadruk pe\u0142nokolorowy metod\u0105 sublimacji lub sitodruku.<\/p>\n<\/li>\n<li>\n<p data-path-to-node=\"18,3,0\"><b>Rozmiar:<\/b> Standardowa d\u0142ugo\u015b\u0107 bezpieczna (ok. 20-25 cm).<\/p>\n<\/li>\n<\/ul>","protected":false},"excerpt":{"rendered":"<ul data-path-to-node=\"10\">\n<li>\n<p data-path-to-node=\"10,0,0\"><b>Sprz\u0119t bezpieczny dla dziecka:<\/b> Posiada wytrzyma\u0142y, bia\u0142y, plastikowy klips krokodylkowy, kt\u00f3ry pewnie mocuje si\u0119 do ubrania, nie uszkadzaj\u0105c tkaniny ani nie rdzewiej\u0105c.<\/p>\n<\/li>\n<li>\n<p data-path-to-node=\"10,1,0\"><b>Uniwersalne dopasowanie:<\/b> W zestawie znajduje si\u0119 mi\u0119kki silikonowy adapter pier\u015bcieniowy (w stylu MAM) umo\u017cliwiaj\u0105cy dopasowanie do smoczk\u00f3w z guzikiem. P\u0119telk\u0119 mo\u017cna wykorzysta\u0107 do smoczk\u00f3w z r\u0105czk\u0105 pier\u015bcieniow\u0105.<\/p>\n<\/li>\n<li>\n<p data-path-to-node=\"10,2,0\"><b>Mi\u0119kki materia\u0142:<\/b> Wykonane z g\u0142adkiej satyny lub wst\u0105\u017cki poliestrowej, kt\u00f3ra jest delikatna dla sk\u00f3ry dziecka i \u0142atwa do czyszczenia.<\/p>\n<\/li>\n<li>\n<p data-path-to-node=\"10,3,0\"><b>Pe\u0142na personalizacja:<\/b> Doskonale nadaje si\u0119 do drukowania kolorowych wzor\u00f3w (kotwic, robot\u00f3w, kwiat\u00f3w) lub logo marek w ramach gad\u017cet\u00f3w promocyjnych.<\/p>\n<\/li>\n<\/ul>","protected":false},"featured_media":5701,"comment_status":"closed","ping_status":"closed","template":"","meta":[],"product_brand":[],"product_cat":[122],"product_tag":[],"class_list":{"0":"post-5700","1":"product","2":"type-product","3":"status-publish","4":"has-post-thumbnail","6":"product_cat-promotional-accessories","8":"first","9":"instock","10":"shipping-taxable","11":"product-type-simple"},"_links":{"self":[{"href":"https:\/\/displayproducts.eu\/pl\/wp-json\/wp\/v2\/product\/5700","targetHints":{"allow":["GET"]}}],"collection":[{"href":"https:\/\/displayproducts.eu\/pl\/wp-json\/wp\/v2\/product"}],"about":[{"href":"https:\/\/displayproducts.eu\/pl\/wp-json\/wp\/v2\/types\/product"}],"replies":[{"embeddable":true,"href":"https:\/\/displayproducts.eu\/pl\/wp-json\/wp\/v2\/comments?post=5700"}],"wp:featuredmedia":[{"embeddable":true,"href":"https:\/\/displayproducts.eu\/pl\/wp-json\/wp\/v2\/media\/5701"}],"wp:attachment":[{"href":"https:\/\/displayproducts.eu\/pl\/wp-json\/wp\/v2\/media?parent=5700"}],"wp:term":[{"taxonomy":"product_brand","embeddable":true,"href":"https:\/\/displayproducts.eu\/pl\/wp-json\/wp\/v2\/product_brand?post=5700"},{"taxonomy":"product_cat","embeddable":true,"href":"https:\/\/displayproducts.eu\/pl\/wp-json\/wp\/v2\/product_cat?post=5700"},{"taxonomy":"product_tag","embeddable":true,"href":"https:\/\/displayproducts.eu\/pl\/wp-json\/wp\/v2\/product_tag?post=5700"}],"curies":[{"name":"wp","href":"https:\/\/api.w.org\/{rel}","templated":true}]}}