{"id":5694,"date":"2025-12-10T13:02:37","date_gmt":"2025-12-10T10:02:37","guid":{"rendered":"https:\/\/wristbandfactory.eu\/?post_type=product&#038;p=5694"},"modified":"2026-04-01T21:52:35","modified_gmt":"2026-04-01T18:52:35","slug":"custom-tubular-lanyards-soft-shoelace-style","status":"publish","type":"product","link":"https:\/\/displayproducts.eu\/pl\/p\/custom-tubular-lanyards-soft-shoelace-style\/","title":{"rendered":"Smycze rurowe \u2013 Mi\u0119kkie (sznurowad\u0142owe)"},"content":{"rendered":"<p data-path-to-node=\"12\">Uzyskaj najlepsz\u0105 r\u00f3wnowag\u0119 mi\u0119dzy komfortem a warto\u015bci\u0105 dzi\u0119ki naszym <b>Smycze rurowe na zapytanie ofertowe<\/b>. Cz\u0119sto nazywane \u201csmyczkami do sznur\u00f3wek\u201d, s\u0105 wykonane z poliestru zszytego rurk\u0105, tworz\u0105c podw\u00f3jn\u0105 warstw\u0119 materia\u0142u, kt\u00f3ra jest pusta w \u015brodku.<\/p>\n<p data-path-to-node=\"13\"><b>Dlaczego warto wybra\u0107 Tubular?<\/b><\/p>\n<ol start=\"1\" data-path-to-node=\"14\">\n<li>\n<p data-path-to-node=\"14,0,0\"><b>Komfort:<\/b> Poniewa\u017c nie maj\u0105 zszytych kraw\u0119dzi, s\u0105 to najdelikatniejsze smycze dost\u0119pne na rynku, co czyni je idealnymi dla wolontariuszy i pracownik\u00f3w, kt\u00f3rzy nosz\u0105 je przez ponad 8 godzin.<\/p>\n<\/li>\n<li>\n<p data-path-to-node=\"14,1,0\"><b>Cena:<\/b> To nasza najbardziej ekonomiczna opcja smyczy, stanowi\u0105ca standard bran\u017cowy na du\u017cych targach, festiwalach i w szko\u0142ach.<\/p>\n<\/li>\n<\/ol>\n<p data-path-to-node=\"15\"><b>Drukowanie notatek<\/b> Rurowa powierzchnia zapewnia teksturowane t\u0142o. Polecamy <b>Sitodruk<\/b> do pogrubionego tekstu i prostych logotyp\u00f3w (1-2 kolory), aby zapewni\u0107 najczystsze rezultaty.<\/p>\n<p data-path-to-node=\"16\"><b>Zalecane przypadki u\u017cycia:<\/b><\/p>\n<ul data-path-to-node=\"17\">\n<li>\n<p data-path-to-node=\"17,0,0\"><b>Szko\u0142y i uniwersytety:<\/b> Trwa\u0142e i tanie etui na identyfikatory dla student\u00f3w.<\/p>\n<\/li>\n<li>\n<p data-path-to-node=\"17,1,0\"><b>Du\u017ce konferencje:<\/b> Ekonomiczne budowanie marki dla tysi\u0119cy uczestnik\u00f3w.<\/p>\n<\/li>\n<li>\n<p data-path-to-node=\"17,2,0\"><b>Wydarzenia sportowe:<\/b> Sportowy, \u201csznurowad\u0142owy\u201d wygl\u0105d idealnie wpisuje si\u0119 w tematyk\u0119 sportow\u0105.<\/p>\n<\/li>\n<\/ul>\n<p data-path-to-node=\"18\"><b>G\u0142\u00f3wne cechy:<\/b><\/p>\n<ul data-path-to-node=\"19\">\n<li>\n<p data-path-to-node=\"19,0,0\"><b>Tworzywo:<\/b> Tkanina poliestrowa rurowa.<\/p>\n<\/li>\n<li>\n<p data-path-to-node=\"19,1,0\"><b>Szeroko\u015b\u0107:<\/b> Standardowe 10 mm, 12 mm lub 15 mm (szeroko\u015bci s\u0105 przybli\u017cone ze wzgl\u0119du na kszta\u0142t rurki).<\/p>\n<\/li>\n<li>\n<p data-path-to-node=\"19,2,0\"><b>Wydrukowa\u0107:<\/b> Branding sitodrukowy.<\/p>\n<\/li>\n<li>\n<p data-path-to-node=\"19,3,0\"><b>Za\u0142\u0105czniki:<\/b> Kompatybilny ze wszystkimi standardowymi hakami, klipsami i hamulcami bezpiecze\u0144stwa.<\/p>\n<\/li>\n<\/ul>","protected":false},"excerpt":{"rendered":"<ul>\n<li>\n<p data-path-to-node=\"10,0,0\"><b>Budowa rur:<\/b> Wykonane w formie pustej rurki (podobnej do sznurowad\u0142a), dzi\u0119ki czemu nie maj\u0105 ostrych kraw\u0119dzi i zapewniaj\u0105 maksymalny komfort.<\/p>\n<\/li>\n<li>\n<p data-path-to-node=\"10,1,0\"><b>Przyjazne dla bud\u017cetu:<\/b> zwykle jest to najbardziej ekonomiczne rozwi\u0105zanie w przypadku wydarze\u0144 na du\u017c\u0105 skal\u0119 i konieczno\u015bci zapewnienia odpowiedniego personelu.<\/p>\n<\/li>\n<li>\n<p data-path-to-node=\"10,2,0\"><b>Wydruk o wysokim kontra\u015bcie:<\/b> Doskonale nadaje si\u0119 do nadruku sitodrukowego z wyrazistym tekstem i logotypami, kt\u00f3re musz\u0105 wyr\u00f3\u017cnia\u0107 si\u0119 na kolorowym tle.<\/p>\n<\/li>\n<li>\n<p data-path-to-node=\"10,3,0\"><b>Mi\u0119kkie i elastyczne:<\/b> Lu\u017ano tkany poliester zapewnia lu\u017any i swobodny uk\u0142ad w por\u00f3wnaniu do sztywnych, p\u0142askich smyczy.<\/p>\n<\/li>\n<\/ul>","protected":false},"featured_media":5898,"comment_status":"closed","ping_status":"closed","template":"","meta":[],"product_brand":[],"product_cat":[104],"product_tag":[],"class_list":{"0":"post-5694","1":"product","2":"type-product","3":"status-publish","4":"has-post-thumbnail","6":"product_cat-custom-printed-lanyards","8":"first","9":"instock","10":"shipping-taxable","11":"product-type-simple"},"_links":{"self":[{"href":"https:\/\/displayproducts.eu\/pl\/wp-json\/wp\/v2\/product\/5694","targetHints":{"allow":["GET"]}}],"collection":[{"href":"https:\/\/displayproducts.eu\/pl\/wp-json\/wp\/v2\/product"}],"about":[{"href":"https:\/\/displayproducts.eu\/pl\/wp-json\/wp\/v2\/types\/product"}],"replies":[{"embeddable":true,"href":"https:\/\/displayproducts.eu\/pl\/wp-json\/wp\/v2\/comments?post=5694"}],"wp:featuredmedia":[{"embeddable":true,"href":"https:\/\/displayproducts.eu\/pl\/wp-json\/wp\/v2\/media\/5898"}],"wp:attachment":[{"href":"https:\/\/displayproducts.eu\/pl\/wp-json\/wp\/v2\/media?parent=5694"}],"wp:term":[{"taxonomy":"product_brand","embeddable":true,"href":"https:\/\/displayproducts.eu\/pl\/wp-json\/wp\/v2\/product_brand?post=5694"},{"taxonomy":"product_cat","embeddable":true,"href":"https:\/\/displayproducts.eu\/pl\/wp-json\/wp\/v2\/product_cat?post=5694"},{"taxonomy":"product_tag","embeddable":true,"href":"https:\/\/displayproducts.eu\/pl\/wp-json\/wp\/v2\/product_tag?post=5694"}],"curies":[{"name":"wp","href":"https:\/\/api.w.org\/{rel}","templated":true}]}}