{"id":5689,"date":"2025-12-10T12:53:36","date_gmt":"2025-12-10T09:53:36","guid":{"rendered":"https:\/\/wristbandfactory.eu\/?post_type=product&#038;p=5689"},"modified":"2026-04-01T21:52:35","modified_gmt":"2026-04-01T18:52:35","slug":"custom-jacquard-woven-lanyards-embroidered-logo","status":"publish","type":"product","link":"https:\/\/displayproducts.eu\/pl\/p\/custom-jacquard-woven-lanyards-embroidered-logo\/","title":{"rendered":"Spersonalizowane \u017cakardowe smycze tkane \u2013 haftowane logo"},"content":{"rendered":"<p data-path-to-node=\"11\">Ulepsz swoj\u0105 identyfikacj\u0119 korporacyjn\u0105 dzi\u0119ki naszym <b>Z w\u0142asnym nadrukiem \u017cakardowe tkane smycze<\/b>. Podczas gdy drukowane smycze \u015bwietnie sprawdzaj\u0105 si\u0119 podczas kr\u00f3tkich wydarze\u0144, smycze tkane s\u0105 wykonane tak, aby s\u0142u\u017cy\u0142y przez lata, co czyni je najlepszym wyborem do identyfikator\u00f3w pracowniczych i przepustek bezpiecze\u0144stwa.<\/p>\n<p data-path-to-node=\"12\"><b>R\u00f3\u017cnica Jacquard<\/b> Stosuj\u0105c tradycyjny proces tkania, wplatamy logo bezpo\u015brednio w tkanin\u0119 za pomoc\u0105 barwionych nici. W ten spos\u00f3b powstaje wz\u00f3r, kt\u00f3ry stanowi integraln\u0105 cz\u0119\u015b\u0107 materia\u0142u. Jak wida\u0107 na przyk\u0142adzie \u201cCrete Carrier\u201d, daje to profesjonalne wyko\u0144czenie, w kt\u00f3rym logo jest widoczne po obu stronach (z odwr\u00f3conymi kolorami z ty\u0142u).<\/p>\n<p data-path-to-node=\"13\"><b>Dlaczego warto wybra\u0107 Woven?<\/b><\/p>\n<ul data-path-to-node=\"14\">\n<li>\n<p data-path-to-node=\"14,0,0\"><b>Trwa\u0142o\u015b\u0107:<\/b> Konstrukcja jest trwa\u0142a, odporna na pranie i tarcie.<\/p>\n<\/li>\n<li>\n<p data-path-to-node=\"14,1,0\"><b>Presti\u017c:<\/b> Teksturowany, haftowany wygl\u0105d przekazuje wi\u0119ksz\u0105 warto\u015b\u0107 ni\u017c p\u0142aski nadruk.<\/p>\n<\/li>\n<\/ul>\n<p data-path-to-node=\"15\"><b>Zalecane przypadki u\u017cycia:<\/b><\/p>\n<ul data-path-to-node=\"16\">\n<li>\n<p data-path-to-node=\"16,0,0\"><b>Identyfikator pracownika:<\/b> Do codziennego noszenia w biurach i szpitalach.<\/p>\n<\/li>\n<li>\n<p data-path-to-node=\"16,1,0\"><b>Uniwersytety:<\/b> Trwa\u0142e legitymacje studenckie, wa\u017cne przez ca\u0142y rok akademicki.<\/p>\n<\/li>\n<li>\n<p data-path-to-node=\"16,2,0\"><b>Produkty premium:<\/b> Wysokiej jako\u015bci sprz\u0119t dla fan\u00f3w (np. Yas Marina Circuit).<\/p>\n<\/li>\n<\/ul>\n<p data-path-to-node=\"17\"><b>G\u0142\u00f3wne cechy:<\/b><\/p>\n<ul data-path-to-node=\"18\">\n<li>\n<p data-path-to-node=\"18,0,0\"><b>Tworzywo:<\/b> Bardzo wytrzyma\u0142y, tkany poliester.<\/p>\n<\/li>\n<li>\n<p data-path-to-node=\"18,1,0\"><b>Styl splotu:<\/b> \u017bakard (zalecane maksymalnie 2-3 kolory dla lepszej przejrzysto\u015bci).<\/p>\n<\/li>\n<li>\n<p data-path-to-node=\"18,2,0\"><b>Za\u0142\u0105czniki:<\/b> Metalowe haki obrotowe, k\u00f3\u0142ka rozdzielcze lub plastikowe klamry.<\/p>\n<\/li>\n<li>\n<p data-path-to-node=\"18,3,0\"><b>Szeroko\u015b\u0107:<\/b> Standardowe 15 mm, 20 mm lub 25 mm.<\/p>\n<\/li>\n<\/ul>","protected":false},"excerpt":{"rendered":"<ul>\n<li>\n<p data-path-to-node=\"9,0,0\"><b>Branding tkany:<\/b> Logo jest wszyte w struktur\u0119 ta\u015bmy, a nie nadrukowane na wierzchu, dzi\u0119ki czemu nie odkleja si\u0119 ani nie blaknie.<\/p>\n<\/li>\n<li>\n<p data-path-to-node=\"9,1,0\"><b>Tekstura premium:<\/b> Oferuje wysokiej jako\u015bci, haftowan\u0105 faktur\u0119, jest grubsza i trwalsza ni\u017c standardowe smycze poliestrowe.<\/p>\n<\/li>\n<li>\n<p data-path-to-node=\"9,2,0\"><b>Strona odwrotna:<\/b> Z ty\u0142u wz\u00f3r jest w odwr\u00f3conych kolorach, co potwierdza autentyczn\u0105, tkan\u0105 konstrukcj\u0119.<\/p>\n<\/li>\n<li>\n<p data-path-to-node=\"9,3,0\"><b>Ci\u0119\u017cki:<\/b> Idealne do d\u0142ugoterminowego u\u017cytkowania przez personel, ochron\u0119 lub student\u00f3w.<\/p>\n<\/li>\n<\/ul>","protected":false},"featured_media":5903,"comment_status":"closed","ping_status":"closed","template":"","meta":[],"product_brand":[],"product_cat":[104],"product_tag":[],"class_list":{"0":"post-5689","1":"product","2":"type-product","3":"status-publish","4":"has-post-thumbnail","6":"product_cat-custom-printed-lanyards","8":"first","9":"instock","10":"shipping-taxable","11":"product-type-simple"},"_links":{"self":[{"href":"https:\/\/displayproducts.eu\/pl\/wp-json\/wp\/v2\/product\/5689","targetHints":{"allow":["GET"]}}],"collection":[{"href":"https:\/\/displayproducts.eu\/pl\/wp-json\/wp\/v2\/product"}],"about":[{"href":"https:\/\/displayproducts.eu\/pl\/wp-json\/wp\/v2\/types\/product"}],"replies":[{"embeddable":true,"href":"https:\/\/displayproducts.eu\/pl\/wp-json\/wp\/v2\/comments?post=5689"}],"wp:featuredmedia":[{"embeddable":true,"href":"https:\/\/displayproducts.eu\/pl\/wp-json\/wp\/v2\/media\/5903"}],"wp:attachment":[{"href":"https:\/\/displayproducts.eu\/pl\/wp-json\/wp\/v2\/media?parent=5689"}],"wp:term":[{"taxonomy":"product_brand","embeddable":true,"href":"https:\/\/displayproducts.eu\/pl\/wp-json\/wp\/v2\/product_brand?post=5689"},{"taxonomy":"product_cat","embeddable":true,"href":"https:\/\/displayproducts.eu\/pl\/wp-json\/wp\/v2\/product_cat?post=5689"},{"taxonomy":"product_tag","embeddable":true,"href":"https:\/\/displayproducts.eu\/pl\/wp-json\/wp\/v2\/product_tag?post=5689"}],"curies":[{"name":"wp","href":"https:\/\/api.w.org\/{rel}","templated":true}]}}