{"id":5686,"date":"2025-12-10T12:49:01","date_gmt":"2025-12-10T09:49:01","guid":{"rendered":"https:\/\/wristbandfactory.eu\/?post_type=product&#038;p=5686"},"modified":"2026-04-01T21:52:35","modified_gmt":"2026-04-01T18:52:35","slug":"glow-in-the-dark-lanyards-night-event-branding","status":"publish","type":"product","link":"https:\/\/displayproducts.eu\/pl\/p\/glow-in-the-dark-lanyards-night-event-branding\/","title":{"rendered":"Smycze \u015bwiec\u0105ce w ciemno\u015bci \u2013 Fluorescencyjne"},"content":{"rendered":"<p data-path-to-node=\"12\">Roz\u015bwietl swoje nast\u0119pne wydarzenie dzi\u0119ki naszym <b>Spersonalizowane \u015bwiec\u0105ce w ciemno\u015bci smycze<\/b>. Dzi\u0119ki zastosowaniu zaawansowanej fosforyzuj\u0105cej farby sitodrukowej, smycze te oferuj\u0105 wyj\u0105tkowy element interaktywny, kt\u00f3rego nie s\u0105 w stanie zapewni\u0107 standardowe smycze z nadrukiem.<\/p>\n<p data-path-to-node=\"13\"><b>Jak to dzia\u0142a<\/b> Specjalistyczny tusz zawiera luminofory, kt\u00f3re poch\u0142aniaj\u0105 energi\u0119 z otaczaj\u0105cych \u017ar\u00f3de\u0142 \u015bwiat\u0142a (\u015bwiat\u0142a s\u0142onecznego lub sztucznego). W ciemno\u015bci ta zmagazynowana energia uwalnia si\u0119 w postaci delikatnej, zielonej po\u015bwiaty. To sprawia, \u017ce s\u0105 one niezwykle popularne. <b>wydarzenia nocne<\/b> gdzie widoczno\u015b\u0107 i atmosfera maj\u0105 kluczowe znaczenie.<\/p>\n<p data-path-to-node=\"14\"><b>Rozr\u00f3\u017cnianie<\/b> W przeciwie\u0144stwie do smyczy \u201cneonowych\u201d lub \u201cfluorescencyjnych\u201d, kt\u00f3re s\u0105 po prostu jasnymi kolorami, smycze te faktycznie wytwarzaj\u0105 w\u0142asne \u015bwiat\u0142o w ciemno\u015bci.<\/p>\n<p data-path-to-node=\"15\"><b>Zalecane przypadki u\u017cycia:<\/b><\/p>\n<ul data-path-to-node=\"16\">\n<li>\n<p data-path-to-node=\"16,0,0\"><b>\u017bycie nocne i kluby:<\/b> Karnety VIP, kt\u00f3re wyr\u00f3\u017cni\u0105 si\u0119 na parkiecie.<\/p>\n<\/li>\n<li>\n<p data-path-to-node=\"16,1,0\"><b>Sporty wieczorne:<\/b> \u201cBieg o p\u00f3\u0142nocy\u201d lub charytatywne spacery, w kt\u00f3rych widoczno\u015b\u0107 odgrywa wa\u017cn\u0105 rol\u0119.<\/p>\n<\/li>\n<li>\n<p data-path-to-node=\"16,2,0\"><b>Bezpiecze\u0144stwo:<\/b> Pomaga zidentyfikowa\u0107 cz\u0142onk\u00f3w personelu w s\u0142abo o\u015bwietlonych miejscach za kulisami.<\/p>\n<\/li>\n<\/ul>\n<p data-path-to-node=\"17\"><b>G\u0142\u00f3wne cechy:<\/b><\/p>\n<ul data-path-to-node=\"18\">\n<li>\n<p data-path-to-node=\"18,0,0\"><b>Materia\u0142 bazowy:<\/b> Poliester (zalecany czarny dla kontrastu).<\/p>\n<\/li>\n<li>\n<p data-path-to-node=\"18,1,0\"><b>Wydrukowa\u0107:<\/b> Kolor ecru w dzie\u0144 \/ Zielona po\u015bwiata w nocy.<\/p>\n<\/li>\n<li>\n<p data-path-to-node=\"18,2,0\"><b>Aktywacja:<\/b> Mo\u017cna go \u0142adowa\u0107 bez ko\u0144ca poprzez ekspozycj\u0119 na \u015bwiat\u0142o.<\/p>\n<\/li>\n<li>\n<p data-path-to-node=\"18,3,0\"><b>Za\u0142\u0105czniki:<\/b> Kompatybilny ze wszystkimi standardowymi haczykami i klipsami.<\/p>\n<\/li>\n<\/ul>","protected":false},"excerpt":{"rendered":"<ul data-path-to-node=\"10\">\n<li>\n<p data-path-to-node=\"10,0,0\"><b>Efekt fosforescencyjny:<\/b> Specjalny tusz poch\u0142ania \u015bwiat\u0142o w ci\u0105gu dnia i emituje zielon\u0105 po\u015bwiat\u0119 w ciemnym otoczeniu.<\/p>\n<\/li>\n<li>\n<p data-path-to-node=\"10,1,0\"><b>Wysoki kontrast:<\/b> Najlepsze efekty mo\u017cna uzyska\u0107 stosuj\u0105c czarny pasek poliestrowy, dzi\u0119ki kt\u00f3remu \u015bwiec\u0105cy tekst b\u0119dzie si\u0119 wyr\u00f3\u017cnia\u0142.<\/p>\n<\/li>\n<li>\n<p data-path-to-node=\"10,2,0\"><b>Podw\u00f3jna widoczno\u015b\u0107:<\/b> W \u015bwietle dziennym wygl\u0105da jak standardowy wydruk w kolorze bia\u0142ym\/\u017c\u00f3\u0142tym, ale po zgaszeniu \u015bwiat\u0142a automatycznie si\u0119 zmienia.<\/p>\n<\/li>\n<li>\n<p data-path-to-node=\"10,3,0\"><b>Gotowo\u015b\u0107 na wydarzenie:<\/b> Najlepiej sprzedaj\u0105cy si\u0119 produkt do klub\u00f3w nocnych, na festiwale wieczorne i imprezy sportowe typu \u201cglow run\u201d.<\/p>\n<\/li>\n<\/ul>","protected":false},"featured_media":5906,"comment_status":"closed","ping_status":"closed","template":"","meta":[],"product_brand":[],"product_cat":[104,76],"product_tag":[],"class_list":{"0":"post-5686","1":"product","2":"type-product","3":"status-publish","4":"has-post-thumbnail","6":"product_cat-custom-printed-lanyards","7":"product_cat-glow-led-products","9":"first","10":"instock","11":"shipping-taxable","12":"product-type-simple"},"_links":{"self":[{"href":"https:\/\/displayproducts.eu\/pl\/wp-json\/wp\/v2\/product\/5686","targetHints":{"allow":["GET"]}}],"collection":[{"href":"https:\/\/displayproducts.eu\/pl\/wp-json\/wp\/v2\/product"}],"about":[{"href":"https:\/\/displayproducts.eu\/pl\/wp-json\/wp\/v2\/types\/product"}],"replies":[{"embeddable":true,"href":"https:\/\/displayproducts.eu\/pl\/wp-json\/wp\/v2\/comments?post=5686"}],"wp:featuredmedia":[{"embeddable":true,"href":"https:\/\/displayproducts.eu\/pl\/wp-json\/wp\/v2\/media\/5906"}],"wp:attachment":[{"href":"https:\/\/displayproducts.eu\/pl\/wp-json\/wp\/v2\/media?parent=5686"}],"wp:term":[{"taxonomy":"product_brand","embeddable":true,"href":"https:\/\/displayproducts.eu\/pl\/wp-json\/wp\/v2\/product_brand?post=5686"},{"taxonomy":"product_cat","embeddable":true,"href":"https:\/\/displayproducts.eu\/pl\/wp-json\/wp\/v2\/product_cat?post=5686"},{"taxonomy":"product_tag","embeddable":true,"href":"https:\/\/displayproducts.eu\/pl\/wp-json\/wp\/v2\/product_tag?post=5686"}],"curies":[{"name":"wp","href":"https:\/\/api.w.org\/{rel}","templated":true}]}}