{"id":5671,"date":"2025-12-10T12:33:03","date_gmt":"2025-12-10T09:33:03","guid":{"rendered":"https:\/\/wristbandfactory.eu\/?post_type=product&#038;p=5671"},"modified":"2026-04-01T21:52:35","modified_gmt":"2026-04-01T18:52:35","slug":"custom-canvas-webbing-belts-metal-plastic-buckles","status":"publish","type":"product","link":"https:\/\/displayproducts.eu\/pl\/p\/custom-canvas-webbing-belts-metal-plastic-buckles\/","title":{"rendered":"Paski parciane z logo \u2013 Klamra metalowa lub plastikowa"},"content":{"rendered":"<p data-path-to-node=\"12\">Rozszerz swoj\u0105 lini\u0119 odzie\u017cy firmowej dzi\u0119ki naszym <b>Z w\u0142asnym nadrukiem pasy p\u0142\u00f3cienne<\/b>. Niezale\u017cnie od tego, czy chodzi o przemys\u0142owe uniformy robocze, czy modne gad\u017cety uliczne, paski te oferuj\u0105 praktyczn\u0105 i widoczn\u0105 mo\u017cliwo\u015b\u0107 promocji marki.<\/p>\n<p data-path-to-node=\"13\"><b>Dwa style klamer pasuj\u0105ce do Twojej marki:<\/b><\/p>\n<ol start=\"1\" data-path-to-node=\"14\">\n<li>\n<p data-path-to-node=\"14,0,0\"><b>Norma \u201cOdzie\u017c robocza\u201d (metalowa):<\/b> Jak wida\u0107 w naszym przyk\u0142adzie z Milwaukee, metalowa klamra zapewnia poczucie luksusu. Mo\u017cemy wyt\u0142oczy\u0107 logo bezpo\u015brednio w metalu i pokry\u0107 je emali\u0105, aby uzyska\u0107 solidne, profesjonalne wyko\u0144czenie.<\/p>\n<\/li>\n<li>\n<p data-path-to-node=\"14,1,0\"><b>Standard \u201culiczny\u201d (plastik):<\/b> Aby uzyska\u0107 l\u017cejszy, bardziej swobodny wygl\u0105d, wybierz wytrzyma\u0142\u0105 plastikow\u0105 klamr\u0119 zaciskow\u0105. Jest trwa\u0142a, niekoroduj\u0105ca i idealna do aktywnego u\u017cytkowania.<\/p>\n<\/li>\n<\/ol>\n<p data-path-to-node=\"15\"><b>Dlaczego warto wybra\u0107 paski z w\u0142asnym nadrukiem?<\/b> Paski to produkty o wysokiej retencji \u2013 odbiorcy nosz\u0105 je codziennie. S\u0105 w zasadzie \u201cchodz\u0105cymi billboardami\u201d promuj\u0105cymi Twoj\u0105 mark\u0119, co jest szczeg\u00f3lnie przydatne w przypadku firm budowlanych, marek produkuj\u0105cych sprz\u0119t do skateboardingu i surfingu oraz dostawc\u00f3w uniform\u00f3w.<\/p>\n<p data-path-to-node=\"16\"><b>G\u0142\u00f3wne cechy:<\/b><\/p>\n<ul data-path-to-node=\"17\">\n<li>\n<p data-path-to-node=\"17,0,0\"><b>Szeroko\u015b\u0107 paska:<\/b> Standardowe szeroko\u015bci 30 mm lub 38 mm.<\/p>\n<\/li>\n<li>\n<p data-path-to-node=\"17,1,0\"><b>Mechanizm klamry:<\/b> Niezawodny system zacisk\u00f3w z\u0119batych zapobiega po\u015blizgowi.<\/p>\n<\/li>\n<li>\n<p data-path-to-node=\"17,2,0\"><b>Personalizacja:<\/b> Logo na klamrze (t\u0142oczone\/nadrukowane) + mo\u017cliwo\u015b\u0107 wyboru etykiety tkanej.<\/p>\n<\/li>\n<li>\n<p data-path-to-node=\"17,3,0\"><b>Opakowanie:<\/b> Dost\u0119pne indywidualne opakowania w torebkach foliowych do dystrybucji detalicznej<\/p>\n<\/li>\n<\/ul>","protected":false},"excerpt":{"rendered":"<ul>\n<li>\n<p data-path-to-node=\"10,0,0\"><b>Ta\u015bmy o du\u017cej wytrzyma\u0142o\u015bci:<\/b> Wykonane z grubego, trwa\u0142ego poliestru lub p\u0142\u00f3tna bawe\u0142nianego, zaprojektowane tak, aby wytrzyma\u0107 codzienne zu\u017cycie.<\/p>\n<\/li>\n<li>\n<p data-path-to-node=\"10,1,0\"><b>Opcja klamry metalowej:<\/b> Klasyczna, wojskowa, metalowa klamra typu \u201cflip-top\u201d, idealna do t\u0142oczonych logo (np. Milwaukee) i prezent\u00f3w firmowych.<\/p>\n<\/li>\n<li>\n<p data-path-to-node=\"10,2,0\"><b>Opcja klamry plastikowej:<\/b> Mocna i lekka, czarna klamra plastikowa (w stylu YKK) nadaj\u0105ca nowoczesny wygl\u0105d w miejscach, w kt\u00f3rych wymagane jest szczeg\u00f3lne bezpiecze\u0144stwo.<\/p>\n<\/li>\n<li>\n<p data-path-to-node=\"10,3,0\"><b>W pe\u0142ni regulowany:<\/b> Mo\u017cliwo\u015b\u0107 przyci\u0119cia na odpowiedni\u0105 d\u0142ugo\u015b\u0107 sprawia, \u017ce pasek z \u0142atwo\u015bci\u0105 dopasowuje si\u0119 do ka\u017cdej talii.<\/p>\n<\/li>\n<\/ul>","protected":false},"featured_media":5914,"comment_status":"closed","ping_status":"closed","template":"","meta":[],"product_brand":[],"product_cat":[127],"product_tag":[],"class_list":{"0":"post-5671","1":"product","2":"type-product","3":"status-publish","4":"has-post-thumbnail","6":"product_cat-custom-straps-belts","8":"first","9":"instock","10":"shipping-taxable","11":"product-type-simple"},"_links":{"self":[{"href":"https:\/\/displayproducts.eu\/pl\/wp-json\/wp\/v2\/product\/5671","targetHints":{"allow":["GET"]}}],"collection":[{"href":"https:\/\/displayproducts.eu\/pl\/wp-json\/wp\/v2\/product"}],"about":[{"href":"https:\/\/displayproducts.eu\/pl\/wp-json\/wp\/v2\/types\/product"}],"replies":[{"embeddable":true,"href":"https:\/\/displayproducts.eu\/pl\/wp-json\/wp\/v2\/comments?post=5671"}],"wp:featuredmedia":[{"embeddable":true,"href":"https:\/\/displayproducts.eu\/pl\/wp-json\/wp\/v2\/media\/5914"}],"wp:attachment":[{"href":"https:\/\/displayproducts.eu\/pl\/wp-json\/wp\/v2\/media?parent=5671"}],"wp:term":[{"taxonomy":"product_brand","embeddable":true,"href":"https:\/\/displayproducts.eu\/pl\/wp-json\/wp\/v2\/product_brand?post=5671"},{"taxonomy":"product_cat","embeddable":true,"href":"https:\/\/displayproducts.eu\/pl\/wp-json\/wp\/v2\/product_cat?post=5671"},{"taxonomy":"product_tag","embeddable":true,"href":"https:\/\/displayproducts.eu\/pl\/wp-json\/wp\/v2\/product_tag?post=5671"}],"curies":[{"name":"wp","href":"https:\/\/api.w.org\/{rel}","templated":true}]}}