{"id":5670,"date":"2025-12-10T12:24:00","date_gmt":"2025-12-10T09:24:00","guid":{"rendered":"https:\/\/wristbandfactory.eu\/?post_type=product&#038;p=5670"},"modified":"2026-04-01T21:52:03","modified_gmt":"2026-04-01T18:52:03","slug":"custom-neoprene-sunglasses-straps-floating-retainer","status":"publish","type":"product","link":"https:\/\/displayproducts.eu\/pl\/p\/custom-neoprene-sunglasses-straps-floating-retainer\/","title":{"rendered":"Neoprenowe paski do okular\u00f3w \u2013 P\u0142ywaj\u0105ce"},"content":{"rendered":"<p data-path-to-node=\"12\">Chro\u0144 swoje okulary stylowo dzi\u0119ki naszym <b>Z w\u0142asnym nadrukiem paski do okular\u00f3w przeciws\u0142onecznych z neoprenu<\/b>. Znane r\u00f3wnie\u017c jako uchwyty na okulary, s\u0105 idealnym letnim gad\u017cetem promocyjnym dla biur podr\u00f3\u017cy, dru\u017cyn sportowych i marek zajmuj\u0105cych si\u0119 outdoorem.<\/p>\n<p data-path-to-node=\"13\"><b>Stworzony do akcji i wody<\/b> W przeciwie\u0144stwie do cienkich linek, te paski s\u0105 wykonane z wysokiej jako\u015bci neoprenu \u2013 tego samego materia\u0142u, z kt\u00f3rego wykonuje si\u0119 pianki. Dzi\u0119ki temu zapewniaj\u0105 naturaln\u0105 wyporno\u015b\u0107, <b>idealne do uprawiania sport\u00f3w wodnych<\/b>, wyprawy w\u0119dkarskie i festiwale pla\u017cowe. Je\u015bli okulary wpadn\u0105 do wody, pasek pomo\u017ce utrzyma\u0107 je na powierzchni.<\/p>\n<p data-path-to-node=\"14\"><b>Branding o wysokiej widoczno\u015bci<\/b> Szeroki profil paska stanowi doskona\u0142\u0105 baz\u0119 dla Twojej marki. Jak wida\u0107 na pr\u00f3bkach, mo\u017cemy wykona\u0107:<\/p>\n<ol start=\"1\" data-path-to-node=\"15\">\n<li>\n<p data-path-to-node=\"15,0,0\"><b>Drukowanie w kolorze dodatkowym:<\/b> Wyraziste, czytelne logo zwi\u0119kszaj\u0105ce widoczno\u015b\u0107 korporacji (np. Allianz, Ole Miss).<\/p>\n<\/li>\n<li>\n<p data-path-to-node=\"15,1,0\"><b>Sublimacja pe\u0142nokolorowa:<\/b> Wyraziste wzory i ilustracje na ca\u0142ej powierzchni (np. delfiny, motywy marynistyczne).<\/p>\n<\/li>\n<\/ol>\n<p data-path-to-node=\"16\"><b>Zalecane przypadki u\u017cycia:<\/b><\/p>\n<ul data-path-to-node=\"17\">\n<li>\n<p data-path-to-node=\"17,0,0\"><b>Festiwale letnie:<\/b> Praktyczny gad\u017cet, kt\u00f3ry uczestnicy od razu za\u0142o\u017c\u0105.<\/p>\n<\/li>\n<li>\n<p data-path-to-node=\"17,1,0\"><b>Wyjazdy integracyjne dla firm:<\/b> Doskonale nadaje si\u0119 na imprezy team-buildingowe nad wod\u0105.<\/p>\n<\/li>\n<li>\n<p data-path-to-node=\"17,2,0\"><b>Gad\u017cety sportowe:<\/b> Branding uniwersytetu i dru\u017cyny dla fan\u00f3w.<\/p>\n<\/li>\n<\/ul>\n<p data-path-to-node=\"18\"><b>G\u0142\u00f3wne cechy:<\/b><\/p>\n<ul data-path-to-node=\"19\">\n<li>\n<p data-path-to-node=\"19,0,0\"><b>Tworzywo:<\/b> 100% Neopren (pianka SBR\/CR).<\/p>\n<\/li>\n<li>\n<p data-path-to-node=\"19,1,0\"><b>Rozmiar:<\/b> Standardowe wymiary ok. 40 cm x 2,5 cm (pasuje do wi\u0119kszo\u015bci doros\u0142ych).<\/p>\n<\/li>\n<li>\n<p data-path-to-node=\"19,2,0\"><b>Wydrukowa\u0107:<\/b> Sitodruk lub sublimacja termotransferowa.<\/p>\n<\/li>\n<li>\n<p data-path-to-node=\"19,3,0\"><b>Funkcjonowa\u0107:<\/b> Antypo\u015blizgowe, unosz\u0105ce si\u0119 na wodzie, szybkoschn\u0105ce.<\/p>\n<\/li>\n<\/ul>\n<h3 data-path-to-node=\"20\"><\/h3>","protected":false},"excerpt":{"rendered":"<ul>\n<li>\n<p data-path-to-node=\"10,0,0\"><b>Materia\u0142 p\u0142ywaj\u0105cy:<\/b> Wykonane z mi\u0119kkiego i lekkiego neoprenu (materia\u0142u stosowanego do produkcji pianek), dzi\u0119ki czemu okulary utrzymuj\u0105 si\u0119 na powierzchni wody.<\/p>\n<\/li>\n<li>\n<p data-path-to-node=\"10,1,0\"><b>Bezpieczne dopasowanie:<\/b> Elastyczne, rurkowate ko\u0144c\u00f3wki \u015bci\u015ble przylegaj\u0105 do standardowych oprawek okular\u00f3w przeciws\u0142onecznych, zapobiegaj\u0105c ich zsuwaniu si\u0119 w trakcie aktywno\u015bci.<\/p>\n<\/li>\n<li>\n<p data-path-to-node=\"10,2,0\"><b>Pe\u0142ny branding:<\/b> Oferuje du\u017c\u0105 powierzchni\u0119 zadruku pozwalaj\u0105c\u0105 na nanoszenie wyrazistych logotyp\u00f3w (np. Allianz, Ole Miss) lub wzor\u00f3w w pe\u0142nej kolorystyce.<\/p>\n<\/li>\n<li>\n<p data-path-to-node=\"10,3,0\"><b>Wygodny:<\/b> Mi\u0119kka tkanina jest przyjemna w dotyku i szybko schnie po zamoczeniu.<\/p>\n<\/li>\n<\/ul>","protected":false},"featured_media":6673,"comment_status":"closed","ping_status":"closed","template":"","meta":[],"product_brand":[],"product_cat":[129,118,127],"product_tag":[],"class_list":{"0":"post-5670","1":"product","2":"type-product","3":"status-publish","4":"has-post-thumbnail","6":"product_cat-leisure-lifestyle","7":"product_cat-sports-fitness","8":"product_cat-custom-straps-belts","10":"first","11":"instock","12":"shipping-taxable","13":"product-type-simple"},"_links":{"self":[{"href":"https:\/\/displayproducts.eu\/pl\/wp-json\/wp\/v2\/product\/5670","targetHints":{"allow":["GET"]}}],"collection":[{"href":"https:\/\/displayproducts.eu\/pl\/wp-json\/wp\/v2\/product"}],"about":[{"href":"https:\/\/displayproducts.eu\/pl\/wp-json\/wp\/v2\/types\/product"}],"replies":[{"embeddable":true,"href":"https:\/\/displayproducts.eu\/pl\/wp-json\/wp\/v2\/comments?post=5670"}],"wp:featuredmedia":[{"embeddable":true,"href":"https:\/\/displayproducts.eu\/pl\/wp-json\/wp\/v2\/media\/6673"}],"wp:attachment":[{"href":"https:\/\/displayproducts.eu\/pl\/wp-json\/wp\/v2\/media?parent=5670"}],"wp:term":[{"taxonomy":"product_brand","embeddable":true,"href":"https:\/\/displayproducts.eu\/pl\/wp-json\/wp\/v2\/product_brand?post=5670"},{"taxonomy":"product_cat","embeddable":true,"href":"https:\/\/displayproducts.eu\/pl\/wp-json\/wp\/v2\/product_cat?post=5670"},{"taxonomy":"product_tag","embeddable":true,"href":"https:\/\/displayproducts.eu\/pl\/wp-json\/wp\/v2\/product_tag?post=5670"}],"curies":[{"name":"wp","href":"https:\/\/api.w.org\/{rel}","templated":true}]}}