{"id":5636,"date":"2025-12-10T11:51:32","date_gmt":"2025-12-10T08:51:32","guid":{"rendered":"https:\/\/wristbandfactory.eu\/?post_type=product&#038;p=5636"},"modified":"2026-04-01T21:52:35","modified_gmt":"2026-04-01T18:52:35","slug":"custom-camera-neck-straps-woven-printed-branding","status":"publish","type":"product","link":"https:\/\/displayproducts.eu\/pl\/p\/custom-camera-neck-straps-woven-printed-branding\/","title":{"rendered":"Paski do aparatu z nadrukiem lub tkane"},"content":{"rendered":"<p data-path-to-node=\"12\">Rozszerz swoj\u0105 kolekcj\u0119 towar\u00f3w dzi\u0119ki naszym <b>Z w\u0142asnym nadrukiem paski na szyj\u0119 do aparatu<\/b>. Zaprojektowane dla studi\u00f3w fotograficznych, marek technologicznych i sklep\u00f3w z pami\u0105tkami muzealnymi, paski te oferuj\u0105 cenn\u0105 przestrze\u0144 do reklamowania, widoczn\u0105 za ka\u017cdym razem, gdy robione jest zdj\u0119cie.<\/p>\n<p data-path-to-node=\"13\">W przeciwie\u0144stwie do tanich gad\u017cet\u00f3w, te paski maj\u0105 jako\u015b\u0107 detaliczn\u0105. Mo\u017cesz wybra\u0107 materia\u0142 i metod\u0119 wykonania, kt\u00f3re pasuj\u0105 do Twojej marki:<\/p>\n<ol start=\"1\" data-path-to-node=\"14\">\n<li>\n<p data-path-to-node=\"14,0,0\"><b>Sublimacja poliestru:<\/b> Doskonale nadaje si\u0119 do skomplikowanych, kolorowych grafik, gradient\u00f3w i zdj\u0119\u0107 (np. kwiatowych lub zwierz\u0119cych).<\/p>\n<\/li>\n<li>\n<p data-path-to-node=\"14,1,0\"><b>Tkanina \u017cakardowa (tkana):<\/b> Idealny do stylizacji \u201cvintage\u201d lub \u201cboho\u201d, w kt\u00f3rych wz\u00f3r jest wpleciony w tkanin\u0119, co zapewnia jej faktur\u0119 i trwa\u0142o\u015b\u0107.<\/p>\n<\/li>\n<\/ol>\n<p data-path-to-node=\"15\"><b>Dlaczego warto sprzedawa\u0107 markowe paski do aparat\u00f3w?<\/b> Fotografowie uwielbiaj\u0105 personalizowa\u0107 sw\u00f3j sprz\u0119t. Personalizowany pasek to funkcjonalny dodatek, kt\u00f3ry zast\u0119puje nudny, standardowy pasek do\u0142\u0105czony do aparatu, dzi\u0119ki czemu doskonale nadaje si\u0119 na prezent firmowy lub do odsprzeda\u017cy.<\/p>\n<p data-path-to-node=\"16\"><b>G\u0142\u00f3wne cechy:<\/b><\/p>\n<ul data-path-to-node=\"17\">\n<li>\n<p data-path-to-node=\"17,0,0\"><b>Przybory:<\/b> Wytrzyma\u0142a mieszanka bawe\u0142ny, poliestru lub nylonu.<\/p>\n<\/li>\n<li>\n<p data-path-to-node=\"17,1,0\"><b>Za\u0142\u0105czniki:<\/b> Standardowe p\u0119tle z ta\u015bmy o szeroko\u015bci 10 mm lub metalowe haki obrotowe.<\/p>\n<\/li>\n<li>\n<p data-path-to-node=\"17,2,0\"><b>Regulowana d\u0142ugo\u015b\u0107:<\/b> Posiada wytrzyma\u0142e plastikowe klamry umo\u017cliwiaj\u0105ce dopasowanie do noszenia na szyi lub ramieniu.<\/p>\n<\/li>\n<li>\n<p data-path-to-node=\"17,3,0\"><b>Ko\u0144c\u00f3wki sk\u00f3rzane:<\/b> Wyko\u0144czenie z PU lub prawdziwej sk\u00f3ry zapewniaj\u0105ce trwa\u0142o\u015b\u0107 i styl.<\/p>\n<\/li>\n<\/ul>","protected":false},"excerpt":{"rendered":"<ul>\n<li>\n<p data-path-to-node=\"10,0,0\"><b>W pe\u0142ni konfigurowalny:<\/b> Wybierz pomi\u0119dzy drukiem sublimacyjnym o wysokiej rozdzielczo\u015bci a najwy\u017cszej jako\u015bci wzorami tkanymi.<\/p>\n<\/li>\n<li>\n<p data-path-to-node=\"10,1,0\"><b>Wyko\u0144czenie premium:<\/b> Ko\u0144ce wzmocniono wysokiej jako\u015bci sk\u00f3r\u0105 PU lub sk\u00f3r\u0105 naturaln\u0105, aby uzyska\u0107 wygl\u0105d gotowy do sprzeda\u017cy detalicznej.<\/p>\n<\/li>\n<li>\n<p data-path-to-node=\"10,2,0\"><b>Uniwersalne dopasowanie:<\/b> Regulowane \u0142\u0105czniki z ta\u015bmy nylonowej pasuj\u0105 do niemal wszystkich lustrzanek cyfrowych i aparat\u00f3w bezlusterkowych (Canon, Nikon, Sony itp.).<\/p>\n<\/li>\n<li>\n<p data-path-to-node=\"10,3,0\"><b>Wszechstronne style:<\/b> Dost\u0119pne w stylu boho, vintage lub nowoczesnym stylu korporacyjnym, dopasowane do to\u017csamo\u015bci Twojej marki.<\/p>\n<\/li>\n<\/ul>","protected":false},"featured_media":5641,"comment_status":"closed","ping_status":"closed","template":"","meta":[],"product_brand":[],"product_cat":[127],"product_tag":[],"class_list":{"0":"post-5636","1":"product","2":"type-product","3":"status-publish","4":"has-post-thumbnail","6":"product_cat-custom-straps-belts","8":"first","9":"instock","10":"shipping-taxable","11":"product-type-simple"},"_links":{"self":[{"href":"https:\/\/displayproducts.eu\/pl\/wp-json\/wp\/v2\/product\/5636","targetHints":{"allow":["GET"]}}],"collection":[{"href":"https:\/\/displayproducts.eu\/pl\/wp-json\/wp\/v2\/product"}],"about":[{"href":"https:\/\/displayproducts.eu\/pl\/wp-json\/wp\/v2\/types\/product"}],"replies":[{"embeddable":true,"href":"https:\/\/displayproducts.eu\/pl\/wp-json\/wp\/v2\/comments?post=5636"}],"wp:featuredmedia":[{"embeddable":true,"href":"https:\/\/displayproducts.eu\/pl\/wp-json\/wp\/v2\/media\/5641"}],"wp:attachment":[{"href":"https:\/\/displayproducts.eu\/pl\/wp-json\/wp\/v2\/media?parent=5636"}],"wp:term":[{"taxonomy":"product_brand","embeddable":true,"href":"https:\/\/displayproducts.eu\/pl\/wp-json\/wp\/v2\/product_brand?post=5636"},{"taxonomy":"product_cat","embeddable":true,"href":"https:\/\/displayproducts.eu\/pl\/wp-json\/wp\/v2\/product_cat?post=5636"},{"taxonomy":"product_tag","embeddable":true,"href":"https:\/\/displayproducts.eu\/pl\/wp-json\/wp\/v2\/product_tag?post=5636"}],"curies":[{"name":"wp","href":"https:\/\/api.w.org\/{rel}","templated":true}]}}