{"id":5613,"date":"2025-12-10T11:15:00","date_gmt":"2025-12-10T08:15:00","guid":{"rendered":"https:\/\/wristbandfactory.eu\/?post_type=product&#038;p=5613"},"modified":"2026-04-01T21:52:35","modified_gmt":"2026-04-01T18:52:35","slug":"high-density-3d-screen-print-lanyards-tactile-braille-ready","status":"publish","type":"product","link":"https:\/\/displayproducts.eu\/pl\/p\/high-density-3d-screen-print-lanyards-tactile-braille-ready\/","title":{"rendered":"N\u00f8kkelb\u00e5nd med punktskrift \u2013 3D-trykk med relieff"},"content":{"rendered":"<p data-path-to-node=\"11\">Zwi\u0119ksz wp\u0142yw i inkluzywno\u015b\u0107 swojej marki dzi\u0119ki naszym <b>Smycze z nadrukiem sitodrukowym 3D o wysokiej g\u0119sto\u015bci<\/b>. W przeciwie\u0144stwie do standardowego druku p\u0142askiego, ta zaawansowana technika \u201cdruku wypuk\u0142ego\u201d tworzy grub\u0105, gumowat\u0105 faktur\u0119, kt\u00f3ra wyra\u017anie wystaje ponad powierzchni\u0119 materia\u0142u, sprawiaj\u0105c, \u017ce Twoje logo i przekaz staj\u0105 si\u0119 fizycznie namacalne.<\/p>\n<p data-path-to-node=\"12\"><b>Wyb\u00f3r dla \u015brodowisk integracyjnych i \u015brodowisk o krytycznym znaczeniu dla bezpiecze\u0144stwa<\/b> Technologia ta jest wyj\u0105tkowo odpowiednia dla <b>aplikacje u\u0142atwiaj\u0105ce dost\u0119p<\/b>. Jak wida\u0107 w kampaniach bezpiecze\u0144stwa (np. \u201cOperacja Ratownik\u201d), precyzyjny, podniesiony profil pozwala na uwzgl\u0119dnienie <b>znaki brajla dotykowego<\/b> obok standardowego tekstu. Dzi\u0119ki temu te smycze s\u0105 idealnym wyborem do:<\/p>\n<ul data-path-to-node=\"13\">\n<li>\n<p data-path-to-node=\"13,0,0\"><b>Wydarzenia i konferencje integracyjne:<\/b> Dostosowanie do potrzeb os\u00f3b niedowidz\u0105cych.<\/p>\n<\/li>\n<li>\n<p data-path-to-node=\"13,1,0\"><b>Transport publiczny i bezpiecze\u0144stwo:<\/b> Wyra\u017ane ostrze\u017cenia dla personelu (np. \u201cZbli\u017ca si\u0119 poci\u0105g\u201d, \u201cUwa\u017caj na przerw\u0119\u201d).<\/p>\n<\/li>\n<li>\n<p data-path-to-node=\"13,2,0\"><b>Opieka zdrowotna i rz\u0105d:<\/b> Spe\u0142nianie standard\u00f3w CSR (spo\u0142ecznej odpowiedzialno\u015bci biznesu) i dost\u0119pno\u015bci.<\/p>\n<\/li>\n<\/ul>\n<p data-path-to-node=\"14\"><b>Doskona\u0142a tekstura i trwa\u0142o\u015b\u0107<\/b> Wypuk\u0142y tusz jest trwa\u0142y, elastyczny i odporny na p\u0119kanie. Tworzy doskona\u0142y \u201cefekt 3D\u201d, kt\u00f3ry podnosi warto\u015b\u0107 nawet prostych logotyp\u00f3w. Smycze wykonane s\u0105 z wytrzyma\u0142ego poliestru, dost\u0119pne w splocie rurowym lub p\u0142askim i mog\u0105 by\u0107 wyposa\u017cone w bezpieczne zapi\u0119cia i odpinane klamry dla dodatkowej funkcjonalno\u015bci.<\/p>\n<p data-path-to-node=\"15\"><b>G\u0142\u00f3wne cechy:<\/b><\/p>\n<ul data-path-to-node=\"16\">\n<li>\n<p data-path-to-node=\"16,0,0\"><b>Druk wypuk\u0142y o wysokiej g\u0119sto\u015bci:<\/b> Bardzo grube warstwy tuszu dla wyj\u0105tkowego wra\u017cenia 3D.<\/p>\n<\/li>\n<li>\n<p data-path-to-node=\"16,1,0\"><b>Zgodno\u015b\u0107 z alfabetem Braille&#039;a:<\/b> Spe\u0142nione zosta\u0142y okre\u015blone wymagania dotycz\u0105ce wzrostu umo\u017cliwiaj\u0105ce czytanie dotykiem.<\/p>\n<\/li>\n<li>\n<p data-path-to-node=\"16,2,0\"><b>Materia\u0142 o du\u017cej wytrzyma\u0142o\u015bci:<\/b> Wytrzyma\u0142y poliester zaprojektowany z my\u015bl\u0105 o d\u0142ugotrwa\u0142ym u\u017cytkowaniu.<\/p>\n<\/li>\n<li>\n<p data-path-to-node=\"16,3,0\"><b>Za\u0142\u0105czniki z w\u0142asnym nadrukiem:<\/b> Kompatybilny z metalowymi haczykami, plastikowymi klamrami i hamulcami bezpiecze\u0144stwa.<\/p>\n<\/li>\n<\/ul>","protected":false},"excerpt":{"rendered":"<ul>\n<li>\n<p data-path-to-node=\"9,0,0\"><b>Branding dotykowy:<\/b> Zaawansowana technologia sitodruku \u201cpuff\u201d pozwala na uzyskanie grubej, wypuk\u0142ej, wyczuwalnej dotykiem faktury 3D.<\/p>\n<\/li>\n<li>\n<p data-path-to-node=\"9,1,0\"><b>Gotowo\u015b\u0107 do dost\u0119pno\u015bci:<\/b> Wysoki profil nadruku umo\u017cliwia czytelne u\u017cycie znak\u00f3w Braille&#039;a, dzi\u0119ki czemu wydarzenia staj\u0105 si\u0119 dost\u0119pne dla os\u00f3b niedowidz\u0105cych.<\/p>\n<\/li>\n<li>\n<p data-path-to-node=\"9,2,0\"><b>Wysoka widoczno\u015b\u0107:<\/b> Wypuk\u0142a warstwa tuszu na powierzchni materia\u0142u zapewnia maksymalny kontrast i czytelno\u015b\u0107, co jest idealnym rozwi\u0105zaniem w przypadku komunikat\u00f3w bezpiecze\u0144stwa, takich jak \u201cZAKAZ WCHODZENIA NA TOR\u201d.<\/p>\n<\/li>\n<li>\n<p data-path-to-node=\"9,3,0\"><b>Trwa\u0142e i bezpieczne:<\/b> Dost\u0119pne z klamrami bezpiecze\u0144stwa i odpinanymi klipsami do intensywnego, codziennego u\u017cytku.<\/p>\n<\/li>\n<\/ul>","protected":false},"featured_media":5617,"comment_status":"closed","ping_status":"closed","template":"","meta":[],"product_brand":[],"product_cat":[104],"product_tag":[],"class_list":{"0":"post-5613","1":"product","2":"type-product","3":"status-publish","4":"has-post-thumbnail","6":"product_cat-custom-printed-lanyards","8":"first","9":"instock","10":"shipping-taxable","11":"product-type-simple"},"_links":{"self":[{"href":"https:\/\/displayproducts.eu\/pl\/wp-json\/wp\/v2\/product\/5613","targetHints":{"allow":["GET"]}}],"collection":[{"href":"https:\/\/displayproducts.eu\/pl\/wp-json\/wp\/v2\/product"}],"about":[{"href":"https:\/\/displayproducts.eu\/pl\/wp-json\/wp\/v2\/types\/product"}],"replies":[{"embeddable":true,"href":"https:\/\/displayproducts.eu\/pl\/wp-json\/wp\/v2\/comments?post=5613"}],"wp:featuredmedia":[{"embeddable":true,"href":"https:\/\/displayproducts.eu\/pl\/wp-json\/wp\/v2\/media\/5617"}],"wp:attachment":[{"href":"https:\/\/displayproducts.eu\/pl\/wp-json\/wp\/v2\/media?parent=5613"}],"wp:term":[{"taxonomy":"product_brand","embeddable":true,"href":"https:\/\/displayproducts.eu\/pl\/wp-json\/wp\/v2\/product_brand?post=5613"},{"taxonomy":"product_cat","embeddable":true,"href":"https:\/\/displayproducts.eu\/pl\/wp-json\/wp\/v2\/product_cat?post=5613"},{"taxonomy":"product_tag","embeddable":true,"href":"https:\/\/displayproducts.eu\/pl\/wp-json\/wp\/v2\/product_tag?post=5613"}],"curies":[{"name":"wp","href":"https:\/\/api.w.org\/{rel}","templated":true}]}}