{"id":5559,"date":"2025-11-17T00:22:15","date_gmt":"2025-11-16T21:22:15","guid":{"rendered":"https:\/\/wristbandfactory.eu\/?post_type=product&#038;p=5559"},"modified":"2026-04-01T21:52:35","modified_gmt":"2026-04-01T18:52:35","slug":"rechargeable-dmx-led-wristbands-type-c","status":"publish","type":"product","link":"https:\/\/displayproducts.eu\/pl\/p\/rechargeable-dmx-led-wristbands-type-c\/","title":{"rendered":"\u0141adowalne opaski LED"},"content":{"rendered":"<p data-path-to-node=\"10\">Przekszta\u0142\u0107 swoje wydarzenie w \u015bwiatowej klasy produkcj\u0119 \u015bwietln\u0105 dzi\u0119ki naszej najnowocze\u015bniejszej opasce LED. Model z akumulatorem DMX zosta\u0142 zaprojektowany specjalnie z my\u015bl\u0105 o trasach koncertowych klasy premium, du\u017cych eventach korporacyjnych oraz dla ka\u017cdego klienta B2B wymagaj\u0105cego absolutnej kontroli. Ten model, wykraczaj\u0105cy poza baterie jednorazowe, wyposa\u017cony jest w ekologiczny system \u0142adowania typu C, co czyni go najbardziej ekonomicznym i przyjaznym dla \u015brodowiska rozwi\u0105zaniem na wielodniowe konferencje. Dzi\u0119ki palecie 256 dost\u0119pnych kolor\u00f3w i pe\u0142nej integracji z oprogramowaniem DMX, jest to najlepszy wyb\u00f3r dla profesjonalnych organizator\u00f3w event\u00f3w na ca\u0142ym \u015bwiecie.<\/p>\n<h2 data-path-to-node=\"11\">G\u0142\u00f3wne cechy<\/h2>\n<ul data-path-to-node=\"12\">\n<li>\n<p data-path-to-node=\"12,0,0\"><b data-path-to-node=\"12,0,0\" data-index-in-node=\"0\">\u0141adowalny przez USB typu C:<\/b> Nowoczesny system zasilania umo\u017cliwiaj\u0105cy wielodniowe intensywne u\u017cytkowanie bez konieczno\u015bci wymiany baterii.<\/p>\n<\/li>\n<li>\n<p data-path-to-node=\"12,1,0\"><b data-path-to-node=\"12,1,0\" data-index-in-node=\"0\">Pe\u0142na kontrola DMX i oprogramowania:<\/b> Umo\u017cliwia tworzenie profesjonalnych, z\u0142o\u017conych sekwencji o\u015bwietleniowych zarz\u0105dzanych za pomoc\u0105 centralnych pulpit\u00f3w o\u015bwietleniowych lub specjalistycznego oprogramowania.<\/p>\n<\/li>\n<li>\n<p data-path-to-node=\"12,2,0\"><b data-path-to-node=\"12,2,0\" data-index-in-node=\"0\">Widmo RGB 256 kolor\u00f3w:<\/b> Oferuje pe\u0142n\u0105 gam\u0119 kolor\u00f3w wykraczaj\u0105c\u0105 poza standardowe 15-kolorowe modele, co pozwala na precyzyjne dopasowanie do marki i artystyczne przej\u015bcia.<\/p>\n<\/li>\n<li>\n<p data-path-to-node=\"12,3,0\"><b data-path-to-node=\"12,3,0\" data-index-in-node=\"0\">2-letnia gwarancja profesjonalna:<\/b> Dedykowana gwarancja jako\u015bci B2B, dzi\u0119ki kt\u00f3rej Twoja inwestycja b\u0119dzie chroniona i b\u0119dzie mog\u0142a by\u0107 u\u017cytkowana d\u0142ugoterminowo.<\/p>\n<\/li>\n<li>\n<p data-path-to-node=\"12,4,0\"><b data-path-to-node=\"12,4,0\" data-index-in-node=\"0\">Certyfikowane bezpiecze\u0144stwo:<\/b> Spe\u0142nia wszystkie europejskie normy CE i RoHS dotycz\u0105ce materia\u0142\u00f3w i bezpiecze\u0144stwa w \u015brodowiskach profesjonalnych.<\/p>\n<\/li>\n<\/ul>\n<h2 data-path-to-node=\"13\">Specyfikacje<\/h2>\n<ul data-path-to-node=\"14\">\n<li>\n<p data-path-to-node=\"14,0,0\"><b data-path-to-node=\"14,0,0\" data-index-in-node=\"0\">Tworzywo:<\/b> Wytrzyma\u0142a obudowa ABS i trwa\u0142y pasek PVC<\/p>\n<\/li>\n<li>\n<p data-path-to-node=\"14,1,0\"><b data-path-to-node=\"14,1,0\" data-index-in-node=\"0\">Rozmiar jednostki:<\/b> 6,77 x 8,5 x 3,3 cm<\/p>\n<\/li>\n<li>\n<p data-path-to-node=\"14,2,0\"><b data-path-to-node=\"14,2,0\" data-index-in-node=\"0\">Obszar nadruku logo:<\/b> 2 x 4 cm<\/p>\n<\/li>\n<li>\n<p data-path-to-node=\"14,3,0\"><b data-path-to-node=\"14,3,0\" data-index-in-node=\"0\">Komunikacja:<\/b> RF 433MHz \/ DMX512 \/ Sterowanie programowe \/ Przycisk r\u0119czny<\/p>\n<\/li>\n<li>\n<p data-path-to-node=\"14,4,0\"><b data-path-to-node=\"14,4,0\" data-index-in-node=\"0\">Moc:<\/b> \u0141adowalny przez USB (typ C 5 V-1 A)<\/p>\n<\/li>\n<li>\n<p data-path-to-node=\"14,5,0\"><b data-path-to-node=\"14,5,0\" data-index-in-node=\"0\">Gwarancja:<\/b> 2 lata<\/p>\n<\/li>\n<li>\n<p data-path-to-node=\"14,6,0\"><b data-path-to-node=\"14,6,0\" data-index-in-node=\"0\">Certyfikaty:<\/b> CE, RoHS<\/p>\n<\/li>\n<li>\n<p data-path-to-node=\"14,7,0\"><b data-path-to-node=\"14,7,0\" data-index-in-node=\"0\">Kolory diod LED:<\/b> Paleta 256 kolor\u00f3w RGB<\/p>\n<\/li>\n<\/ul>\n<h2 data-path-to-node=\"15\">Przypadki u\u017cycia<\/h2>\n<ul data-path-to-node=\"16\">\n<li>\n<p data-path-to-node=\"16,0,0\"><b data-path-to-node=\"16,0,0\" data-index-in-node=\"0\">Festiwale muzyczne trwaj\u0105ce kilka dni:<\/b> Eliminuje marnotrawstwo baterii, umo\u017cliwiaj\u0105c jednocze\u015bnie organizatorom \u0142adowanie tysi\u0119cy urz\u0105dze\u0144 przez noc.<\/p>\n<\/li>\n<li>\n<p data-path-to-node=\"16,1,0\"><b data-path-to-node=\"16,1,0\" data-index-in-node=\"0\">Ekskluzywne gale korporacyjne:<\/b> Zapewnia szczeg\u00f3\u0142ow\u0105 kontrol\u0119 \u015bwiat\u0142a potrzebn\u0105 do dopasowania skomplikowanych palet barw marki i synchronizacji z prezentacjami g\u0142\u00f3wnymi.<\/p>\n<\/li>\n<li>\n<p data-path-to-node=\"16,2,0\"><b data-path-to-node=\"16,2,0\" data-index-in-node=\"0\">Profesjonalne wycieczki po stadionach:<\/b> Wystarczaj\u0105co trwa\u0142e i niezawodne, aby sprosta\u0107 intensywnemu u\u017cytkowaniu i codziennemu \u0142adowaniu w trakcie wielu tras koncertowych.<\/p>\n<\/li>\n<li>\n<p data-path-to-node=\"16,3,0\"><b data-path-to-node=\"16,3,0\" data-index-in-node=\"0\">Go\u015bcinno\u015b\u0107 VIP:<\/b> Nowoczesna, ekskluzywna pami\u0105tka odzwierciedlaj\u0105ca zaanga\u017cowanie w innowacyjno\u015b\u0107 i zr\u00f3wnowa\u017cony rozw\u00f3j.<\/p>\n<\/li>\n<\/ul>\n<p data-path-to-node=\"17\">","protected":false},"excerpt":{"rendered":"<ul>\n<li>\n<p data-path-to-node=\"9,0,0\"><b data-path-to-node=\"9,0,0\" data-index-in-node=\"0\">\u0141adowanie przyjazne dla \u015brodowiska:<\/b> Wyposa\u017cony w nowoczesny port USB typu C umo\u017cliwiaj\u0105cy szybkie \u0142adowanie, co eliminuje marnowanie baterii i sprawia, \u017ce urz\u0105dzenie idealnie nadaje si\u0119 na kilkudniowe imprezy.<\/p>\n<\/li>\n<li>\n<p data-path-to-node=\"9,1,0\"><b data-path-to-node=\"9,1,0\" data-index-in-node=\"0\">Profesjonalna kontrola oprogramowania:<\/b> Pe\u0142na kompatybilno\u015b\u0107 ze standardem DMX512 i specjalistycznym oprogramowaniem umo\u017cliwiaj\u0105cym szczeg\u00f3\u0142ow\u0105 kontrol\u0119 o\u015bwietlenia na poziomie stadionu.<\/p>\n<\/li>\n<li>\n<p data-path-to-node=\"9,2,0\"><b data-path-to-node=\"9,2,0\" data-index-in-node=\"0\">Paleta 256 kolor\u00f3w RGB:<\/b> Znaczna poprawa w stosunku do standardowych modeli, zapewniaj\u0105ca pe\u0142ne spektrum kolor\u00f3w do tworzenia z\u0142o\u017conych, idealnie zsynchronizowanych pokaz\u00f3w \u015bwietlnych.<\/p>\n<\/li>\n<li>\n<p data-path-to-node=\"9,3,0\"><b data-path-to-node=\"9,3,0\" data-index-in-node=\"0\">Certyfikowana niezawodno\u015b\u0107:<\/b> Produkt obj\u0119ty 2-letni\u0105 gwarancj\u0105 B2B i pe\u0142nym certyfikatem CE\/RoHS do profesjonalnej produkcji imprez o du\u017cej wadze.<\/p>\n<\/li>\n<\/ul>","protected":false},"featured_media":5558,"comment_status":"closed","ping_status":"closed","template":"","meta":[],"product_brand":[],"product_cat":[80],"product_tag":[],"class_list":{"0":"post-5559","1":"product","2":"type-product","3":"status-publish","4":"has-post-thumbnail","6":"product_cat-led-wristbands","8":"first","9":"instock","10":"shipping-taxable","11":"purchasable","12":"product-type-simple"},"_links":{"self":[{"href":"https:\/\/displayproducts.eu\/pl\/wp-json\/wp\/v2\/product\/5559","targetHints":{"allow":["GET"]}}],"collection":[{"href":"https:\/\/displayproducts.eu\/pl\/wp-json\/wp\/v2\/product"}],"about":[{"href":"https:\/\/displayproducts.eu\/pl\/wp-json\/wp\/v2\/types\/product"}],"replies":[{"embeddable":true,"href":"https:\/\/displayproducts.eu\/pl\/wp-json\/wp\/v2\/comments?post=5559"}],"wp:featuredmedia":[{"embeddable":true,"href":"https:\/\/displayproducts.eu\/pl\/wp-json\/wp\/v2\/media\/5558"}],"wp:attachment":[{"href":"https:\/\/displayproducts.eu\/pl\/wp-json\/wp\/v2\/media?parent=5559"}],"wp:term":[{"taxonomy":"product_brand","embeddable":true,"href":"https:\/\/displayproducts.eu\/pl\/wp-json\/wp\/v2\/product_brand?post=5559"},{"taxonomy":"product_cat","embeddable":true,"href":"https:\/\/displayproducts.eu\/pl\/wp-json\/wp\/v2\/product_cat?post=5559"},{"taxonomy":"product_tag","embeddable":true,"href":"https:\/\/displayproducts.eu\/pl\/wp-json\/wp\/v2\/product_tag?post=5559"}],"curies":[{"name":"wp","href":"https:\/\/api.w.org\/{rel}","templated":true}]}}