{"id":5497,"date":"2025-11-15T16:43:25","date_gmt":"2025-11-15T13:43:25","guid":{"rendered":"https:\/\/wristbandfactory.eu\/?post_type=product&#038;p=5497"},"modified":"2026-04-01T21:52:35","modified_gmt":"2026-04-01T18:52:35","slug":"custom-printed-tyvek-wristbands","status":"publish","type":"product","link":"https:\/\/displayproducts.eu\/pl\/p\/custom-printed-tyvek-wristbands\/","title":{"rendered":"Opaski Tyvek z nadrukiem na zapytanie ofertowe (nadruk 1-kolorowy)"},"content":{"rendered":"<p data-path-to-node=\"12\">Zabezpiecz swoje wydarzenie i usprawnij zarz\u0105dzanie wej\u015bciami dzi\u0119ki naszym <b data-path-to-node=\"12\" data-index-in-node=\"84\">Opaski Tyvek z nadrukiem na zapytanie ofertowe (1 kolor)<\/b>. Zaprojektowane z my\u015bl\u0105 o wydajno\u015bci i przyst\u0119pnej cenie, te opaski s\u0105 standardem bran\u017cowym na festiwalach, koncertach, w klubach i podczas imprez korporacyjnych wymagaj\u0105cych niezawodnej kontroli dost\u0119pu.<\/p>\n<p data-path-to-node=\"13\">W przeciwie\u0144stwie do standardowych opcji, nasza us\u0142uga drukowania na zapytanie ofertowe pozwala na dodanie logo, nazwy wydarzenia lub z w\u0142asnym nadrukiemgo tekstu w ostrym kolorze. <b data-path-to-node=\"13\" data-index-in-node=\"117\">Czarny lub bia\u0142y tusz<\/b>. Ta jednokolorowa metoda sitodruku zapewnia idealne po\u0142\u0105czenie niskich koszt\u00f3w i wysokiej widoczno\u015bci, dzi\u0119ki czemu jest idealnym wyborem do klasyfikowania uczestnik\u00f3w (np. VIP-\u00f3w, personelu, os\u00f3b z wst\u0119pem og\u00f3lnym) bez przekraczania bud\u017cetu.<\/p>\n<h2 data-path-to-node=\"14\">G\u0142\u00f3wne cechy<\/h2>\n<ul data-path-to-node=\"15\">\n<li>\n<p data-path-to-node=\"15,0,0\"><b data-path-to-node=\"15,0,0\" data-index-in-node=\"0\">Rozwi\u0105zanie ekonomicznego druku:<\/b> Szybki sitodruk jednokolorowy (czarno-bia\u0142y) gwarantuje niskie koszty jednostkowe, co doskonale sprawdza si\u0119 w przypadku wydarze\u0144 na du\u017c\u0105 skal\u0119.<\/p>\n<\/li>\n<li>\n<p data-path-to-node=\"15,1,0\"><b data-path-to-node=\"15,1,0\" data-index-in-node=\"0\">Zabezpieczenie przed manipulacj\u0105:<\/b> Ka\u017cdy pasek ma wyci\u0119t\u0105 ta\u015bm\u0119 klej\u0105c\u0105, kt\u00f3ra rozpada si\u0119 w razie pr\u00f3by odklejenia, uniemo\u017cliwiaj\u0105c transfer i utrat\u0119 dochod\u00f3w.<\/p>\n<\/li>\n<li>\n<p data-path-to-node=\"15,2,0\"><b data-path-to-node=\"15,2,0\" data-index-in-node=\"0\">Numerowanie sekwencyjne:<\/b> Wszystkie zespo\u0142y maj\u0105 nadrukowane unikalne numery seryjne, co u\u0142atwia \u015bledzenie frekwencji i kontrolowanie sprzeda\u017cy bilet\u00f3w.<\/p>\n<\/li>\n<li>\n<p data-path-to-node=\"15,3,1\"><span data-path-to-node=\"15,3,1,0\"><b data-path-to-node=\"15,3,1,0\" data-index-in-node=\"0\"><span class=\"citation-19\">Oryginalny DuPont\u2122 Tyvek\u00ae:<\/span><\/b><span class=\"citation-19\"> U\u017cywamy wy\u0142\u0105cznie oryginalnych materia\u0142\u00f3w, kt\u00f3re s\u0105 lekkie, ca\u0142kowicie wodoodporne i odporne na rozdarcia nawet do 5 dni noszenia. <\/span><\/span><\/p>\n<\/li>\n<li>\n<p data-path-to-node=\"15,4,0\"><b data-path-to-node=\"15,4,0\" data-index-in-node=\"0\">Szeroka gama kolor\u00f3w:<\/b> Czarny nadruk wyra\u017anie wyr\u00f3\u017cnia si\u0119 na tle naszej szerokiej gamy neonowych, metalicznych i jednolitych kolor\u00f3w paska bazowego.<\/p>\n<\/li>\n<\/ul>\n<h2 data-path-to-node=\"16\">Specyfikacje<\/h2>\n<ul data-path-to-node=\"17\">\n<li>\n<p data-path-to-node=\"17,0,1\"><span data-path-to-node=\"17,0,1,0\"><b data-path-to-node=\"17,0,1,0\" data-index-in-node=\"0\"><span class=\"citation-18\">Tworzywo:<\/span><\/b><span class=\"citation-18\"> DuPont\u2122 Tyvek\u00ae (nadaj\u0105cy si\u0119 do recyklingu polietylen o du\u017cej g\u0119sto\u015bci). <\/span><\/span><\/p>\n<\/li>\n<li>\n<p data-path-to-node=\"17,1,0\"><b data-path-to-node=\"17,1,0\" data-index-in-node=\"0\">Rodzaj druku:<\/b> Nadruk sitodrukowy 1-kolorowy (standard: czarny tusz).<\/p>\n<\/li>\n<li>\n<p data-path-to-node=\"17,2,0\"><b data-path-to-node=\"17,2,0\" data-index-in-node=\"0\">Rozmiar:<\/b> Standardowa szeroko\u015b\u0107 19 mm lub 25 mm (regulowana d\u0142ugo\u015b\u0107).<\/p>\n<\/li>\n<li>\n<p data-path-to-node=\"17,3,0\"><b data-path-to-node=\"17,3,0\" data-index-in-node=\"0\">Zamkni\u0119cie:<\/b> Jednorazowy klej zabezpieczaj\u0105cy przed otwarciem.<\/p>\n<\/li>\n<li>\n<p data-path-to-node=\"17,4,0\"><b data-path-to-node=\"17,4,0\" data-index-in-node=\"0\">Trwa\u0142o\u015b\u0107:<\/b> Wodoodporne, odporne na rozdarcie, nadaj\u0105 si\u0119 na 1-5 dni.<\/p>\n<\/li>\n<\/ul>\n<h2 data-path-to-node=\"18\">Przypadki u\u017cycia<\/h2>\n<ul data-path-to-node=\"19\">\n<li>\n<p data-path-to-node=\"19,0,0\"><b data-path-to-node=\"19,0,0\" data-index-in-node=\"0\">Sterowanie bram\u0105:<\/b> Szybka identyfikacja wizualna klient\u00f3w klub\u00f3w nocnych i bar\u00f3w.<\/p>\n<\/li>\n<li>\n<p data-path-to-node=\"19,1,0\"><b data-path-to-node=\"19,1,0\" data-index-in-node=\"0\">Zarz\u0105dzanie t\u0142umem:<\/b> Tekst wyr\u00f3\u017cniaj\u0105cy (np. \u201cPERSONEL\u201d, \u201cARTYSTA\u201d) w obszarach obj\u0119tych ograniczeniami.<\/p>\n<\/li>\n<li>\n<p data-path-to-node=\"19,2,0\"><b data-path-to-node=\"19,2,0\" data-index-in-node=\"0\">Du\u017ce festiwale:<\/b> Najbardziej bud\u017cetowy spos\u00f3b na zapewnienie udzia\u0142u tysi\u0105com uczestnik\u00f3w.<\/p>\n<\/li>\n<li>\n<p data-path-to-node=\"19,3,0\"><b data-path-to-node=\"19,3,0\" data-index-in-node=\"0\">Szatnia i sprzeda\u017c bilet\u00f3w:<\/b> Wykorzystanie numer\u00f3w sekwencyjnych do weryfikacji pojemno\u015bci.<\/p>\n<\/li>\n<\/ul>","protected":false},"excerpt":{"rendered":"<ul>\n<li>\n<p data-path-to-node=\"11,0,1\"><span data-path-to-node=\"11,0,1,0\"><b data-path-to-node=\"11,0,1,0\" data-index-in-node=\"0\"><span class=\"citation-22\">Ekonomiczne budowanie marki:<\/span><\/b><span class=\"citation-22\"> Wyrazisty, jednokolorowy nadruk sitodrukowy (czarny lub bia\u0142y) idealny do nadruku logo i tekstu<\/span><\/span><\/p>\n<\/li>\n<li>\n<p data-path-to-node=\"11,1,1\"><span data-path-to-node=\"11,1,1,0\"><b data-path-to-node=\"11,1,1,0\" data-index-in-node=\"0\"><span class=\"citation-21\">Wysoki poziom bezpiecze\u0144stwa:<\/span><\/b><span class=\"citation-21\"> Oznaczone numerami seryjnymi i zabezpieczone klejem zabezpieczaj\u0105cym przed manipulacj\u0105. <\/span><\/span><\/p>\n<\/li>\n<li>\n<p data-path-to-node=\"11,2,1\"><span data-path-to-node=\"11,2,1,0\"><b data-path-to-node=\"11,2,1,0\" data-index-in-node=\"0\"><span class=\"citation-20\">Trwa\u0142y materia\u0142:<\/span><\/b><span class=\"citation-20\"> Wykonane z oryginalnego materia\u0142u DuPont\u2122 Tyvek\u00ae \u2013 wodoodpornego i odpornego na rozdarcie. <\/span><\/span><\/p>\n<\/li>\n<li>\n<p data-path-to-node=\"11,3,0\"><b data-path-to-node=\"11,3,0\" data-index-in-node=\"0\">Szybka produkcja:<\/b> Najszybsze rozwi\u0105zanie dostosowane do kr\u00f3tkich termin\u00f3w.<\/p>\n<\/li>\n<\/ul>","protected":false},"featured_media":6108,"comment_status":"closed","ping_status":"closed","template":"","meta":[],"product_brand":[],"product_cat":[41],"product_tag":[],"class_list":{"0":"post-5497","1":"product","2":"type-product","3":"status-publish","4":"has-post-thumbnail","6":"product_cat-tyvek","8":"first","9":"instock","10":"shipping-taxable","11":"purchasable","12":"product-type-simple"},"_links":{"self":[{"href":"https:\/\/displayproducts.eu\/pl\/wp-json\/wp\/v2\/product\/5497","targetHints":{"allow":["GET"]}}],"collection":[{"href":"https:\/\/displayproducts.eu\/pl\/wp-json\/wp\/v2\/product"}],"about":[{"href":"https:\/\/displayproducts.eu\/pl\/wp-json\/wp\/v2\/types\/product"}],"replies":[{"embeddable":true,"href":"https:\/\/displayproducts.eu\/pl\/wp-json\/wp\/v2\/comments?post=5497"}],"wp:featuredmedia":[{"embeddable":true,"href":"https:\/\/displayproducts.eu\/pl\/wp-json\/wp\/v2\/media\/6108"}],"wp:attachment":[{"href":"https:\/\/displayproducts.eu\/pl\/wp-json\/wp\/v2\/media?parent=5497"}],"wp:term":[{"taxonomy":"product_brand","embeddable":true,"href":"https:\/\/displayproducts.eu\/pl\/wp-json\/wp\/v2\/product_brand?post=5497"},{"taxonomy":"product_cat","embeddable":true,"href":"https:\/\/displayproducts.eu\/pl\/wp-json\/wp\/v2\/product_cat?post=5497"},{"taxonomy":"product_tag","embeddable":true,"href":"https:\/\/displayproducts.eu\/pl\/wp-json\/wp\/v2\/product_tag?post=5497"}],"curies":[{"name":"wp","href":"https:\/\/api.w.org\/{rel}","templated":true}]}}