{"id":5416,"date":"2025-11-13T17:37:51","date_gmt":"2025-11-13T14:37:51","guid":{"rendered":"https:\/\/wristbandfactory.eu\/?post_type=product&#038;p=5416"},"modified":"2026-04-01T21:52:03","modified_gmt":"2026-04-01T18:52:03","slug":"usb-wristbands-custom-silicone","status":"publish","type":"product","link":"https:\/\/displayproducts.eu\/pl\/p\/usb-wristbands-custom-silicone\/","title":{"rendered":"Opaski USB (silikonowe na zapytanie ofertowe)"},"content":{"rendered":"<p>Zr\u00f3b trwa\u0142e wra\u017cenie na swoim kolejnym wydarzeniu firmowym lub targach dzi\u0119ki naszym personalizowanym silikonowym opaskom USB. Ten innowacyjny produkt promocyjny \u0142\u0105czy wygod\u0119 opaski na r\u0119k\u0119 z praktyczno\u015bci\u0105 pami\u0119ci USB, dzi\u0119ki czemu Twoja marka pozostanie w pami\u0119ci na d\u0142ugo po zako\u0144czeniu wydarzenia.<\/p>\n<p>Te opaski USB to idealne narz\u0119dzie do dystrybucji cyfrowych katalog\u00f3w, materia\u0142\u00f3w prezentacyjnych lub film\u00f3w marketingowych klientom i partnerom. Wykonane z wytrzyma\u0142ego i wygodnego silikonu, mo\u017cna je w pe\u0142ni spersonalizowa\u0107, aby pasowa\u0142y do identyfikacji wizualnej Twojej marki. Wybierz sw\u00f3j kolor i dodaj logo, aby zapewni\u0107 maksymaln\u0105 widoczno\u015b\u0107.<\/p>\n<p>Oferujemy szeroki wyb\u00f3r pojemno\u015bci, aby sprosta\u0107 wszelkim potrzebom biznesowym, od 8 GB do 128 GB. Przy minimalnym zam\u00f3wieniu 100 sztuk, te opaski na nadgarstek z pami\u0119ci\u0105 flash stanowi\u0105 skalowalne i skuteczne rozwi\u0105zanie w kampaniach marketingowych, szkoleniach wewn\u0119trznych lub jako gad\u017cety na wydarzeniach.<\/p>\n<p><b>G\u0142\u00f3wne cechy:<\/b><\/p>\n<ul>\n<li><b>Projekt o podw\u00f3jnej funkcji:<\/b> Pe\u0142ni funkcj\u0119 zar\u00f3wno noszonej silikonowej opaski na nadgarstek, jak i funkcjonalnego pendrive&#039;a USB.<\/li>\n<li><b>Pe\u0142na personalizacja:<\/b> Dost\u0119pne w dowolnym kolorze, aby idealnie dopasowa\u0107 si\u0119 do wytycznych Twojej marki.<\/li>\n<li><b>Wszechstronne przechowywanie:<\/b> Wybierz spo\u015br\u00f3d szerokiej gamy pojemno\u015bci (8 GB, 16 GB, 32 GB, 64 GB, 128 GB) dla swoich danych.<\/li>\n<li><b>Zapytanie ofertowe hurtowe gotowe:<\/b> Idealne na imprezy masowe i promocje przy minimalnym zam\u00f3wieniu 100 sztuk.<\/li>\n<li><b>Trwa\u0142y materia\u0142:<\/b> Wykonane z elastycznego i wygodnego silikonu (20,5 x 1,7 cm) stworzonego z my\u015bl\u0105 o d\u0142u\u017cszym noszeniu.<\/li>\n<\/ul>","protected":false},"excerpt":{"rendered":"<ul>\n<li>Praktyczny gad\u017cet promocyjny 2 w 1: wygodna silikonowa opaska na nadgarstek i pami\u0119\u0107 USB.<\/li>\n<li>W pe\u0142ni dostosowywalny do logo Twojej marki i okre\u015blonych kolor\u00f3w firmowych.<\/li>\n<li>Dost\u0119pne w szerokim zakresie pojemno\u015bci (od 8 GB do 128 GB), aby spe\u0142ni\u0107 Twoje potrzeby dotycz\u0105ce danych.<\/li>\n<li>Idealne na eventy firmowe, targi i konferencje. Minimalne zapytanie ofertowe: 100 szt.<\/li>\n<\/ul>","protected":false},"featured_media":6253,"comment_status":"closed","ping_status":"closed","template":"","meta":[],"product_brand":[],"product_cat":[128,88],"product_tag":[],"class_list":{"0":"post-5416","1":"product","2":"type-product","3":"status-publish","4":"has-post-thumbnail","6":"product_cat-mobile-tech-accessories","7":"product_cat-smart-wristbands","9":"first","10":"instock","11":"shipping-taxable","12":"product-type-simple"},"_links":{"self":[{"href":"https:\/\/displayproducts.eu\/pl\/wp-json\/wp\/v2\/product\/5416","targetHints":{"allow":["GET"]}}],"collection":[{"href":"https:\/\/displayproducts.eu\/pl\/wp-json\/wp\/v2\/product"}],"about":[{"href":"https:\/\/displayproducts.eu\/pl\/wp-json\/wp\/v2\/types\/product"}],"replies":[{"embeddable":true,"href":"https:\/\/displayproducts.eu\/pl\/wp-json\/wp\/v2\/comments?post=5416"}],"wp:featuredmedia":[{"embeddable":true,"href":"https:\/\/displayproducts.eu\/pl\/wp-json\/wp\/v2\/media\/6253"}],"wp:attachment":[{"href":"https:\/\/displayproducts.eu\/pl\/wp-json\/wp\/v2\/media?parent=5416"}],"wp:term":[{"taxonomy":"product_brand","embeddable":true,"href":"https:\/\/displayproducts.eu\/pl\/wp-json\/wp\/v2\/product_brand?post=5416"},{"taxonomy":"product_cat","embeddable":true,"href":"https:\/\/displayproducts.eu\/pl\/wp-json\/wp\/v2\/product_cat?post=5416"},{"taxonomy":"product_tag","embeddable":true,"href":"https:\/\/displayproducts.eu\/pl\/wp-json\/wp\/v2\/product_tag?post=5416"}],"curies":[{"name":"wp","href":"https:\/\/api.w.org\/{rel}","templated":true}]}}