{"id":5409,"date":"2025-11-13T17:32:46","date_gmt":"2025-11-13T14:32:46","guid":{"rendered":"https:\/\/wristbandfactory.eu\/?post_type=product&#038;p=5409"},"modified":"2026-04-01T21:52:03","modified_gmt":"2026-04-01T18:52:03","slug":"charging-cable-with-rpet-phone-strap-60w-usb-c","status":"publish","type":"product","link":"https:\/\/displayproducts.eu\/pl\/p\/charging-cable-with-rpet-phone-strap-60w-usb-c\/","title":{"rendered":"Kabel \u0142aduj\u0105cy z paskiem do telefonu rPET (60 W USB-C)"},"content":{"rendered":"<p><span style=\"font-family: -apple-system, BlinkMacSystemFont, 'Segoe UI', Roboto, 'Helvetica Neue', Arial, 'Noto Sans', sans-serif, 'Apple Color Emoji', 'Segoe UI Emoji', 'Segoe UI Symbol', 'Noto Color Emoji';\">Zaprezentuj naprawd\u0119 praktyczny i zr\u00f3wnowa\u017cony gad\u017cet technologiczny na swoich kolejnych targach lub wydarzeniu firmowym. Ten innowacyjny kabel do \u0142adowania 2 w 1 to co\u015b wi\u0119cej ni\u017c tylko \u017ar\u00f3d\u0142o zasilania; to wytrzyma\u0142y pasek do telefonu, dzi\u0119ki kt\u00f3remu Twoja marka pozostanie widoczna i pozostanie w kontakcie.<\/span><\/p>\n<p>Sercem tego produktu jest wydajny kabel USB typu C do typu C o mocy 60 W, obs\u0142uguj\u0105cy zar\u00f3wno szybkie \u0142adowanie, jak i szybki transfer danych. Pleciony kabel jest wykonany z przetworzonego tworzywa PET (rPET), co jest atrakcyjne dla klient\u00f3w i partner\u00f3w dbaj\u0105cych o \u015brodowisko. Jego dodatkow\u0105 funkcj\u0105 jest solidny pasek na telefon, kompatybilny z wi\u0119kszo\u015bci\u0105 etui. Pasek jest lekki, regulowany i imponuj\u0105co wytrzyma\u0142y, a jego no\u015bno\u015b\u0107 zosta\u0142a przetestowana pod k\u0105tem wytrzyma\u0142o\u015bci do 8 kg.<\/p>\n<p>Ten wielofunkcyjny kabel do \u0142adowania to doskona\u0142e narz\u0119dzie promocyjne dla firm technologicznych, konferencji korporacyjnych i agencji marketingowych. Dzi\u0119ki brandingowi wytrzyma\u0142ej aluminiowej obudowy, uczestnicy otrzymuj\u0105 u\u017cyteczny przedmiot, z kt\u00f3rego b\u0119d\u0105 korzysta\u0107 d\u0142ugo po wydarzeniu, maksymalizuj\u0105c widoczno\u015b\u0107 marki.<\/p>\n<p><b>G\u0142\u00f3wne cechy:<\/b><\/p>\n<ul>\n<li><b>Szybkie \u0142adowanie 60 W:<\/b> Szybki kabel USB-C do USB-C zapewnia szybkie zasilanie urz\u0105dze\u0144 i obs\u0142uguje transfer danych.<\/li>\n<li><b>Wytrzyma\u0142y pasek na telefon:<\/b> Pe\u0142ni funkcj\u0119 paska na nadgarstek, kt\u00f3ry mo\u017cna trzyma\u0107 bez u\u017cycia r\u0105k. Zosta\u0142 przetestowany pod k\u0105tem bezpiecznego utrzymania ci\u0119\u017caru do 8 kg.<\/li>\n<li><b>Materia\u0142 przyjazny dla \u015brodowiska:<\/b> Pleciony kabel wykonany z przetworzonych butelek rPET, idealny do budowania \u015bwiastrona g\u0142\u00f3wnao\u015bci marki nastawionej na zr\u00f3wnowa\u017cony rozw\u00f3j.<\/li>\n<li><b>Uniwersalna kompatybilno\u015b\u0107:<\/b> Zaprojektowane tak, aby pasowa\u0142y do wi\u0119kszo\u015bci etui na telefony, \u0142atwe do zamocowania i natychmiastowego u\u017cycia.<\/li>\n<li><b>Wersja premium:<\/b> Posiada trwa\u0142e obudowy z\u0142\u0105czy aluminiowych, idealne do grawerowania laserowego logo.<\/li>\n<\/ul>","protected":false},"excerpt":{"rendered":"<ul>\n<li>Rozwi\u0105zanie 3 w 1: pasek na nadgarstek do telefonu, kabel do szybkiego \u0142adowania 60 W i kabel do przesy\u0142u danych.<\/li>\n<li>Wykonane z trwa\u0142ego plecionego materia\u0142u rPET-Nylon.<\/li>\n<li>Posiada z\u0142\u0105cza typu C do typu C dla nowoczesnych urz\u0105dze\u0144.<\/li>\n<li>Niezwykle przydatny gad\u017cet promocyjny na konferencje technologiczne i eventy firmowe.<\/li>\n<\/ul>","protected":false},"featured_media":6681,"comment_status":"closed","ping_status":"closed","template":"","meta":[],"product_brand":[],"product_cat":[128],"product_tag":[],"class_list":{"0":"post-5409","1":"product","2":"type-product","3":"status-publish","4":"has-post-thumbnail","6":"product_cat-mobile-tech-accessories","8":"first","9":"instock","10":"shipping-taxable","11":"purchasable","12":"product-type-simple"},"_links":{"self":[{"href":"https:\/\/displayproducts.eu\/pl\/wp-json\/wp\/v2\/product\/5409","targetHints":{"allow":["GET"]}}],"collection":[{"href":"https:\/\/displayproducts.eu\/pl\/wp-json\/wp\/v2\/product"}],"about":[{"href":"https:\/\/displayproducts.eu\/pl\/wp-json\/wp\/v2\/types\/product"}],"replies":[{"embeddable":true,"href":"https:\/\/displayproducts.eu\/pl\/wp-json\/wp\/v2\/comments?post=5409"}],"wp:featuredmedia":[{"embeddable":true,"href":"https:\/\/displayproducts.eu\/pl\/wp-json\/wp\/v2\/media\/6681"}],"wp:attachment":[{"href":"https:\/\/displayproducts.eu\/pl\/wp-json\/wp\/v2\/media?parent=5409"}],"wp:term":[{"taxonomy":"product_brand","embeddable":true,"href":"https:\/\/displayproducts.eu\/pl\/wp-json\/wp\/v2\/product_brand?post=5409"},{"taxonomy":"product_cat","embeddable":true,"href":"https:\/\/displayproducts.eu\/pl\/wp-json\/wp\/v2\/product_cat?post=5409"},{"taxonomy":"product_tag","embeddable":true,"href":"https:\/\/displayproducts.eu\/pl\/wp-json\/wp\/v2\/product_tag?post=5409"}],"curies":[{"name":"wp","href":"https:\/\/api.w.org\/{rel}","templated":true}]}}