{"id":5406,"date":"2025-11-13T17:14:36","date_gmt":"2025-11-13T14:14:36","guid":{"rendered":"https:\/\/wristbandfactory.eu\/?post_type=product&#038;p=5406"},"modified":"2026-04-01T21:52:03","modified_gmt":"2026-04-01T18:52:03","slug":"microfiber-wristbands-with-zipper","status":"publish","type":"product","link":"https:\/\/displayproducts.eu\/pl\/p\/microfiber-wristbands-with-zipper\/","title":{"rendered":"Opaski na nadgarstek z mikrofibry z zamkiem b\u0142yskawicznym"},"content":{"rendered":"<p>Zapewnij uczestnikom swojego wydarzenia lub zespo\u0142owi praktyczny i dobrze widoczny gad\u017cet promocyjny. <span class=\"citation-205 citation-end-205\">Nasze opaski na nadgarstek z mikrofibry posiadaj\u0105 zintegrowan\u0105 kiesze\u0144 zapinan\u0105 na zamek, dzi\u0119ki czemu zapewniaj\u0105 bezpieczny spos\u00f3b noszenia kluczy, got\u00f3wki lub ma\u0142ych warto\u015bciowych przedmiot\u00f3w podczas uprawiania sportu, festiwali i innych aktywno\u015bci rekreacyjnych<\/span>.<\/p>\n<p><span class=\"citation-204 citation-end-204\">Wykonana z wytrzyma\u0142ego, a jednocze\u015bnie mi\u0119kkiego materia\u0142u z mikrofibry, opaska zapewnia wygodne i pewne dopasowanie do noszenia przez ca\u0142y dzie\u0144<\/span>. <span class=\"citation-203 citation-end-203\">Dopasowana kolorystycznie kiesze\u0144 na suwak jest zaprojektowana z my\u015bl\u0105 o personalizacji i oferuje obszar nadruku o wymiarach 5,5 x 4 cm, na kt\u00f3rym mo\u017cna nanie\u015b\u0107 logo firmy lub logo wydarzenia metod\u0105 sitodruku lub trwa\u0142ego transferu sitowego.<\/span><\/p>\n<p>Ten portfel na nadgarstek doskonale sprawdzi si\u0119 w programach wellness dla firm, b\u0119dzie sponsorem si\u0142owni, gad\u017cetem na targach lub funkcjonalnym dodatkiem dla uczestnik\u00f3w festiwali. Dzi\u0119ki niemu Twoja marka pozostanie widoczna w ka\u017cdym miejscu.<\/p>\n<p><b>G\u0142\u00f3wne cechy:<\/b><\/p>\n<ul>\n<li><b><span class=\"citation-202\">Bezpieczna kiesze\u0144 zapinana na zamek:<\/span><\/b><span class=\"citation-202 citation-end-202\"> Posiada zintegrowan\u0105 kiesze\u0144 z zamkiem b\u0142yskawicznym w pasuj\u0105cym kolorze, umo\u017cliwiaj\u0105c\u0105 bezpieczne przechowywanie<\/span>.<\/li>\n<li><b><span class=\"citation-201\">Mi\u0119kki materia\u0142 z mikrofibry:<\/span><\/b><span class=\"citation-201 citation-end-201\"> Wykonane z odpornej i mi\u0119kkiej mikrofibry, przeznaczone do uprawiania sportu i rekreacji<\/span>.<\/li>\n<li><b><span class=\"citation-200\">Wygodne i dopasowane:<\/span><\/b><span class=\"citation-200 citation-end-200\"> Wymiary 10 x 9 cm zapewniaj\u0105 dok\u0142adne i wygodne dopasowanie do aktywnego u\u017cytkowania<\/span>.<\/li>\n<li><b><span class=\"citation-199\">Obszar z w\u0142asnym nadrukiemj marki:<\/span><\/b><span class=\"citation-199 citation-end-199\"> Oferuje obszar nadruku o wymiarach 5,5 x 4 cm na kieszeni, na kt\u00f3rym mo\u017cna umie\u015bci\u0107 logo<\/span>.<\/li>\n<li><b><span class=\"citation-198\">\u017bywe kolory:<\/span><\/b><span class=\"citation-198 citation-end-198\"> Dost\u0119pne w wielu jasnych odcieniach, kt\u00f3re pasuj\u0105 do identyfikacji Twojej marki<\/span>.<\/li>\n<\/ul>","protected":false},"excerpt":{"rendered":"<ul>\n<li><span class=\"citation-209 citation-end-209\">Posiada bezpieczn\u0105 kiesze\u0144 zapinan\u0105 na zamek b\u0142yskawiczny na klucze, got\u00f3wk\u0119 lub drobne przedmioty<\/span>.<\/li>\n<li><span class=\"citation-208 citation-end-208\">Wykonane z mi\u0119kkiej i wytrzyma\u0142ej mikrofibry, idealne do uprawiania sportu i aktywnego wypoczynku<\/span>.<\/li>\n<li><span class=\"citation-207 citation-end-207\">Du\u017ca powierzchnia nadruku 5,5 x 4 cm na kieszeni, na kt\u00f3rej mo\u017cna umie\u015bci\u0107 logo<\/span>.\n<div class=\"source-inline-chip-container ng-star-inserted\"><\/div>\n<\/li>\n<li><span class=\"citation-206 citation-end-206\">Dost\u0119pne w szerokiej gamie jaskrawych kolor\u00f3w, pasuj\u0105cych do Twojej marki<\/span><\/li>\n<\/ul>","protected":false},"featured_media":6414,"comment_status":"closed","ping_status":"closed","template":"","meta":[],"product_brand":[],"product_cat":[66,118,122],"product_tag":[],"class_list":{"0":"post-5406","1":"product","2":"type-product","3":"status-publish","4":"has-post-thumbnail","6":"product_cat-wristbands","7":"product_cat-sports-fitness","8":"product_cat-promotional-accessories","10":"first","11":"instock","12":"shipping-taxable","13":"purchasable","14":"product-type-simple"},"_links":{"self":[{"href":"https:\/\/displayproducts.eu\/pl\/wp-json\/wp\/v2\/product\/5406","targetHints":{"allow":["GET"]}}],"collection":[{"href":"https:\/\/displayproducts.eu\/pl\/wp-json\/wp\/v2\/product"}],"about":[{"href":"https:\/\/displayproducts.eu\/pl\/wp-json\/wp\/v2\/types\/product"}],"replies":[{"embeddable":true,"href":"https:\/\/displayproducts.eu\/pl\/wp-json\/wp\/v2\/comments?post=5406"}],"wp:featuredmedia":[{"embeddable":true,"href":"https:\/\/displayproducts.eu\/pl\/wp-json\/wp\/v2\/media\/6414"}],"wp:attachment":[{"href":"https:\/\/displayproducts.eu\/pl\/wp-json\/wp\/v2\/media?parent=5406"}],"wp:term":[{"taxonomy":"product_brand","embeddable":true,"href":"https:\/\/displayproducts.eu\/pl\/wp-json\/wp\/v2\/product_brand?post=5406"},{"taxonomy":"product_cat","embeddable":true,"href":"https:\/\/displayproducts.eu\/pl\/wp-json\/wp\/v2\/product_cat?post=5406"},{"taxonomy":"product_tag","embeddable":true,"href":"https:\/\/displayproducts.eu\/pl\/wp-json\/wp\/v2\/product_tag?post=5406"}],"curies":[{"name":"wp","href":"https:\/\/api.w.org\/{rel}","templated":true}]}}