{"id":5404,"date":"2025-11-13T17:06:02","date_gmt":"2025-11-13T14:06:02","guid":{"rendered":"https:\/\/wristbandfactory.eu\/?post_type=product&#038;p=5404"},"modified":"2026-04-01T21:52:03","modified_gmt":"2026-04-01T18:52:03","slug":"rpet-phone-strap-with-60w-data-cable","status":"publish","type":"product","link":"https:\/\/displayproducts.eu\/pl\/p\/rpet-phone-strap-with-60w-data-cable\/","title":{"rendered":"Pasek do telefonu RPET z kablem danych 60 W"},"content":{"rendered":"<p>Zaoferuj wysoce u\u017cyteczny, ekologiczny gad\u017cet promocyjny na swojej kolejnej konferencji technologicznej lub wydarzeniu firmowym. VRIST to wielofunkcyjna opaska na nadgarstek zaprojektowana dla nowoczesnych profesjonalist\u00f3w, \u0142\u0105cz\u0105ca wygod\u0119 obs\u0142ugi bez u\u017cycia r\u0105k z niezb\u0119dnymi funkcjami \u0142adowania.<\/p>\n<p>Pasek o d\u0142ugo\u015bci 45 cm wykonany jest z ekologicznego materia\u0142u RPET (z recyklingowanego PET), co podkre\u015bla zaanga\u017cowanie marki w zr\u00f3wnowa\u017cony rozw\u00f3j. Pe\u0142ni funkcj\u0119 bezpiecznego uchwytu na telefon, umo\u017cliwiaj\u0105c uczestnikom wygodne trzymanie urz\u0105dzenia.<\/p>\n<p>Podstawow\u0105 funkcj\u0105 opaski jest pot\u0119\u017cna <b>Kabel typu C do typu C o mocy 60 W<\/b>, obs\u0142uguj\u0105cy zar\u00f3wno szybkie \u0142adowanie, jak i <b>transfer danych<\/b>. To sprawia, \u017ce jest to niezwykle praktyczny gad\u017cet dla mi\u0142o\u015bnik\u00f3w technologii. Klips na klucze zapewnia dodatkow\u0105 funkcjonalno\u015b\u0107. Produkt jest wytwarzany w fabryce obj\u0119tej audytem Amfori BSCI, co gwarantuje odpowiedzialny \u0142a\u0144cuch dostaw.<\/p>\n<p><b>G\u0142\u00f3wne cechy:<\/b><\/p>\n<ul>\n<li><b>Wielofunkcyjna konstrukcja:<\/b> Mo\u017ce s\u0142u\u017cy\u0107 jako uchwyt na telefon, opaska na nadgarstek, kabel do przesy\u0142u danych o du\u017cej pr\u0119dko\u015bci i klips do kluczy.<\/li>\n<li><b>Materia\u0142 przyjazny dla \u015brodowiska:<\/b> Pasek wykonany jest z przetworzonego tworzywa PET (RPET), co stanowi dow\u00f3d zr\u00f3wnowa\u017conego rozwoju przedsi\u0119biorstwa.<\/li>\n<li><b>Moc i dane 60 W:<\/b> Szybki kabel typu C do typu C o mocy 60 W obs\u0142uguje zar\u00f3wno szybkie \u0142adowanie, jak i przesy\u0142anie danych.<\/li>\n<li><b>Korzystanie z funkcji g\u0142o\u015bnom\u00f3wi\u0105cych podczas wydarze\u0144:<\/b> Umo\u017cliwia uczestnikom bezpieczne przechowywanie telefon\u00f3w i kluczy oraz zapewnia do nich \u0142atwy dost\u0119p.<\/li>\n<li><b>Odpowiedzialne pozyskiwanie:<\/b> Wyprodukowano w fabryce obj\u0119tej audytem amfori BSCI.<\/li>\n<\/ul>","protected":false},"excerpt":{"rendered":"<ul>\n<li>Ekologiczny pasek wykonany z przetworzonego materia\u0142u PET (RPET).<\/li>\n<li>Szybki kabel 60 W typu C do typu C do \u0142adowania i przesy\u0142ania danych.<\/li>\n<li>Pe\u0142ni funkcj\u0119 opaski na nadgarstek i uchwytu na telefon, zapewniaj\u0105c wygod\u0119 korzystania z telefonu podczas wydarze\u0144.<\/li>\n<li>W zestawie znajduje si\u0119 klips na klucze, kt\u00f3ry zwi\u0119ksza jego u\u017cyteczno\u015b\u0107.<\/li>\n<\/ul>","protected":false},"featured_media":6666,"comment_status":"closed","ping_status":"closed","template":"","meta":[],"product_brand":[],"product_cat":[128],"product_tag":[],"class_list":{"0":"post-5404","1":"product","2":"type-product","3":"status-publish","4":"has-post-thumbnail","6":"product_cat-mobile-tech-accessories","8":"first","9":"instock","10":"shipping-taxable","11":"purchasable","12":"product-type-simple"},"_links":{"self":[{"href":"https:\/\/displayproducts.eu\/pl\/wp-json\/wp\/v2\/product\/5404","targetHints":{"allow":["GET"]}}],"collection":[{"href":"https:\/\/displayproducts.eu\/pl\/wp-json\/wp\/v2\/product"}],"about":[{"href":"https:\/\/displayproducts.eu\/pl\/wp-json\/wp\/v2\/types\/product"}],"replies":[{"embeddable":true,"href":"https:\/\/displayproducts.eu\/pl\/wp-json\/wp\/v2\/comments?post=5404"}],"wp:featuredmedia":[{"embeddable":true,"href":"https:\/\/displayproducts.eu\/pl\/wp-json\/wp\/v2\/media\/6666"}],"wp:attachment":[{"href":"https:\/\/displayproducts.eu\/pl\/wp-json\/wp\/v2\/media?parent=5404"}],"wp:term":[{"taxonomy":"product_brand","embeddable":true,"href":"https:\/\/displayproducts.eu\/pl\/wp-json\/wp\/v2\/product_brand?post=5404"},{"taxonomy":"product_cat","embeddable":true,"href":"https:\/\/displayproducts.eu\/pl\/wp-json\/wp\/v2\/product_cat?post=5404"},{"taxonomy":"product_tag","embeddable":true,"href":"https:\/\/displayproducts.eu\/pl\/wp-json\/wp\/v2\/product_tag?post=5404"}],"curies":[{"name":"wp","href":"https:\/\/api.w.org\/{rel}","templated":true}]}}