{"id":5402,"date":"2025-11-13T16:55:11","date_gmt":"2025-11-13T13:55:11","guid":{"rendered":"https:\/\/wristbandfactory.eu\/?post_type=product&#038;p=5402"},"modified":"2026-04-01T21:52:03","modified_gmt":"2026-04-01T18:52:03","slug":"floating-foam-wristband-keychains","status":"publish","type":"product","link":"https:\/\/displayproducts.eu\/pl\/p\/floating-foam-wristband-keychains\/","title":{"rendered":"P\u0142ywaj\u0105ce opaski piankowe na nadgarstek"},"content":{"rendered":"<p>Zadbaj o bezpiecze\u0144stwo kluczy swoich klient\u00f3w podczas firmowych imprez wodnych, w marinach lub na rejsach, dzi\u0119ki naszym p\u0142ywaj\u0105cym brelokom z pianki. Ten praktyczny gad\u017cet promocyjny to niezb\u0119dnik w ka\u017cdej firmie zwi\u0105zanej z bran\u017c\u0105 wodn\u0105, hotelarsk\u0105 lub \u017ceglarsk\u0105.<\/p>\n<p>Ten brelok, zaprojektowany z my\u015bl\u0105 o wygodnym noszeniu na nadgarstku, wykonany jest z wytrzyma\u0142ego poliestru PET wype\u0142nionego piank\u0105. Taka konstrukcja zapewnia mu p\u0142ywalno\u015b\u0107, zapobiegaj\u0105c zatoni\u0119ciu standardowych kluczy w przypadku upuszczenia do wody. Jasny kolor PANTONE 298C zapewnia doskona\u0142\u0105 widoczno\u015b\u0107, dzi\u0119ki czemu \u0142atwo go znale\u017a\u0107.<\/p>\n<p>Ten p\u0142ywaj\u0105cy brelok doskonale nadaje si\u0119 do rozdawania na pokazach \u0142odzi, jako standardowy gad\u017cet dla cz\u0142onk\u00f3w marin lub jako funkcjonalny upominek dla marek z bran\u017cy turystycznej i hotelarskiej. Dzi\u0119ki niemu Twoja marka b\u0119dzie kojarzona z bezpiecze\u0144stwem i praktyczno\u015bci\u0105.<\/p>\n<p><b>G\u0142\u00f3wne cechy:<\/b><\/p>\n<ul>\n<li><b>Konstrukcja wype\u0142niona piank\u0105 zapewniaj\u0105ca wyporno\u015b\u0107:<\/b> Niezawodnie unosi si\u0119 na wodzie, zapobiegaj\u0105c zatoni\u0119ciu kluczy w wodzie.<\/li>\n<li><b>Trwa\u0142y materia\u0142 PET:<\/b> Wykonane z wytrzyma\u0142ego poliestru, co umo\u017cliwia d\u0142ugotrwa\u0142e u\u017cytkowanie w \u015brodowisku morskim.<\/li>\n<li><b>Kolor o wysokiej widoczno\u015bci:<\/b> Dost\u0119pny w jaskrawym kolorze PANTONE 298C, \u0142atwym do zauwa\u017cenia w wodzie.<\/li>\n<li><b>Korzystanie bez u\u017cycia r\u0105k:<\/b> Pe\u0142ni funkcj\u0119 opaski na nadgarstek i breloka, co zapewnia praktyczn\u0105 wygod\u0119.<\/li>\n<li><b>Certyfikowana produkcja:<\/b> Wyprodukowano w fabryce obj\u0119tej audytem amfori BSCI, co gwarantuje odpowiedzialne pozyskiwanie surowc\u00f3w.<\/li>\n<\/ul>","protected":false},"excerpt":{"rendered":"<ul>\n<li>Zapobiega zatapianiu si\u0119 kluczy, idealny na \u0142odziach, w marinach i podczas imprez nad wod\u0105.<\/li>\n<li>Wykonane z trwa\u0142ego poliestru PET wype\u0142nionego piank\u0105, co zapewnia niezawodn\u0105 wyporno\u015b\u0107.<\/li>\n<li>Stanowi dobrze widoczny materia\u0142 promocyjny dla marek zwi\u0105zanych z wod\u0105.<\/li>\n<li>Dost\u0119pne w \u017cywym odcieniu b\u0142\u0119kitu PANTONE 298C, \u0142atwym do zauwa\u017cenia.<\/li>\n<\/ul>","protected":false},"featured_media":6411,"comment_status":"closed","ping_status":"closed","template":"","meta":[],"product_brand":[],"product_cat":[66,94],"product_tag":[],"class_list":{"0":"post-5402","1":"product","2":"type-product","3":"status-publish","4":"has-post-thumbnail","6":"product_cat-wristbands","7":"product_cat-keychains","9":"first","10":"instock","11":"shipping-taxable","12":"purchasable","13":"product-type-simple"},"_links":{"self":[{"href":"https:\/\/displayproducts.eu\/pl\/wp-json\/wp\/v2\/product\/5402","targetHints":{"allow":["GET"]}}],"collection":[{"href":"https:\/\/displayproducts.eu\/pl\/wp-json\/wp\/v2\/product"}],"about":[{"href":"https:\/\/displayproducts.eu\/pl\/wp-json\/wp\/v2\/types\/product"}],"replies":[{"embeddable":true,"href":"https:\/\/displayproducts.eu\/pl\/wp-json\/wp\/v2\/comments?post=5402"}],"wp:featuredmedia":[{"embeddable":true,"href":"https:\/\/displayproducts.eu\/pl\/wp-json\/wp\/v2\/media\/6411"}],"wp:attachment":[{"href":"https:\/\/displayproducts.eu\/pl\/wp-json\/wp\/v2\/media?parent=5402"}],"wp:term":[{"taxonomy":"product_brand","embeddable":true,"href":"https:\/\/displayproducts.eu\/pl\/wp-json\/wp\/v2\/product_brand?post=5402"},{"taxonomy":"product_cat","embeddable":true,"href":"https:\/\/displayproducts.eu\/pl\/wp-json\/wp\/v2\/product_cat?post=5402"},{"taxonomy":"product_tag","embeddable":true,"href":"https:\/\/displayproducts.eu\/pl\/wp-json\/wp\/v2\/product_tag?post=5402"}],"curies":[{"name":"wp","href":"https:\/\/api.w.org\/{rel}","templated":true}]}}