{"id":5393,"date":"2025-11-13T16:47:58","date_gmt":"2025-11-13T13:47:58","guid":{"rendered":"https:\/\/wristbandfactory.eu\/?post_type=product&#038;p=5393"},"modified":"2026-04-01T21:52:03","modified_gmt":"2026-04-01T18:52:03","slug":"silicone-wristbands-with-aluminium-plate","status":"publish","type":"product","link":"https:\/\/displayproducts.eu\/pl\/p\/silicone-wristbands-with-aluminium-plate\/","title":{"rendered":"Opaski silikonowe z p\u0142ytk\u0105 aluminiow\u0105"},"content":{"rendered":"<p><span class=\"citation-125 citation-end-125\">Ulepsz swoje artyku\u0142y promocyjne dzi\u0119ki naszym silikonowym opaskom na r\u0119k\u0119 z widoczn\u0105 aluminiow\u0105 p\u0142ytk\u0105. <\/span><span class=\"citation-124 citation-end-124\">Model ten \u0142\u0105czy w sobie komfort i trwa\u0142o\u015b\u0107 silikonu z najwy\u017cszej jako\u015bci metalow\u0105 p\u0142ytk\u0105, tworz\u0105c idealne p\u0142\u00f3tno na logo Twojej firmy. <\/span><\/p>\n<p><span class=\"citation-123 citation-end-123\">W przeciwie\u0144stwie do standardowych pask\u00f3w drukowanych lub t\u0142oczonych, srebrna p\u0142ytka aluminiowa <\/span> jest przeznaczony do grawerowania laserowego, oferuj\u0105c ostre, trwa\u0142e i wysokiej jako\u015bci wyko\u0144czenie, kt\u00f3re si\u0119 nie \u015bciera. Dzi\u0119ki temu doskonale nadaje si\u0119 na imprezy firmowe, wej\u015bcia VIP lub jako trwa\u0142y gad\u017cet promocyjny, kt\u00f3ry doceni\u0105 klienci i pracownicy.<\/p>\n<p><span class=\"citation-122 citation-end-122\">Sam pasek wykonany jest z wysokiej jako\u015bci, wytrzyma\u0142ego silikonu, co gwarantuje wygod\u0119 noszenia przez ca\u0142y dzie\u0144 na konferencjach lub targach. <\/span> Rozmiar 202 x 12 x 3 mm pasuje do wi\u0119kszo\u015bci doros\u0142ych. Ten projekt z r\u00f3\u017cnych materia\u0142\u00f3w oferuje wyrafinowany i nowoczesny wygl\u0105d Twojej kolejnej kampanii marketingowej.<\/p>\n<p><b>G\u0142\u00f3wne cechy:<\/b><\/p>\n<ul>\n<li><b><span class=\"citation-121\">P\u0142yta metalowa premium:<\/span><\/b><span class=\"citation-121 citation-end-121\"> Posiada jasn\u0105, srebrn\u0105 p\u0142ytk\u0119 aluminiow\u0105, idealn\u0105 do grawerowania laserowego. <\/span><\/li>\n<li><b><span class=\"citation-120\">Trwa\u0142y pasek silikonowy:<\/span><\/b><span class=\"citation-120 citation-end-120\"> Wykonane z wysokiej jako\u015bci silikonu 100% zapewniaj\u0105cego komfort i trwa\u0142o\u015b\u0107. <\/span><\/li>\n<li><b>Branding wysokiej klasy:<\/b> Oferuje bardziej wyrafinowan\u0105 i trwa\u0142\u0105 opcj\u0119 znakowania ni\u017c standardowe paski wykonane w ca\u0142o\u015bci z silikonu.<\/li>\n<li><b>Standardowy rozmiar dla doros\u0142ych:<\/b> Wymiary 202 x 12 x 3 mm s\u0105 odpowiednie dla wi\u0119kszo\u015bci uczestnik\u00f3w.<\/li>\n<li><b>Lekka:<\/b> Wa\u017cy zaledwie 8 g, dzi\u0119ki czemu mo\u017cna go wygodnie nosi\u0107 przez ca\u0142y dzie\u0144.<\/li>\n<\/ul>","protected":false},"excerpt":{"rendered":"<ul>\n<li><span class=\"citation-127 citation-end-127\">Posiada wysokiej jako\u015bci srebrn\u0105 p\u0142ytk\u0119 aluminiow\u0105, na kt\u00f3rej mo\u017cna umie\u015bci\u0107 trwa\u0142e, grawerowane logo. <\/span><\/li>\n<li><span class=\"citation-126 citation-end-126\">Wytrzyma\u0142y silikonowy pasek 100% jest wygodny w noszeniu przez ca\u0142y dzie\u0144. <\/span><\/li>\n<li>Doskonale nadaje si\u0119 na imprezy firmowe, zbi\u00f3rki funduszy i jako wysokiej jako\u015bci gad\u017cet promocyjny.<\/li>\n<li>Standardowy rozmiar 202 x 12 x 3 mm pasuje na nadgarstki wi\u0119kszo\u015bci doros\u0142ych os\u00f3b.<\/li>\n<\/ul>","protected":false},"featured_media":5946,"comment_status":"closed","ping_status":"closed","template":"","meta":[],"product_brand":[],"product_cat":[49],"product_tag":[],"class_list":{"0":"post-5393","1":"product","2":"type-product","3":"status-publish","4":"has-post-thumbnail","6":"product_cat-silicone","8":"first","9":"instock","10":"shipping-taxable","11":"purchasable","12":"product-type-simple"},"_links":{"self":[{"href":"https:\/\/displayproducts.eu\/pl\/wp-json\/wp\/v2\/product\/5393","targetHints":{"allow":["GET"]}}],"collection":[{"href":"https:\/\/displayproducts.eu\/pl\/wp-json\/wp\/v2\/product"}],"about":[{"href":"https:\/\/displayproducts.eu\/pl\/wp-json\/wp\/v2\/types\/product"}],"replies":[{"embeddable":true,"href":"https:\/\/displayproducts.eu\/pl\/wp-json\/wp\/v2\/comments?post=5393"}],"wp:featuredmedia":[{"embeddable":true,"href":"https:\/\/displayproducts.eu\/pl\/wp-json\/wp\/v2\/media\/5946"}],"wp:attachment":[{"href":"https:\/\/displayproducts.eu\/pl\/wp-json\/wp\/v2\/media?parent=5393"}],"wp:term":[{"taxonomy":"product_brand","embeddable":true,"href":"https:\/\/displayproducts.eu\/pl\/wp-json\/wp\/v2\/product_brand?post=5393"},{"taxonomy":"product_cat","embeddable":true,"href":"https:\/\/displayproducts.eu\/pl\/wp-json\/wp\/v2\/product_cat?post=5393"},{"taxonomy":"product_tag","embeddable":true,"href":"https:\/\/displayproducts.eu\/pl\/wp-json\/wp\/v2\/product_tag?post=5393"}],"curies":[{"name":"wp","href":"https:\/\/api.w.org\/{rel}","templated":true}]}}