{"id":5312,"date":"2025-10-24T14:27:43","date_gmt":"2025-10-24T11:27:43","guid":{"rendered":"https:\/\/wristbandfactory.eu\/?post_type=product&#038;p=5312"},"modified":"2026-04-01T21:52:35","modified_gmt":"2026-04-01T18:52:35","slug":"eco-friendly-cardboard-lanyards-20mm","status":"publish","type":"product","link":"https:\/\/displayproducts.eu\/pl\/p\/eco-friendly-cardboard-lanyards-20mm\/","title":{"rendered":"Ekologiczne smycze papierowe (Karton)"},"content":{"rendered":"<p data-path-to-node=\"11\">Wyra\u017anie i w widoczny spos\u00f3b przedstaw warto\u015bci \u015brodowiskowe swojej organizacji dzi\u0119ki naszym <b>Ekologiczne smycze tekturowe<\/b>. Jako najlepsze rozwi\u0105zanie \u201cantyplastikowe\u201d, te smycze zosta\u0142y zaprojektowane z my\u015bl\u0105 o wydarzeniach zero waste, ekologicznych konferencjach i markach, kt\u00f3re chc\u0105 dzia\u0142a\u0107 zgodnie z zasadami zr\u00f3wnowa\u017conego rozwoju.<\/p>\n<p data-path-to-node=\"12\">Wykonane z <b>odporna tektura z recyklingu<\/b> (wzmocniony materia\u0142 papierowy), te smycze stanowi\u0105 zr\u00f3wnowa\u017con\u0105 alternatyw\u0119 dla poliestru i nylonu. Cho\u0107 w dotyku przypominaj\u0105 naturalny papier i s\u0105 lekkie, zosta\u0142y zaprojektowane tak, aby by\u0142y wystarczaj\u0105co trwa\u0142e, by wytrzyma\u0107 trudy typowych targ\u00f3w lub event\u00f3w firmowych. Ich charakterystyczny wygl\u0105d przypominaj\u0105cy papier pakowy natychmiast przekazuje ka\u017cdemu uczestnikowi przes\u0142anie o ochronie \u015brodowiska.<\/p>\n<p data-path-to-node=\"13\">Ka\u017cda smycz ma standardow\u0105 szeroko\u015b\u0107 20 mm, co zapewnia wygodne dopasowanie i jest wyposa\u017cona w wysokiej jako\u015bci <b>metalowy karabi\u0144czyk obrotowy<\/b>. Dzi\u0119ki temu masz pewno\u015b\u0107, \u017ce nawet Tw\u00f3j mechanizm mocowania b\u0119dzie trwa\u0142y i niezawodny. Wybieraj\u0105c ten produkt z linii \u201cNature Line\u201d, ca\u0142kowicie eliminujesz plastik jednorazowego u\u017cytku z \u0142a\u0144cucha dostaw na swoim wydarzeniu.<\/p>\n<p data-path-to-node=\"14\"><b>G\u0142\u00f3wne cechy:<\/b><\/p>\n<ul data-path-to-node=\"15\">\n<li>\n<p data-path-to-node=\"15,0,0\"><b>Tworzywo:<\/b> 100% Odporna tektura pochodz\u0105ca z recyklingu (na bazie papieru).<\/p>\n<\/li>\n<li>\n<p data-path-to-node=\"15,1,0\"><b>Zr\u00f3wnowa\u017cony rozw\u00f3j:<\/b> Ca\u0142kowicie wolna od plastiku alternatywa dla ekologicznego brandingu.<\/p>\n<\/li>\n<li>\n<p data-path-to-node=\"15,2,0\"><b>Trwa\u0142o\u015b\u0107:<\/b> Zaprojektowane do bezpiecznego przechowywania identyfikator\u00f3w podczas standardowych wydarze\u0144.<\/p>\n<\/li>\n<li>\n<p data-path-to-node=\"15,3,0\"><b>Sprz\u0119t komputerowy:<\/b> W zestawie znajduje si\u0119 solidny metalowy karabi\u0144czyk obrotowy umo\u017cliwiaj\u0105cy \u0142atwe mocowanie.<\/p>\n<\/li>\n<li>\n<p data-path-to-node=\"15,4,0\"><b>Estetyka:<\/b> Naturalne, matowe wyko\u0144czenie podkre\u015blaj\u0105ce ekologiczne pochodzenie.<\/p>\n<\/li>\n<\/ul>","protected":false},"excerpt":{"rendered":"<ul>\n<li>\n<p data-path-to-node=\"9,0,0\"><b>Rozwi\u0105zanie zero-plastikowe:<\/b> Smycz wykonana ca\u0142kowicie z trwa\u0142ego materia\u0142u na bazie papieru pochodz\u0105cego z recyklingu, niezawieraj\u0105ca plastiku.<\/p>\n<\/li>\n<li>\n<p data-path-to-node=\"9,1,0\"><b>Linia Nature:<\/b> Cz\u0119\u015b\u0107 naszej ekskluzywnej, ekologicznej serii, oferuj\u0105cej wyj\u0105tkow\u0105, naturaln\u0105 estetyk\u0119 (wygl\u0105d papieru typu kraft).<\/p>\n<\/li>\n<li>\n<p data-path-to-node=\"9,2,0\"><b>Zaskakuj\u0105co trwa\u0142e:<\/b> Zaprojektowane tak, aby by\u0142y wystarczaj\u0105co wytrzyma\u0142e, by sprawdza\u0107 si\u0119 podczas jednodniowych wydarze\u0144, konferencji i spotka\u0144.<\/p>\n<\/li>\n<li>\n<p data-path-to-node=\"9,3,0\"><b>Standardowe dopasowanie:<\/b> Szeroko\u015b\u0107 20 mm gwarantuje widoczno\u015b\u0107 i wygod\u0119, a ca\u0142o\u015b\u0107 wyposa\u017cona jest w solidny metalowy obrotowy karabi\u0144czyk.<\/p>\n<\/li>\n<\/ul>","protected":false},"featured_media":6697,"comment_status":"closed","ping_status":"closed","template":"","meta":[],"product_brand":[],"product_cat":[107,113],"product_tag":[],"class_list":{"0":"post-5312","1":"product","2":"type-product","3":"status-publish","4":"has-post-thumbnail","6":"product_cat-eco-friendly-lanyards","7":"product_cat-plain-lanyards","9":"first","10":"instock","11":"shipping-taxable","12":"purchasable","13":"product-type-simple"},"_links":{"self":[{"href":"https:\/\/displayproducts.eu\/pl\/wp-json\/wp\/v2\/product\/5312","targetHints":{"allow":["GET"]}}],"collection":[{"href":"https:\/\/displayproducts.eu\/pl\/wp-json\/wp\/v2\/product"}],"about":[{"href":"https:\/\/displayproducts.eu\/pl\/wp-json\/wp\/v2\/types\/product"}],"replies":[{"embeddable":true,"href":"https:\/\/displayproducts.eu\/pl\/wp-json\/wp\/v2\/comments?post=5312"}],"wp:featuredmedia":[{"embeddable":true,"href":"https:\/\/displayproducts.eu\/pl\/wp-json\/wp\/v2\/media\/6697"}],"wp:attachment":[{"href":"https:\/\/displayproducts.eu\/pl\/wp-json\/wp\/v2\/media?parent=5312"}],"wp:term":[{"taxonomy":"product_brand","embeddable":true,"href":"https:\/\/displayproducts.eu\/pl\/wp-json\/wp\/v2\/product_brand?post=5312"},{"taxonomy":"product_cat","embeddable":true,"href":"https:\/\/displayproducts.eu\/pl\/wp-json\/wp\/v2\/product_cat?post=5312"},{"taxonomy":"product_tag","embeddable":true,"href":"https:\/\/displayproducts.eu\/pl\/wp-json\/wp\/v2\/product_tag?post=5312"}],"curies":[{"name":"wp","href":"https:\/\/api.w.org\/{rel}","templated":true}]}}