{"id":5307,"date":"2025-10-24T14:13:39","date_gmt":"2025-10-24T11:13:39","guid":{"rendered":"https:\/\/wristbandfactory.eu\/?post_type=product&#038;p=5307"},"modified":"2026-04-01T21:52:35","modified_gmt":"2026-04-01T18:52:35","slug":"plantable-seed-paper-id-badges","status":"publish","type":"product","link":"https:\/\/displayproducts.eu\/pl\/p\/plantable-seed-paper-id-badges\/","title":{"rendered":"Identyfikatory papierowe do sadzenia nasion"},"content":{"rendered":"<p>Standardowe identyfikatory wydarze\u0144 cz\u0119sto bezpo\u015brednio przyczyniaj\u0105 si\u0119 do powstawania odpad\u00f3w na wysypiskach. Nasze identyfikatory papierowe do sadzenia nasion przekszta\u0142caj\u0105 ten problem w mocny, zr\u00f3wnowa\u017cony przekaz marketingowy. Ten ekologiczny identyfikator nie tylko spe\u0142nia swoj\u0105 funkcj\u0119 podczas wydarzenia, ale tak\u017ce stanowi niezapomniane, bezodpadowe podsumowanie.<\/p>\n<p>Ka\u017cdy identyfikator wykonany z recyklingowanej tektury zawiera specjaln\u0105 kart\u0119 z nasionami dzikich kwiat\u00f3w. Po konferencji lub targach uczestnicy mog\u0105 zasadzi\u0107 ca\u0142y identyfikator, zamieniaj\u0105c go w grz\u0105dk\u0119 z r\u00f3\u017cnorodnymi kwiatami. Ta wyj\u0105tkowa cecha podkre\u015bla zaanga\u017cowanie Twojej marki w zr\u00f3wnowa\u017cony rozw\u00f3j na d\u0142ugo po zako\u0144czeniu wydarzenia.<\/p>\n<p>Ka\u017cda plakietka zawiera czytelne instrukcje dotycz\u0105ce sadzenia i jest opatrzona emblematem \u201cMade in Europe\u201d, co gwarantuje jako\u015b\u0107 i ni\u017cszy \u015blad w\u0119glowy. To idealny wyb\u00f3r na zielone eventy firmowe, targi bran\u017cowe i dla ka\u017cdej organizacji, kt\u00f3ra chce w widoczny spos\u00f3b zadeklarowa\u0107 swoj\u0105 dba\u0142o\u015b\u0107 o \u015brodowisko.<\/p>\n<p><b>G\u0142\u00f3wne cechy:<\/b><\/p>\n<ul>\n<li><b>Materia\u0142 przyjazny dla \u015brodowiska:<\/b> G\u0142\u00f3wny uchwyt wykonany jest z recyklingowanej tektury.<\/li>\n<li><b>Papier do wysiewania nasion:<\/b> W zestawie znajduje si\u0119 karta z nasionami kwiat\u00f3w polnych, kt\u00f3re wyrosn\u0105 po posadzeniu.<\/li>\n<li><b>Rozwi\u0105zanie zero waste:<\/b> Mo\u017cna zasadzi\u0107 ca\u0142\u0105 odznak\u0119, nie pozostawiaj\u0105c \u017cadnych odpad\u00f3w.<\/li>\n<li><b>Wyprodukowano w Europie:<\/b> Nosi emblemat \u201cMade in Europe\u201d, kt\u00f3ry oznacza jako\u015b\u0107 i zmniejszony \u015blad w\u0119glowy.<\/li>\n<li><b>Zawiera instrukcje:<\/b> Wewn\u0105trz znajduj\u0105 si\u0119 czytelne instrukcje dotycz\u0105ce sadzenia.<\/li>\n<li><b>Wymiary:<\/b> 11,3 x 9,3 cm.<\/li>\n<\/ul>","protected":false},"excerpt":{"rendered":"<ul>\n<li>Wyka\u017c swoje zaanga\u017cowanie na rzecz zr\u00f3wnowa\u017conego rozwoju podczas wydarze\u0144.<\/li>\n<li>Wykonane z recyklingowanego kartonu, z do\u0142\u0105czon\u0105 kart\u0105 z nasionami kwiat\u00f3w polnych.<\/li>\n<li>Ca\u0142\u0105 odznak\u0119 mo\u017cna umie\u015bci\u0107 po wydarzeniu.<\/li>\n<li>\u201cWyprodukowano w Europie\u201d to gwarancja jako\u015bci i mniejszego \u015bladu w\u0119glowego.<\/li>\n<\/ul>","protected":false},"featured_media":5308,"comment_status":"closed","ping_status":"closed","template":"","meta":[],"product_brand":[],"product_cat":[91],"product_tag":[],"class_list":{"0":"post-5307","1":"product","2":"type-product","3":"status-publish","4":"has-post-thumbnail","6":"product_cat-badge-holders","8":"first","9":"instock","10":"shipping-taxable","11":"purchasable","12":"product-type-simple"},"_links":{"self":[{"href":"https:\/\/displayproducts.eu\/pl\/wp-json\/wp\/v2\/product\/5307","targetHints":{"allow":["GET"]}}],"collection":[{"href":"https:\/\/displayproducts.eu\/pl\/wp-json\/wp\/v2\/product"}],"about":[{"href":"https:\/\/displayproducts.eu\/pl\/wp-json\/wp\/v2\/types\/product"}],"replies":[{"embeddable":true,"href":"https:\/\/displayproducts.eu\/pl\/wp-json\/wp\/v2\/comments?post=5307"}],"wp:featuredmedia":[{"embeddable":true,"href":"https:\/\/displayproducts.eu\/pl\/wp-json\/wp\/v2\/media\/5308"}],"wp:attachment":[{"href":"https:\/\/displayproducts.eu\/pl\/wp-json\/wp\/v2\/media?parent=5307"}],"wp:term":[{"taxonomy":"product_brand","embeddable":true,"href":"https:\/\/displayproducts.eu\/pl\/wp-json\/wp\/v2\/product_brand?post=5307"},{"taxonomy":"product_cat","embeddable":true,"href":"https:\/\/displayproducts.eu\/pl\/wp-json\/wp\/v2\/product_cat?post=5307"},{"taxonomy":"product_tag","embeddable":true,"href":"https:\/\/displayproducts.eu\/pl\/wp-json\/wp\/v2\/product_tag?post=5307"}],"curies":[{"name":"wp","href":"https:\/\/api.w.org\/{rel}","templated":true}]}}