{"id":5304,"date":"2025-10-24T13:51:56","date_gmt":"2025-10-24T10:51:56","guid":{"rendered":"https:\/\/wristbandfactory.eu\/?post_type=product&#038;p=5304"},"modified":"2026-04-01T21:52:35","modified_gmt":"2026-04-01T18:52:35","slug":"reusable-event-cups-extra-large-1-2l","status":"publish","type":"product","link":"https:\/\/displayproducts.eu\/pl\/p\/reusable-event-cups-extra-large-1-2l\/","title":{"rendered":"Wielorazowe kubki eventowe (bardzo du\u017ce 1,2 l)"},"content":{"rendered":"<p data-path-to-node=\"7\">Zredukuj kolejki i zmaksymalizuj zadowolenie uczestnik\u00f3w na swoim wydarzeniu na du\u017c\u0105 skal\u0119 dzi\u0119ki naszym kubkom wielokrotnego u\u017cytku PP o pojemno\u015bci 1,2 l, bardzo du\u017cym. Ten kubek o du\u017cej pojemno\u015bci to idealne rozwi\u0105zanie na stadiony, du\u017ce festiwale i koncerty, pozwalaj\u0105ce na serwowanie wi\u0119kszych porcji i znacz\u0105co minimalizuj\u0105ce konieczno\u015b\u0107 uzupe\u0142niania.<\/p>\n<p data-path-to-node=\"8\">Wykonane z trwa\u0142ego, a jednocze\u015bnie elastycznego PP (polipropylenu), te kubki s\u0105 odporne na st\u0142uczenia i przeznaczone do wielokrotnego u\u017cytku, oferuj\u0105c solidn\u0105, ekologiczn\u0105 alternatyw\u0119 dla plastik\u00f3w jednorazowego u\u017cytku.<\/p>\n<p data-path-to-node=\"9\">P\u00f3\u0142przezroczyste wyko\u0144czenie zapewnia doskona\u0142\u0105 widoczno\u015b\u0107 na logo Twojej firmy lub branding wydarzenia. Unikaln\u0105 cech\u0105 tego kubka jest specjalnie wyprofilowana podstawa, kt\u00f3ra zapewnia dodatkow\u0105 stabilno\u015b\u0107 po umieszczeniu na podstawkach.<\/p>\n<p data-path-to-node=\"10\"><b>G\u0142\u00f3wne cechy:<\/b><\/p>\n<ul data-path-to-node=\"11\">\n<li>\n<p data-path-to-node=\"11,0,0\"><b>Bardzo du\u017ca pojemno\u015b\u0107 1,2 l:<\/b> Zminimalizuje konieczno\u015b\u0107 uzupe\u0142niania napoj\u00f3w na festiwalach, stadionach i koncertach o du\u017cym nat\u0119\u017ceniu ruchu.<\/p>\n<\/li>\n<li>\n<p data-path-to-node=\"11,1,0\"><b>Trwa\u0142y materia\u0142 PP:<\/b> Elastyczne, odporne na p\u0119kni\u0119cia i wielokrotnego u\u017cytku, nadaj\u0105ce si\u0119 do wielu zastosowa\u0144.<\/p>\n<\/li>\n<li>\n<p data-path-to-node=\"11,2,0\"><b>Wyko\u0144czenie p\u00f3\u0142przezroczyste:<\/b> Stanowi idealn\u0105, doskonale widoczn\u0105 powierzchni\u0119 do znakowania produkt\u00f3w.<\/p>\n<\/li>\n<li>\n<p data-path-to-node=\"11,3,0\"><b>Stabilna konstrukcja podstawy:<\/b> Specjalnie ukszta\u0142towana podstawa umo\u017cliwiaj\u0105ca bezpieczne umieszczenie na podstawkach.<\/p>\n<\/li>\n<li>\n<p data-path-to-node=\"11,4,0\"><b>Du\u017ce wymiary:<\/b> Wysoko\u015b\u0107 wynosi 19 cm, a \u015brednica 10,7 cm.<\/p>\n<\/li>\n<\/ul>","protected":false},"excerpt":{"rendered":"<ul>\n<li>\n<p data-path-to-node=\"6,0,0\">Bardzo du\u017ca pojemno\u015b\u0107 1,2 litra minimalizuje konieczno\u015b\u0107 uzupe\u0142niania pojemnika podczas imprez masowych.<\/p>\n<\/li>\n<li>\n<p data-path-to-node=\"6,1,0\">Wykonane z trwa\u0142ego, elastycznego i odpornego na p\u0119kni\u0119cia materia\u0142u PP.<\/p>\n<\/li>\n<li>\n<p data-path-to-node=\"6,2,0\">P\u00f3\u0142przezroczyste wyko\u0144czenie tworzy bardzo widoczn\u0105 powierzchni\u0119 do reklamowania marki.<\/p>\n<\/li>\n<li>\n<p data-path-to-node=\"6,3,0\">Posiada wyj\u0105tkow\u0105, stabiln\u0105 podstaw\u0119, kt\u00f3ra umo\u017cliwia stosowanie z podstawkami.<\/p>\n<\/li>\n<li><\/li>\n<\/ul>","protected":false},"featured_media":6622,"comment_status":"closed","ping_status":"closed","template":"","meta":[],"product_brand":[],"product_cat":[111],"product_tag":[],"class_list":{"0":"post-5304","1":"product","2":"type-product","3":"status-publish","4":"has-post-thumbnail","6":"product_cat-reusable-event-cups","8":"first","9":"instock","10":"shipping-taxable","11":"product-type-simple"},"_links":{"self":[{"href":"https:\/\/displayproducts.eu\/pl\/wp-json\/wp\/v2\/product\/5304","targetHints":{"allow":["GET"]}}],"collection":[{"href":"https:\/\/displayproducts.eu\/pl\/wp-json\/wp\/v2\/product"}],"about":[{"href":"https:\/\/displayproducts.eu\/pl\/wp-json\/wp\/v2\/types\/product"}],"replies":[{"embeddable":true,"href":"https:\/\/displayproducts.eu\/pl\/wp-json\/wp\/v2\/comments?post=5304"}],"wp:featuredmedia":[{"embeddable":true,"href":"https:\/\/displayproducts.eu\/pl\/wp-json\/wp\/v2\/media\/6622"}],"wp:attachment":[{"href":"https:\/\/displayproducts.eu\/pl\/wp-json\/wp\/v2\/media?parent=5304"}],"wp:term":[{"taxonomy":"product_brand","embeddable":true,"href":"https:\/\/displayproducts.eu\/pl\/wp-json\/wp\/v2\/product_brand?post=5304"},{"taxonomy":"product_cat","embeddable":true,"href":"https:\/\/displayproducts.eu\/pl\/wp-json\/wp\/v2\/product_cat?post=5304"},{"taxonomy":"product_tag","embeddable":true,"href":"https:\/\/displayproducts.eu\/pl\/wp-json\/wp\/v2\/product_tag?post=5304"}],"curies":[{"name":"wp","href":"https:\/\/api.w.org\/{rel}","templated":true}]}}