{"id":5300,"date":"2025-10-24T12:52:28","date_gmt":"2025-10-24T09:52:28","guid":{"rendered":"https:\/\/wristbandfactory.eu\/?post_type=product&#038;p=5300"},"modified":"2026-04-01T21:52:35","modified_gmt":"2026-04-01T18:52:35","slug":"laser-engravable-rectangular-glass-trophies","status":"publish","type":"product","link":"https:\/\/displayproducts.eu\/pl\/p\/laser-engravable-rectangular-glass-trophies\/","title":{"rendered":"Grawerowane laserowo prostok\u0105tne szklane trofea"},"content":{"rendered":"<p>Zr\u00f3b wra\u017cenie na swojej kolejnej ceremonii wr\u0119czenia nagr\u00f3d lub gali firmowej. Nasze du\u017ce, prostok\u0105tne szklane trofeum to wysokiej jako\u015bci, solidna nagroda, idealna do wyr\u00f3\u017cnienia najlepszych pracownik\u00f3w, kluczowych klient\u00f3w lub zwyci\u0119zc\u00f3w konkurs\u00f3w.<\/p>\n<p>To trofeum ma 19 cm wysoko\u015bci i jest wykonane z grubego, wysokiej jako\u015bci szk\u0142a o wadze 690 gram\u00f3w, co zapewnia mu zauwa\u017calnie ekskluzywny wygl\u0105d. Czysty, prostok\u0105tny kszta\u0142t oferuje du\u017c\u0105, p\u0142ask\u0105 powierzchni\u0119, specjalnie zaprojektowan\u0105 do precyzyjnego druku laserowego (grawerowania). Dzi\u0119ki temu logo Twojej firmy, tytu\u0142 nagrody i dane odbiorcy s\u0105 spersonalizowane z wyj\u0105tkow\u0105 czytelno\u015bci\u0105. Idealne do nagr\u00f3d sprzeda\u017cowych, program\u00f3w \u201ePracownik miesi\u0105ca\u201d lub podzi\u0119kowa\u0144 dla kluczowych partner\u00f3w, ka\u017cde trofeum jest dostarczane w indywidualnym etui ochronnym, co gwarantuje bezpiecze\u0144stwo podczas transportu i gotowo\u015b\u0107 do wr\u0119czenia.<\/p>\n<p><b>G\u0142\u00f3wne cechy:<\/b><\/p>\n<ul>\n<li><b>Du\u017cy prostok\u0105tny projekt:<\/b> Wysoko\u015b\u0107 19 cm, dzi\u0119ki czemu jest wystarczaj\u0105co du\u017co miejsca na spersonalizowane grawerowanie.<\/li>\n<li><b>Szk\u0142o najwy\u017cszej jako\u015bci o du\u017cej gramaturze:<\/b> Trofeum wa\u017cy 690 g, wi\u0119c sprawia wra\u017cenie solidnego, co podnosi jego postrzegan\u0105 warto\u015b\u0107.<\/li>\n<li><b>Zoptymalizowane pod k\u0105tem grawerowania laserowego:<\/b> Specjalnie zaprojektowana powierzchnia pozwala na wykonanie precyzyjnych, szczeg\u00f3\u0142owych nadruk\u00f3w laserowych.<\/li>\n<li><b>Stabilna podstawa:<\/b> Posiada wytrzyma\u0142\u0105, szklan\u0105 podstaw\u0119 o g\u0142\u0119boko\u015bci 4,5 cm, kt\u00f3ra umo\u017cliwia stabiln\u0105 ekspozycj\u0119 na ka\u017cdym biurku lub p\u00f3\u0142ce.<\/li>\n<li><b>W zestawie etui ochronne:<\/b> Ka\u017cde trofeum jest dostarczane w osobnym pude\u0142ku, co umo\u017cliwia bezpieczny transport i wr\u0119czenie go jako prezentu.<\/li>\n<\/ul>\n<p>&nbsp;<\/p>","protected":false},"excerpt":{"rendered":"<ul>\n<li>Nagroda szklana, prostok\u0105tna, o wysoko\u015bci 19 cm.<\/li>\n<li>Du\u017ca waga (690 g) zapewnia poczucie wysokiej warto\u015bci.<\/li>\n<li>Zoptymalizowana powierzchnia umo\u017cliwiaj\u0105ca precyzyjne grawerowanie laserowe Twojego logo.<\/li>\n<li>W zestawie znajduje si\u0119 indywidualne etui ochronne zapewniaj\u0105ce bezpieczn\u0105 prezentacj\u0119.<\/li>\n<\/ul>","protected":false},"featured_media":6540,"comment_status":"closed","ping_status":"closed","template":"","meta":[],"product_brand":[],"product_cat":[79],"product_tag":[],"class_list":{"0":"post-5300","1":"product","2":"type-product","3":"status-publish","4":"has-post-thumbnail","6":"product_cat-awards","8":"first","9":"instock","10":"shipping-taxable","11":"purchasable","12":"product-type-simple"},"_links":{"self":[{"href":"https:\/\/displayproducts.eu\/pl\/wp-json\/wp\/v2\/product\/5300","targetHints":{"allow":["GET"]}}],"collection":[{"href":"https:\/\/displayproducts.eu\/pl\/wp-json\/wp\/v2\/product"}],"about":[{"href":"https:\/\/displayproducts.eu\/pl\/wp-json\/wp\/v2\/types\/product"}],"replies":[{"embeddable":true,"href":"https:\/\/displayproducts.eu\/pl\/wp-json\/wp\/v2\/comments?post=5300"}],"wp:featuredmedia":[{"embeddable":true,"href":"https:\/\/displayproducts.eu\/pl\/wp-json\/wp\/v2\/media\/6540"}],"wp:attachment":[{"href":"https:\/\/displayproducts.eu\/pl\/wp-json\/wp\/v2\/media?parent=5300"}],"wp:term":[{"taxonomy":"product_brand","embeddable":true,"href":"https:\/\/displayproducts.eu\/pl\/wp-json\/wp\/v2\/product_brand?post=5300"},{"taxonomy":"product_cat","embeddable":true,"href":"https:\/\/displayproducts.eu\/pl\/wp-json\/wp\/v2\/product_cat?post=5300"},{"taxonomy":"product_tag","embeddable":true,"href":"https:\/\/displayproducts.eu\/pl\/wp-json\/wp\/v2\/product_tag?post=5300"}],"curies":[{"name":"wp","href":"https:\/\/api.w.org\/{rel}","templated":true}]}}