{"id":5296,"date":"2025-10-24T12:46:54","date_gmt":"2025-10-24T09:46:54","guid":{"rendered":"https:\/\/wristbandfactory.eu\/?post_type=product&#038;p=5296"},"modified":"2026-04-01T21:52:35","modified_gmt":"2026-04-01T18:52:35","slug":"laser-engravable-circular-glass-trophies","status":"publish","type":"product","link":"https:\/\/displayproducts.eu\/pl\/p\/laser-engravable-circular-glass-trophies\/","title":{"rendered":"Okr\u0105g\u0142e szklane trofea grawerowane laserowo"},"content":{"rendered":"<p>Uhonoruj wybitne osi\u0105gni\u0119cia i kamienie milowe nagrod\u0105 premium. Nasze okr\u0105g\u0142e szklane trofeum to nowoczesne i eleganckie rozwi\u0105zanie do wyra\u017cania uznania dla firmy, inauguracji sprzeda\u017cy i osi\u0105gni\u0119\u0107 zespo\u0142owych.<\/p>\n<p>Wykonane z grubego, wysokiej jako\u015bci szk\u0142a, trofeum wyr\u00f3\u017cnia si\u0119 ponadczasowym, okr\u0105g\u0142ym wzorem, osadzonym na stabilnej, kwadratowej podstawie. Waga 400 gram\u00f3w nadaje mu solidny, cenny charakter, idealny do ekspozycji. Trofeum zosta\u0142o specjalnie zaprojektowane do druku laserowego (grawerowania), co pozwala na precyzyjne i precyzyjne umieszczenie logo, tekstu i szczeg\u00f3\u0142\u00f3w nagrody. Ka\u017cde trofeum jest dostarczane w osobnym, ochronnym etui, dzi\u0119ki czemu jest bezpieczne i gotowe do wr\u0119czenia.<\/p>\n<p><b>G\u0142\u00f3wne cechy:<\/b><\/p>\n<ul>\n<li><b>Konstrukcja ze szk\u0142a premium:<\/b> Grube, ci\u0119\u017ckie szk\u0142o (400 g) o wysokiej postrzeganej warto\u015bci.<\/li>\n<li><b>Zoptymalizowane pod k\u0105tem grawerowania laserowego:<\/b> Specjalnie zaprojektowana powierzchnia umo\u017cliwiaj\u0105ca nadruk laserowy wyra\u017anych i szczeg\u00f3\u0142owych logotyp\u00f3w i tekstu.<\/li>\n<li><b>Elegancki okr\u0105g\u0142y design:<\/b> Nowoczesna okr\u0105g\u0142a tablica (10 cm) na solidnej kwadratowej podstawie (6 cm).<\/li>\n<li><b>Gotowy do prezentacji:<\/b> Ka\u017cda nagroda jest dostarczana w indywidualnym ochronnym etui, co zapewnia bezpieczne przenoszenie i prezentowanie.<\/li>\n<\/ul>","protected":false},"excerpt":{"rendered":"<ul>\n<li>Okr\u0105g\u0142e szklane trofeum premium na solidnej kwadratowej podstawie.<\/li>\n<li>Specjalnie zaprojektowane do precyzyjnego grawerowania laserowego.<\/li>\n<li>Doskonale nadaje si\u0119 do wyr\u00f3\u017cnie\u0144 korporacyjnych, nagr\u00f3d sprzeda\u017cowych i wydarze\u0144.<\/li>\n<li>Dostarczane w indywidualnym etui ochronnym zapewniaj\u0105cym bezpieczny transport.<\/li>\n<\/ul>","protected":false},"featured_media":6535,"comment_status":"closed","ping_status":"closed","template":"","meta":[],"product_brand":[],"product_cat":[79],"product_tag":[],"class_list":{"0":"post-5296","1":"product","2":"type-product","3":"status-publish","4":"has-post-thumbnail","6":"product_cat-awards","8":"first","9":"instock","10":"shipping-taxable","11":"purchasable","12":"product-type-simple"},"_links":{"self":[{"href":"https:\/\/displayproducts.eu\/pl\/wp-json\/wp\/v2\/product\/5296","targetHints":{"allow":["GET"]}}],"collection":[{"href":"https:\/\/displayproducts.eu\/pl\/wp-json\/wp\/v2\/product"}],"about":[{"href":"https:\/\/displayproducts.eu\/pl\/wp-json\/wp\/v2\/types\/product"}],"replies":[{"embeddable":true,"href":"https:\/\/displayproducts.eu\/pl\/wp-json\/wp\/v2\/comments?post=5296"}],"wp:featuredmedia":[{"embeddable":true,"href":"https:\/\/displayproducts.eu\/pl\/wp-json\/wp\/v2\/media\/6535"}],"wp:attachment":[{"href":"https:\/\/displayproducts.eu\/pl\/wp-json\/wp\/v2\/media?parent=5296"}],"wp:term":[{"taxonomy":"product_brand","embeddable":true,"href":"https:\/\/displayproducts.eu\/pl\/wp-json\/wp\/v2\/product_brand?post=5296"},{"taxonomy":"product_cat","embeddable":true,"href":"https:\/\/displayproducts.eu\/pl\/wp-json\/wp\/v2\/product_cat?post=5296"},{"taxonomy":"product_tag","embeddable":true,"href":"https:\/\/displayproducts.eu\/pl\/wp-json\/wp\/v2\/product_tag?post=5296"}],"curies":[{"name":"wp","href":"https:\/\/api.w.org\/{rel}","templated":true}]}}