{"id":5292,"date":"2025-10-24T12:42:32","date_gmt":"2025-10-24T09:42:32","guid":{"rendered":"https:\/\/wristbandfactory.eu\/?post_type=product&#038;p=5292"},"modified":"2026-04-01T21:52:35","modified_gmt":"2026-04-01T18:52:35","slug":"window-name-badges-with-clip-and-pin","status":"publish","type":"product","link":"https:\/\/displayproducts.eu\/pl\/p\/window-name-badges-with-clip-and-pin\/","title":{"rendered":"Identyfikatory okienne z klipsem i szpilk\u0105"},"content":{"rendered":"<p>Zapewnij przejrzyst\u0105 i profesjonaln\u0105 identyfikacj\u0119 swojemu zespo\u0142owi, uczestnikom konferencji lub personelowi wydarzenia dzi\u0119ki tym wielorazowym identyfikatorom okienkowym. Identyfikatory te charakteryzuj\u0105 si\u0119 czystym, nowoczesnym wzornictwem i b\u0142yszcz\u0105cym wyko\u0144czeniem, zapewniaj\u0105c elegancki wygl\u0105d w ka\u017cdym otoczeniu korporacyjnym.<\/p>\n<p>Okienko z przodu umo\u017cliwia szybk\u0105 wymian\u0119 wydrukowanych wizyt\u00f3wek, co czyni je ekonomicznym i elastycznym rozwi\u0105zaniem dla zarz\u0105dzania go\u015b\u0107mi, personelu tymczasowego lub imprez cyklicznych. Tylna cz\u0119\u015b\u0107 identyfikatora jest wyposa\u017cona w solidny, podw\u00f3jny system mocowania. To podw\u00f3jne mocowanie, wyposa\u017cone w metalowy klips i agrafk\u0119, zapewnia bezpieczne i stabilne dopasowanie do ka\u017cdego rodzaju odzie\u017cy, od marynarek po mundury.<\/p>\n<p><b>G\u0142\u00f3wne cechy:<\/b><\/p>\n<ul>\n<li><b>Projekt okna wielokrotnego u\u017cytku:<\/b> Umo\u017cliwia szybk\u0105 i \u0142atw\u0105 wymian\u0119 wk\u0142adek z nazwiskami.<\/li>\n<li><b>Podw\u00f3jny system mocowania:<\/b> Wyposa\u017cony w metalowy klips i agrafk\u0119, co zapewnia bezpieczne i wszechstronne mocowanie.<\/li>\n<li><b>Profesjonalne wyko\u0144czenie na wysoki po\u0142ysk:<\/b> Zapewnia nowoczesny, elegancki wygl\u0105d, odpowiedni do \u015brodowisk korporacyjnych.<\/li>\n<li><b>Kompaktowe wymiary:<\/b> Wymiary 6,8 x 3,4 cm zapewniaj\u0105 dobr\u0105 widoczno\u015b\u0107 i nie s\u0105 niepor\u0119czne.<\/li>\n<\/ul>","protected":false},"excerpt":{"rendered":"<ul>\n<li>Profesjonalne, b\u0142yszcz\u0105ce wyko\u0144czenie dla nowoczesnego wizerunku korporacyjnego.<\/li>\n<li>Uniwersalne, podw\u00f3jne zapi\u0119cie: wyposa\u017cone w metalowy klips i agrafk\u0119.<\/li>\n<li>Okienko wielokrotnego u\u017cytku umo\u017cliwiaj\u0105ce \u0142atwe wk\u0142adanie wizyt\u00f3wek.<\/li>\n<li>Idealne do zakup\u00f3w hurtowych na imprezy, spotkania pracownicze i targi.<\/li>\n<\/ul>","protected":false},"featured_media":5293,"comment_status":"closed","ping_status":"closed","template":"","meta":[],"product_brand":[],"product_cat":[91],"product_tag":[],"class_list":{"0":"post-5292","1":"product","2":"type-product","3":"status-publish","4":"has-post-thumbnail","6":"product_cat-badge-holders","8":"first","9":"instock","10":"shipping-taxable","11":"purchasable","12":"product-type-simple"},"_links":{"self":[{"href":"https:\/\/displayproducts.eu\/pl\/wp-json\/wp\/v2\/product\/5292","targetHints":{"allow":["GET"]}}],"collection":[{"href":"https:\/\/displayproducts.eu\/pl\/wp-json\/wp\/v2\/product"}],"about":[{"href":"https:\/\/displayproducts.eu\/pl\/wp-json\/wp\/v2\/types\/product"}],"replies":[{"embeddable":true,"href":"https:\/\/displayproducts.eu\/pl\/wp-json\/wp\/v2\/comments?post=5292"}],"wp:featuredmedia":[{"embeddable":true,"href":"https:\/\/displayproducts.eu\/pl\/wp-json\/wp\/v2\/media\/5293"}],"wp:attachment":[{"href":"https:\/\/displayproducts.eu\/pl\/wp-json\/wp\/v2\/media?parent=5292"}],"wp:term":[{"taxonomy":"product_brand","embeddable":true,"href":"https:\/\/displayproducts.eu\/pl\/wp-json\/wp\/v2\/product_brand?post=5292"},{"taxonomy":"product_cat","embeddable":true,"href":"https:\/\/displayproducts.eu\/pl\/wp-json\/wp\/v2\/product_cat?post=5292"},{"taxonomy":"product_tag","embeddable":true,"href":"https:\/\/displayproducts.eu\/pl\/wp-json\/wp\/v2\/product_tag?post=5292"}],"curies":[{"name":"wp","href":"https:\/\/api.w.org\/{rel}","templated":true}]}}