{"id":5288,"date":"2025-10-24T12:36:41","date_gmt":"2025-10-24T09:36:41","guid":{"rendered":"https:\/\/wristbandfactory.eu\/?post_type=product&#038;p=5288"},"modified":"2026-04-01T21:52:35","modified_gmt":"2026-04-01T18:52:35","slug":"aluminium-name-badges-with-clip-and-pin","status":"publish","type":"product","link":"https:\/\/displayproducts.eu\/pl\/p\/aluminium-name-badges-with-clip-and-pin\/","title":{"rendered":"Identyfikatory aluminiowe z klipsem i szpilk\u0105"},"content":{"rendered":"<p>Zapewnij profesjonaln\u0105 i sp\u00f3jn\u0105 identyfikacj\u0119 pracownik\u00f3w na eventach firmowych, targach i w biurze dzi\u0119ki tym wielorazowym aluminiowym identyfikatorom. Elegancka, anodowana rama aluminiowa zapewnia trwa\u0142e i wysokiej jako\u015bci wyko\u0144czenie, kt\u00f3re wzmacnia wizerunek Twojej firmy.<\/p>\n<p>Zaprojektowane z my\u015bl\u0105 o elastyczno\u015bci, identyfikatory te umo\u017cliwiaj\u0105 szybk\u0105 i \u0142atw\u0105 wymian\u0119 wk\u0142adek papierowych, dzi\u0119ki czemu idealnie nadaj\u0105 si\u0119 dla pracownik\u00f3w tymczasowych, uczestnik\u00f3w konferencji lub firm o du\u017cej rotacji personelu. Tylna cz\u0119\u015b\u0107 identyfikatora posiada solidne, dwufunkcyjne mocowanie z klipsem i agrafk\u0105, daj\u0105c u\u017cytkownikom mo\u017cliwo\u015b\u0107 wyboru sposobu bezpiecznego przymocowania identyfikatora do dowolnego elementu garderoby. To wszechstronne i ekonomiczne rozwi\u0105zanie jest dost\u0119pne w hurtowych ilo\u015bciach, zaspokajaj\u0105c wszystkie potrzeby identyfikacyjne.<\/p>\n<p><b>G\u0142\u00f3wne cechy:<\/b><\/p>\n<ul>\n<li><b>Trwa\u0142a rama aluminiowa:<\/b> Posiada wysokiej jako\u015bci anodowane wyko\u0144czenie zapewniaj\u0105ce profesjonalny i trwa\u0142y wygl\u0105d.<\/li>\n<li><b>Podw\u00f3jny system mocowania:<\/b> Posiada klips i agrafk\u0119 z ty\u0142u, co umo\u017cliwia uniwersalne i bezpieczne zapi\u0119cie do dowolnego rodzaju odzie\u017cy.<\/li>\n<li><b>Wielokrotnego u\u017cytku i op\u0142acalne:<\/b> Zaprojektowane do przechowywania standardowych wk\u0142adek papierowych (nie s\u0105 do\u0142\u0105czone do zestawu), co pozwala na \u0142atw\u0105 aktualizacj\u0119 w przypadku nowych pracownik\u00f3w lub wydarze\u0144.<\/li>\n<li><b>Smuk\u0142e wymiary:<\/b> Wymiary 70 x 25 mm umo\u017cliwiaj\u0105 wyra\u017ane i widoczne wy\u015bwietlanie nazwy, nie b\u0119d\u0105c jednocze\u015bnie nachalnym.<\/li>\n<\/ul>","protected":false},"excerpt":{"rendered":"<ul>\n<li>Profesjonalna anodowana rama aluminiowa zapewniaj\u0105ca wygl\u0105d klasy premium.<\/li>\n<li>Uniwersalny, podw\u00f3jny klips i mocowanie za pomoc\u0105 szpilki zapewniaj\u0105 bezpieczne mocowanie.<\/li>\n<li>Mo\u017cliwo\u015b\u0107 wielokrotnego u\u017cytku: wystarczy wydrukowa\u0107 i w\u0142o\u017cy\u0107 nowe wizyt\u00f3wki.<\/li>\n<li>Idealne do zam\u00f3wie\u0144 hurtowych dla pracownik\u00f3w korporacyjnych, na imprezy i targi.<\/li>\n<\/ul>","protected":false},"featured_media":5289,"comment_status":"closed","ping_status":"closed","template":"","meta":[],"product_brand":[],"product_cat":[91],"product_tag":[],"class_list":{"0":"post-5288","1":"product","2":"type-product","3":"status-publish","4":"has-post-thumbnail","6":"product_cat-badge-holders","8":"first","9":"instock","10":"shipping-taxable","11":"purchasable","12":"product-type-simple"},"_links":{"self":[{"href":"https:\/\/displayproducts.eu\/pl\/wp-json\/wp\/v2\/product\/5288","targetHints":{"allow":["GET"]}}],"collection":[{"href":"https:\/\/displayproducts.eu\/pl\/wp-json\/wp\/v2\/product"}],"about":[{"href":"https:\/\/displayproducts.eu\/pl\/wp-json\/wp\/v2\/types\/product"}],"replies":[{"embeddable":true,"href":"https:\/\/displayproducts.eu\/pl\/wp-json\/wp\/v2\/comments?post=5288"}],"wp:featuredmedia":[{"embeddable":true,"href":"https:\/\/displayproducts.eu\/pl\/wp-json\/wp\/v2\/media\/5289"}],"wp:attachment":[{"href":"https:\/\/displayproducts.eu\/pl\/wp-json\/wp\/v2\/media?parent=5288"}],"wp:term":[{"taxonomy":"product_brand","embeddable":true,"href":"https:\/\/displayproducts.eu\/pl\/wp-json\/wp\/v2\/product_brand?post=5288"},{"taxonomy":"product_cat","embeddable":true,"href":"https:\/\/displayproducts.eu\/pl\/wp-json\/wp\/v2\/product_cat?post=5288"},{"taxonomy":"product_tag","embeddable":true,"href":"https:\/\/displayproducts.eu\/pl\/wp-json\/wp\/v2\/product_tag?post=5288"}],"curies":[{"name":"wp","href":"https:\/\/api.w.org\/{rel}","templated":true}]}}