{"id":5279,"date":"2025-10-23T23:25:16","date_gmt":"2025-10-23T20:25:16","guid":{"rendered":"https:\/\/wristbandfactory.eu\/?post_type=product&#038;p=5279"},"modified":"2026-04-01T21:52:35","modified_gmt":"2026-04-01T18:52:35","slug":"extendable-id-holder-with-carabiner","status":"publish","type":"product","link":"https:\/\/displayproducts.eu\/pl\/p\/extendable-id-holder-with-carabiner\/","title":{"rendered":"Rozk\u0142adany uchwyt na identyfikator z karabi\u0144czykiem"},"content":{"rendered":"<p>Usprawnij kontrol\u0119 dost\u0119pu i zwi\u0119ksz bezpiecze\u0144stwo w miejscu pracy, na konferencji lub targach. Nasz przed\u0142u\u017cany identyfikator zapewnia, \u017ce identyfikatory s\u0105 zawsze pod r\u0119k\u0105 i nie przeszkadzaj\u0105, oferuj\u0105c profesjonalne rozwi\u0105zanie dla pracownik\u00f3w i uczestnik\u00f3w.<\/p>\n<p>Ten uchwyt charakteryzuje si\u0119 stonowan\u0105, funkcjonaln\u0105 konstrukcj\u0105 z mocnym metalowym karabi\u0144czykiem, kt\u00f3ry bezpiecznie przypina si\u0119 do szlufek, smyczy lub torby. Mechanizm wysuwania o d\u0142ugo\u015bci 75 cm umo\u017cliwia p\u0142ynne zwijanie, u\u0142atwiaj\u0105c skanowanie dokument\u00f3w to\u017csamo\u015bci w punktach dost\u0119pu.<\/p>\n<p>Zapi\u0119cie na guzik zabezpiecza identyfikator lub identyfikator. Dzi\u0119ki du\u017cej powierzchni zadruku 20 x 20 mm, ten identyfikator idealnie nadaje si\u0119 do personalizacji logo firmy za pomoc\u0105 tampodruku (do 4 kolor\u00f3w), wzmacniaj\u0105c identyfikacj\u0119 marki na wszystkich wydarzeniach firmowych.<\/p>\n<p><b>G\u0142\u00f3wne cechy:<\/b><\/p>\n<ul>\n<li>Mechanizm rozci\u0105gliwy do 75 cm<\/li>\n<li>Wytrzyma\u0142y metalowy karabi\u0144czyk<\/li>\n<li>Bezpieczne zapi\u0119cie na guzik umo\u017cliwiaj\u0105ce przymocowanie identyfikatora<\/li>\n<li>Szeroki obszar zadruku (20 x 20 mm)<\/li>\n<li>Idealny do nadruku tampodrukowego (do 4 kolor\u00f3w)<\/li>\n<\/ul>","protected":false},"excerpt":{"rendered":"<ul>\n<li>Zapewnia bezpiecze\u0144stwo i \u0142atwy dost\u0119p do identyfikator\u00f3w pracownik\u00f3w.<\/li>\n<li>Posiada trwa\u0142y metalowy karabi\u0144czyk umo\u017cliwiaj\u0105cy \u0142atwe przymocowanie do paska lub torby.<\/li>\n<li>Mechanizm z rozci\u0105gliw\u0105 link\u0105 o d\u0142ugo\u015bci 75 cm umo\u017cliwiaj\u0105cy szybkie skanowanie identyfikator\u00f3w.<\/li>\n<li>Szeroka powierzchnia 20\u00d720 mm do nadruku tampodrukowego Twojego logo.<\/li>\n<\/ul>","protected":false},"featured_media":5280,"comment_status":"closed","ping_status":"closed","template":"","meta":[],"product_brand":[],"product_cat":[91],"product_tag":[],"class_list":{"0":"post-5279","1":"product","2":"type-product","3":"status-publish","4":"has-post-thumbnail","6":"product_cat-badge-holders","8":"first","9":"instock","10":"shipping-taxable","11":"purchasable","12":"product-type-simple"},"_links":{"self":[{"href":"https:\/\/displayproducts.eu\/pl\/wp-json\/wp\/v2\/product\/5279","targetHints":{"allow":["GET"]}}],"collection":[{"href":"https:\/\/displayproducts.eu\/pl\/wp-json\/wp\/v2\/product"}],"about":[{"href":"https:\/\/displayproducts.eu\/pl\/wp-json\/wp\/v2\/types\/product"}],"replies":[{"embeddable":true,"href":"https:\/\/displayproducts.eu\/pl\/wp-json\/wp\/v2\/comments?post=5279"}],"wp:featuredmedia":[{"embeddable":true,"href":"https:\/\/displayproducts.eu\/pl\/wp-json\/wp\/v2\/media\/5280"}],"wp:attachment":[{"href":"https:\/\/displayproducts.eu\/pl\/wp-json\/wp\/v2\/media?parent=5279"}],"wp:term":[{"taxonomy":"product_brand","embeddable":true,"href":"https:\/\/displayproducts.eu\/pl\/wp-json\/wp\/v2\/product_brand?post=5279"},{"taxonomy":"product_cat","embeddable":true,"href":"https:\/\/displayproducts.eu\/pl\/wp-json\/wp\/v2\/product_cat?post=5279"},{"taxonomy":"product_tag","embeddable":true,"href":"https:\/\/displayproducts.eu\/pl\/wp-json\/wp\/v2\/product_tag?post=5279"}],"curies":[{"name":"wp","href":"https:\/\/api.w.org\/{rel}","templated":true}]}}