{"id":5272,"date":"2025-10-23T23:21:35","date_gmt":"2025-10-23T20:21:35","guid":{"rendered":"https:\/\/wristbandfactory.eu\/?post_type=product&#038;p=5272"},"modified":"2026-04-01T21:52:03","modified_gmt":"2026-04-01T18:52:03","slug":"promotional-hand-clappers","status":"publish","type":"product","link":"https:\/\/displayproducts.eu\/pl\/p\/promotional-hand-clappers\/","title":{"rendered":"Promocyjne klepsydry"},"content":{"rendered":"<p>Zadbaj o to, aby Twoja marka wyr\u00f3\u017cnia\u0142a si\u0119 na ka\u017cdym stadionie lub imprezie firmowej dzi\u0119ki naszym promocyjnym klepsydrom. Ten wz\u00f3r \u201cMaracan\u00e1\u201d zosta\u0142 zaprojektowany tak, aby zapewni\u0107 zar\u00f3wno s\u0142yszalne, jak i wizualne zaanga\u017cowanie, rozwi\u0105zuj\u0105c problem biernych gad\u017cet\u00f3w reklamowych na eventach.<\/p>\n<p>Ta grzechotka w kszta\u0142cie d\u0142oni to zabawny, interaktywny spos\u00f3b na okazanie wsparcia i nag\u0142o\u015bnienie przez uczestnik\u00f3w. Dost\u0119pna w r\u00f3\u017cnych, jasnych odcieniach, jest lekka (20 g) i idealnie dopasowana (8,5 x 18,5 x 2 cm), co u\u0142atwia obs\u0142ug\u0119 du\u017cym grupom. To doskona\u0142y, niedrogi wyb\u00f3r do masowej dystrybucji na festiwalach, targach lub zawodach sportowych, aby zmaksymalizowa\u0107 oddzia\u0142ywanie marki.<\/p>\n<p><b>G\u0142\u00f3wne cechy:<\/b><\/p>\n<ul>\n<li>Klakier w kszta\u0142cie d\u0142oni, kt\u00f3ry anga\u017cuje publiczno\u015b\u0107 w s\u0142yszalny spos\u00f3b<\/li>\n<li>\u201cProjekt \u201dMaracan\u00e1\u201d na imprezy sportowe i eventowe<\/li>\n<li>Dost\u0119pne w r\u00f3\u017cnych jasnych, dobrze widocznych odcieniach<\/li>\n<li>Lekki i kompaktowy: 8,5 x 18,5 x 2 cm, 20 g<\/li>\n<li>Idealny do masowych gad\u017cet\u00f3w promocyjnych<\/li>\n<\/ul>","protected":false},"excerpt":{"rendered":"<ul>\n<li>Generuj ha\u0142as t\u0142umu i widoczno\u015b\u0107 marki na imprezach sportowych lub wiecach.<\/li>\n<li>Posiada zabawny, jasny wz\u00f3r wskaz\u00f3wki \u201cMaracan\u00e1\u201d.<\/li>\n<li>Lekkie (20 g) i kompaktowe (18,5 cm) dla \u0142atwego rozprowadzania masy.<\/li>\n<li>Idealny, niedrogi i efektowny gad\u017cet promocyjny w przypadku zam\u00f3wie\u0144 hurtowych.<\/li>\n<\/ul>","protected":false},"featured_media":6584,"comment_status":"closed","ping_status":"closed","template":"","meta":[],"product_brand":[],"product_cat":[123],"product_tag":[],"class_list":{"0":"post-5272","1":"product","2":"type-product","3":"status-publish","4":"has-post-thumbnail","6":"product_cat-fan-cheering-items","8":"first","9":"instock","10":"shipping-taxable","11":"purchasable","12":"product-type-simple"},"_links":{"self":[{"href":"https:\/\/displayproducts.eu\/pl\/wp-json\/wp\/v2\/product\/5272","targetHints":{"allow":["GET"]}}],"collection":[{"href":"https:\/\/displayproducts.eu\/pl\/wp-json\/wp\/v2\/product"}],"about":[{"href":"https:\/\/displayproducts.eu\/pl\/wp-json\/wp\/v2\/types\/product"}],"replies":[{"embeddable":true,"href":"https:\/\/displayproducts.eu\/pl\/wp-json\/wp\/v2\/comments?post=5272"}],"wp:featuredmedia":[{"embeddable":true,"href":"https:\/\/displayproducts.eu\/pl\/wp-json\/wp\/v2\/media\/6584"}],"wp:attachment":[{"href":"https:\/\/displayproducts.eu\/pl\/wp-json\/wp\/v2\/media?parent=5272"}],"wp:term":[{"taxonomy":"product_brand","embeddable":true,"href":"https:\/\/displayproducts.eu\/pl\/wp-json\/wp\/v2\/product_brand?post=5272"},{"taxonomy":"product_cat","embeddable":true,"href":"https:\/\/displayproducts.eu\/pl\/wp-json\/wp\/v2\/product_cat?post=5272"},{"taxonomy":"product_tag","embeddable":true,"href":"https:\/\/displayproducts.eu\/pl\/wp-json\/wp\/v2\/product_tag?post=5272"}],"curies":[{"name":"wp","href":"https:\/\/api.w.org\/{rel}","templated":true}]}}