{"id":5265,"date":"2025-10-23T23:14:21","date_gmt":"2025-10-23T20:14:21","guid":{"rendered":"https:\/\/wristbandfactory.eu\/?post_type=product&#038;p=5265"},"modified":"2026-04-01T21:52:04","modified_gmt":"2026-04-01T18:52:04","slug":"inflatable-victory-hand-reusable","status":"publish","type":"product","link":"https:\/\/displayproducts.eu\/pl\/p\/inflatable-victory-hand-reusable\/","title":{"rendered":"Nadmuchiwana d\u0142o\u0144 zwyci\u0119stwa (wielokrotnego u\u017cytku)"},"content":{"rendered":"<p>Wypromuj swoj\u0105 mark\u0119 i s\u0142ysz sw\u00f3j przekaz dzi\u0119ki naszej dmuchanej d\u0142oni zwyci\u0119stwa. To anga\u017cuj\u0105ce narz\u0119dzie promocyjne idealnie nadaje si\u0119 do energetyzowania t\u0142um\u00f3w na imprezach sportowych, firmowych spotkaniach integracyjnych czy du\u017cych targach. Zadbaj o to, aby Twoja marka by\u0142a w centrum uwagi.<\/p>\n<p>Wykonana z wytrzyma\u0142ego, kolorowego materia\u0142u LDPE, ta d\u0142o\u0144 do kibicowania przetrwa ka\u017cd\u0105 okazj\u0119. W przeciwie\u0144stwie do produkt\u00f3w jednorazowego u\u017cytku, jest w pe\u0142ni wielokrotnego u\u017cytku i zawiera wygodny zaw\u00f3r do pompowania, zapewniaj\u0105c d\u0142ugotrwa\u0142\u0105 ekspozycj\u0119 marki. To lekki, dobrze widoczny produkt, idealny do dystrybucji hurtowej, aby zmaksymalizowa\u0107 zaanga\u017cowanie publiczno\u015bci.<\/p>\n<p><b>G\u0142\u00f3wne cechy:<\/b><\/p>\n<ul>\n<li>Trwa\u0142y, kolorowy materia\u0142 LDPE<\/li>\n<li>Kultowy kszta\u0142t d\u0142oni \u201cZwyci\u0119stwa\u201d<\/li>\n<li>W pe\u0142ni wielokrotnego u\u017cytku, co zapewnia d\u0142ugotrwa\u0142\u0105 promocj\u0119<\/li>\n<li>Zawiera wygodny zaw\u00f3r do pompowania<\/li>\n<\/ul>","protected":false},"excerpt":{"rendered":"<ul>\n<li>Zwi\u0119ksz rozpoznawalno\u015b\u0107 swojej marki na imprezach sportowych, targach i wiecach.<\/li>\n<li>Wykonane z trwa\u0142ego i wielokrotnego u\u017cytku materia\u0142u LDPE.<\/li>\n<li>Posiada \u0142atwy w u\u017cyciu zaw\u00f3r pompuj\u0105cy.<\/li>\n<li>Idealne do realizacji zam\u00f3wie\u0144 hurtowych, aby zmaksymalizowa\u0107 zaanga\u017cowanie publiczno\u015bci i widoczno\u015b\u0107 marki.<\/li>\n<\/ul>\n<p>&nbsp;<\/p>","protected":false},"featured_media":6529,"comment_status":"closed","ping_status":"closed","template":"","meta":[],"product_brand":[],"product_cat":[123],"product_tag":[],"class_list":{"0":"post-5265","1":"product","2":"type-product","3":"status-publish","4":"has-post-thumbnail","6":"product_cat-fan-cheering-items","8":"first","9":"instock","10":"shipping-taxable","11":"purchasable","12":"product-type-simple"},"_links":{"self":[{"href":"https:\/\/displayproducts.eu\/pl\/wp-json\/wp\/v2\/product\/5265","targetHints":{"allow":["GET"]}}],"collection":[{"href":"https:\/\/displayproducts.eu\/pl\/wp-json\/wp\/v2\/product"}],"about":[{"href":"https:\/\/displayproducts.eu\/pl\/wp-json\/wp\/v2\/types\/product"}],"replies":[{"embeddable":true,"href":"https:\/\/displayproducts.eu\/pl\/wp-json\/wp\/v2\/comments?post=5265"}],"wp:featuredmedia":[{"embeddable":true,"href":"https:\/\/displayproducts.eu\/pl\/wp-json\/wp\/v2\/media\/6529"}],"wp:attachment":[{"href":"https:\/\/displayproducts.eu\/pl\/wp-json\/wp\/v2\/media?parent=5265"}],"wp:term":[{"taxonomy":"product_brand","embeddable":true,"href":"https:\/\/displayproducts.eu\/pl\/wp-json\/wp\/v2\/product_brand?post=5265"},{"taxonomy":"product_cat","embeddable":true,"href":"https:\/\/displayproducts.eu\/pl\/wp-json\/wp\/v2\/product_cat?post=5265"},{"taxonomy":"product_tag","embeddable":true,"href":"https:\/\/displayproducts.eu\/pl\/wp-json\/wp\/v2\/product_tag?post=5265"}],"curies":[{"name":"wp","href":"https:\/\/api.w.org\/{rel}","templated":true}]}}