{"id":5260,"date":"2025-10-23T23:07:40","date_gmt":"2025-10-23T20:07:40","guid":{"rendered":"https:\/\/wristbandfactory.eu\/?post_type=product&#038;p=5260"},"modified":"2026-04-01T21:52:04","modified_gmt":"2026-04-01T18:52:04","slug":"promotional-hawaiian-necklaces-polyester","status":"publish","type":"product","link":"https:\/\/displayproducts.eu\/pl\/p\/promotional-hawaiian-necklaces-polyester\/","title":{"rendered":"Promocyjne naszyjniki hawajskie (poliester)"},"content":{"rendered":"<p>Wyjd\u017a poza standardowe akcesoria eventowe z naszymi promocyjnymi naszyjnikami hawajskimi. Te poliestrowe lei to idealne, niedrogie rozwi\u0105zanie, aby doda\u0107 wyrazistego, tematycznego brandingu do letnich promocji, festiwali lub imprez firmowych w tropikalnym stylu, gwarantuj\u0105c, \u017ce Twoje wydarzenie b\u0119dzie niezapomniane.<\/p>\n<p>Zaprojektowane z my\u015bl\u0105 o komforcie i wysokiej widoczno\u015bci, ka\u017cdy lei jest wykonany z mi\u0119kkiego, lekkiego poliestru. Wytrzyma\u0142y, wielokolorowy wz\u00f3r t\u0119czy zapewnia \u015bwi\u0105teczny wygl\u0105d, kt\u00f3ry nie przyt\u0142oczy go\u015bci. To idealny wyb\u00f3r dla organizator\u00f3w imprez potrzebuj\u0105cych du\u017cych ilo\u015bci akcesori\u00f3w tematycznych na imprezy pla\u017cowe, targi lub du\u017ce uroczysto\u015bci.<\/p>\n<p><b>G\u0142\u00f3wne cechy:<\/b><\/p>\n<ul>\n<li>Wykonany z mi\u0119kkiego i lekkiego materia\u0142u poliestrowego<\/li>\n<li>\u017bywy, wielokolorowy wz\u00f3r t\u0119czowych kwiat\u00f3w<\/li>\n<li>Wygodne do ca\u0142odziennego noszenia na imprezach<\/li>\n<li>Idealne na imprezy tematyczne, festiwale i promocje<\/li>\n<li>Dostarczane luzem w przypadku du\u017cych zam\u00f3wie\u0144<\/li>\n<\/ul>\n<p>&nbsp;<\/p>","protected":false},"excerpt":{"rendered":"<ul>\n<li>Roz\u015bwietl natychmiast imprezy firmowe, targi lub festiwale.<\/li>\n<li>Ozdobiony \u017cywym, wielokolorowym, t\u0119czowym wzorem kwiatowym z poliestru.<\/li>\n<li>Lekkie i wygodne, nadaj\u0105 si\u0119 do noszenia przez ca\u0142y dzie\u0144.<\/li>\n<li>Dost\u0119pne w du\u017cych ilo\u015bciach na du\u017ce imprezy.<\/li>\n<li style=\"list-style-type: none;\"><\/li>\n<\/ul>","protected":false},"featured_media":6663,"comment_status":"closed","ping_status":"closed","template":"","meta":[],"product_brand":[],"product_cat":[129,120],"product_tag":[],"class_list":{"0":"post-5260","1":"product","2":"type-product","3":"status-publish","4":"has-post-thumbnail","6":"product_cat-leisure-lifestyle","7":"product_cat-themed-necklaces","9":"first","10":"instock","11":"shipping-taxable","12":"purchasable","13":"product-type-simple"},"_links":{"self":[{"href":"https:\/\/displayproducts.eu\/pl\/wp-json\/wp\/v2\/product\/5260","targetHints":{"allow":["GET"]}}],"collection":[{"href":"https:\/\/displayproducts.eu\/pl\/wp-json\/wp\/v2\/product"}],"about":[{"href":"https:\/\/displayproducts.eu\/pl\/wp-json\/wp\/v2\/types\/product"}],"replies":[{"embeddable":true,"href":"https:\/\/displayproducts.eu\/pl\/wp-json\/wp\/v2\/comments?post=5260"}],"wp:featuredmedia":[{"embeddable":true,"href":"https:\/\/displayproducts.eu\/pl\/wp-json\/wp\/v2\/media\/6663"}],"wp:attachment":[{"href":"https:\/\/displayproducts.eu\/pl\/wp-json\/wp\/v2\/media?parent=5260"}],"wp:term":[{"taxonomy":"product_brand","embeddable":true,"href":"https:\/\/displayproducts.eu\/pl\/wp-json\/wp\/v2\/product_brand?post=5260"},{"taxonomy":"product_cat","embeddable":true,"href":"https:\/\/displayproducts.eu\/pl\/wp-json\/wp\/v2\/product_cat?post=5260"},{"taxonomy":"product_tag","embeddable":true,"href":"https:\/\/displayproducts.eu\/pl\/wp-json\/wp\/v2\/product_tag?post=5260"}],"curies":[{"name":"wp","href":"https:\/\/api.w.org\/{rel}","templated":true}]}}