{"id":5256,"date":"2025-10-23T16:41:54","date_gmt":"2025-10-23T13:41:54","guid":{"rendered":"https:\/\/wristbandfactory.eu\/?post_type=product&#038;p=5256"},"modified":"2026-04-01T21:52:04","modified_gmt":"2026-04-01T18:52:04","slug":"led-promotional-coasters-3-mode","status":"publish","type":"product","link":"https:\/\/displayproducts.eu\/pl\/p\/led-promotional-coasters-3-mode\/","title":{"rendered":"Podk\u0142adki promocyjne LED (3-trybowe)"},"content":{"rendered":"<p>Standardowe podstawki \u0142atwo zignorowa\u0107. Nasze promocyjne podstawki LED pod napoje zamieniaj\u0105 ka\u017cdy stolik w pod\u015bwietlan\u0105 reklam\u0119, przyci\u0105gaj\u0105c uwag\u0119 na firmowych galach, targach i sponsorowanych imprezach nocnych.<\/p>\n<p>Wykonane z wytrzyma\u0142ego akrylu, te podstawki posiadaj\u0105 6 jasnych, wielokolorowych diod LED. Prosty przycisk na podstawie prze\u0142\u0105cza trzy r\u00f3\u017cne tryby o\u015bwietlenia: sta\u0142y, powolny i szybki, zapewniaj\u0105c widoczno\u015b\u0107 Twojego brandingu.<\/p>\n<p>Ka\u017cda podstawka posiada samoprzylepny sp\u00f3d, kt\u00f3ry umo\u017cliwia jej solidne przymocowanie do dna szklanki lub butelki. Dostarczane s\u0105 gotowe do natychmiastowego u\u017cycia na Twoim wydarzeniu, z dwiema bateriami guzikowymi w zestawie. Te pod\u015bwietlane podstawki idealnie nadaj\u0105 si\u0119 do dystrybucji hurtowej, zwi\u0119kszaj\u0105c widoczno\u015b\u0107 marki.<\/p>\n<p><b>G\u0142\u00f3wne cechy:<\/b><\/p>\n<ul>\n<li>6 wielokolorowych diod LED zapewniaj\u0105cych jasne o\u015bwietlenie<\/li>\n<li>3 tryby \u015bwiat\u0142a: sta\u0142y, powolny migaj\u0105cy i szybki migaj\u0105cy<\/li>\n<li>Samoprzylepna warstwa spodnia u\u0142atwiaj\u0105ca nak\u0142adanie na naczynia do napoj\u00f3w<\/li>\n<li>Trwa\u0142a konstrukcja akrylowa<\/li>\n<li>Obs\u0142ugiwany za pomoc\u0105 bez nadrukugo przycisku na podstawie<\/li>\n<li>Zawiera 2 baterie guzikowe<\/li>\n<\/ul>","protected":false},"excerpt":{"rendered":"<ul>\n<li>Wyeksponuj swoj\u0105 mark\u0119 podczas premier produkt\u00f3w, targ\u00f3w lub festiwali.<\/li>\n<li>Posiada 3 wielokolorowe tryby \u015bwiat\u0142a: sta\u0142y, szybki migaj\u0105cy i wolny migaj\u0105cy.<\/li>\n<li>Samoprzylepna warstwa przylega bezpo\u015brednio do dna szklanek lub butelek.<\/li>\n<li>Dostarczany w stanie gotowym do u\u017cycia, z dwiema bateriami guzikowymi w zestawie.<\/li>\n<\/ul>","protected":false},"featured_media":6543,"comment_status":"closed","ping_status":"closed","template":"","meta":[],"product_brand":[],"product_cat":[119],"product_tag":[],"class_list":{"0":"post-5256","1":"product","2":"type-product","3":"status-publish","4":"has-post-thumbnail","6":"product_cat-drinkware-accessories","8":"first","9":"instock","10":"shipping-taxable","11":"purchasable","12":"product-type-simple"},"_links":{"self":[{"href":"https:\/\/displayproducts.eu\/pl\/wp-json\/wp\/v2\/product\/5256","targetHints":{"allow":["GET"]}}],"collection":[{"href":"https:\/\/displayproducts.eu\/pl\/wp-json\/wp\/v2\/product"}],"about":[{"href":"https:\/\/displayproducts.eu\/pl\/wp-json\/wp\/v2\/types\/product"}],"replies":[{"embeddable":true,"href":"https:\/\/displayproducts.eu\/pl\/wp-json\/wp\/v2\/comments?post=5256"}],"wp:featuredmedia":[{"embeddable":true,"href":"https:\/\/displayproducts.eu\/pl\/wp-json\/wp\/v2\/media\/6543"}],"wp:attachment":[{"href":"https:\/\/displayproducts.eu\/pl\/wp-json\/wp\/v2\/media?parent=5256"}],"wp:term":[{"taxonomy":"product_brand","embeddable":true,"href":"https:\/\/displayproducts.eu\/pl\/wp-json\/wp\/v2\/product_brand?post=5256"},{"taxonomy":"product_cat","embeddable":true,"href":"https:\/\/displayproducts.eu\/pl\/wp-json\/wp\/v2\/product_cat?post=5256"},{"taxonomy":"product_tag","embeddable":true,"href":"https:\/\/displayproducts.eu\/pl\/wp-json\/wp\/v2\/product_tag?post=5256"}],"curies":[{"name":"wp","href":"https:\/\/api.w.org\/{rel}","templated":true}]}}