{"id":5254,"date":"2025-10-23T16:34:48","date_gmt":"2025-10-23T13:34:48","guid":{"rendered":"https:\/\/wristbandfactory.eu\/?post_type=product&#038;p=5254"},"modified":"2026-04-01T21:52:04","modified_gmt":"2026-04-01T18:52:04","slug":"promotional-led-event-cups-340ml","status":"publish","type":"product","link":"https:\/\/displayproducts.eu\/pl\/p\/promotional-led-event-cups-340ml\/","title":{"rendered":"Promocyjne kubki LED na imprezy (340 ml)"},"content":{"rendered":"<p>Zmie\u0144 swoje kolejne wydarzenie firmowe, festiwal lub premier\u0119 produktu ze zwyk\u0142ego w niezapomniane. Nasze kubki eventowe LED to dynamiczne narz\u0119dzie brandingowe, kt\u00f3re przyci\u0105ga uwag\u0119 i pod\u015bwietla Twoje logo, dzi\u0119ki czemu Twoja marka b\u0119dzie centralnym punktem uroczysto\u015bci.<\/p>\n<p>Te kubki o pojemno\u015bci 340 ml, wykonane z wytrzyma\u0142ego materia\u0142u PS, posiadaj\u0105 wbudowane, wielokolorowe diody LED aktywowane prostym przyciskiem u podstawy. Wybierz tryb \u015bwiat\u0142a sta\u0142ego lub migaj\u0105cego, aby dopasowa\u0107 je do charakteru wydarzenia. To idealny, przyci\u0105gaj\u0105cy wzrok gad\u017cet promocyjny na koncerty, do klub\u00f3w nocnych, na targi i imprezy prywatne, oferuj\u0105cy unikalny spos\u00f3b serwowania napoj\u00f3w i prezentowania marki. Ka\u017cdy kubek jest dostarczany z bateriami i pakowany pojedynczo w kartonowe pude\u0142ko, gotowy do dystrybucji.<\/p>\n<p><b>G\u0142\u00f3wne cechy:<\/b><\/p>\n<ul>\n<li>Pojemno\u015b\u0107: 340 ml<\/li>\n<li>Materia\u0142: tworzywo sztuczne PS<\/li>\n<li>O\u015bwietlenie: Wielokolorowe diody LED z 2 trybami (sta\u0142y i migaj\u0105cy)<\/li>\n<li>Aktywacja: Przycisk na podstawie<\/li>\n<li>Zasilanie: baterie guzikowe w zestawie<\/li>\n<li>Opakowanie: Pakowane pojedynczo w pude\u0142ko z wzorem kraft<\/li>\n<\/ul>\n<p>&nbsp;<\/p>","protected":false},"excerpt":{"rendered":"<ul>\n<li>Wyeksponuj swoj\u0105 mark\u0119 na imprezach firmowych i festiwalach.<\/li>\n<li>Posiada tryby sta\u0142ego i migaj\u0105cego \u015bwiat\u0142a wielokolorowego LED.<\/li>\n<li>Wytrzyma\u0142y materia\u0142 PS (340ml); baterie w zestawie.<\/li>\n<li>Dostarczane w pojedynczych kartonach typu kraft gotowych do sprzeda\u017cy hurtowej.<\/li>\n<\/ul>","protected":false},"featured_media":6590,"comment_status":"closed","ping_status":"closed","template":"","meta":[],"product_brand":[],"product_cat":[111],"product_tag":[],"class_list":{"0":"post-5254","1":"product","2":"type-product","3":"status-publish","4":"has-post-thumbnail","6":"product_cat-reusable-event-cups","8":"first","9":"instock","10":"shipping-taxable","11":"product-type-simple"},"_links":{"self":[{"href":"https:\/\/displayproducts.eu\/pl\/wp-json\/wp\/v2\/product\/5254","targetHints":{"allow":["GET"]}}],"collection":[{"href":"https:\/\/displayproducts.eu\/pl\/wp-json\/wp\/v2\/product"}],"about":[{"href":"https:\/\/displayproducts.eu\/pl\/wp-json\/wp\/v2\/types\/product"}],"replies":[{"embeddable":true,"href":"https:\/\/displayproducts.eu\/pl\/wp-json\/wp\/v2\/comments?post=5254"}],"wp:featuredmedia":[{"embeddable":true,"href":"https:\/\/displayproducts.eu\/pl\/wp-json\/wp\/v2\/media\/6590"}],"wp:attachment":[{"href":"https:\/\/displayproducts.eu\/pl\/wp-json\/wp\/v2\/media?parent=5254"}],"wp:term":[{"taxonomy":"product_brand","embeddable":true,"href":"https:\/\/displayproducts.eu\/pl\/wp-json\/wp\/v2\/product_brand?post=5254"},{"taxonomy":"product_cat","embeddable":true,"href":"https:\/\/displayproducts.eu\/pl\/wp-json\/wp\/v2\/product_cat?post=5254"},{"taxonomy":"product_tag","embeddable":true,"href":"https:\/\/displayproducts.eu\/pl\/wp-json\/wp\/v2\/product_tag?post=5254"}],"curies":[{"name":"wp","href":"https:\/\/api.w.org\/{rel}","templated":true}]}}