{"id":5252,"date":"2025-10-23T15:50:34","date_gmt":"2025-10-23T12:50:34","guid":{"rendered":"https:\/\/wristbandfactory.eu\/?post_type=product&#038;p=5252"},"modified":"2026-04-01T21:52:35","modified_gmt":"2026-04-01T18:52:35","slug":"vertical-pvc-id-holder","status":"publish","type":"product","link":"https:\/\/displayproducts.eu\/pl\/p\/vertical-pvc-id-holder\/","title":{"rendered":"Pionowy uchwyt na identyfikator z PVC"},"content":{"rendered":"<p>Zadbaj o wyra\u017an\u0105 identyfikacj\u0119 ka\u017cdego uczestnika, pracownika i go\u015bcia dzi\u0119ki naszemu pionowemu uchwytowi na identyfikator z PVC. Zaprojektowany do profesjonalnego u\u017cytku na konferencjach, targach i w \u015brodowisku korporacyjnym, ten uchwyt stanowi trwa\u0142e i praktyczne rozwi\u0105zanie do eksponowania kart dost\u0119pu i identyfikator\u00f3w.<\/p>\n<p>Wykonany z przezroczystego, wytrzyma\u0142ego tworzywa PVC, ten uchwyt na identyfikator chroni identyfikatory przed zu\u017cyciem i uszkodzeniami, zapewniaj\u0105c jednocze\u015bnie ich widoczno\u015b\u0107. G\u00f3rna cz\u0119\u015b\u0107 uchwytu jest wzmocniona, aby wytrzyma\u0107 codzienne u\u017cytkowanie, zapobiegaj\u0105c rozdarciom i uszkodzeniom w miejscu mocowania smyczy. Przemy\u015blana konstrukcja z wieloma perforacjami oferuje elastyczne mo\u017cliwo\u015bci mocowania, zar\u00f3wno centralnie, jak i bocznie, do klips\u00f3w lub szpulek na identyfikatory.<\/p>\n<p>Jako produkt dost\u0119pny w du\u017cych ilo\u015bciach, identyfikator \u201cSkoll\u201d (nr ref.: 20639) jest idealnym wyborem dla organizator\u00f3w wydarze\u0144 i pracownik\u00f3w dzia\u0142\u00f3w zaopatrzenia, kt\u00f3rzy potrzebuj\u0105 niezawodnego, ekonomicznego i szybkiego wdro\u017ceniowego rozwi\u0105zania do obs\u0142ugi du\u017cej liczby identyfikator\u00f3w.<\/p>\n<p><b>G\u0142\u00f3wne cechy:<\/b><\/p>\n<ul>\n<li><b>Orientacja:<\/b> Pionowy<\/li>\n<li><b>Tworzywo:<\/b> Przezroczysty, trwa\u0142y PVC<\/li>\n<li><b>Projekt:<\/b> Wzmocniona g\u00f3ra dla zwi\u0119kszonej trwa\u0142o\u015bci<\/li>\n<li><b>Zgodno\u015b\u0107:<\/b> Wielootworowe, do centralnego i bocznego mocowania smyczy<\/li>\n<li><b>U\u017cywa\u0107:<\/b> Idealny do identyfikator\u00f3w korporacyjnych, przepustek na wydarzenia i kart dost\u0119pu<\/li>\n<\/ul>","protected":false},"excerpt":{"rendered":"<ul>\n<li>Trwa\u0142a konstrukcja z przezroczystego PVC na imprezy o du\u017cym nat\u0119\u017ceniu ruchu.<\/li>\n<li>Wzmocniona g\u00f3rna kraw\u0119d\u017a zapobiega rozdarciom i utracie identyfikatora.<\/li>\n<li>Uniwersalne gniazda pasuj\u0105 do wszystkich standardowych klips\u00f3w do smyczy i szpulek do identyfikator\u00f3w.<\/li>\n<li>Ekonomiczne rozwi\u0105zanie do identyfikacji korporacyjnej i eventowej na du\u017c\u0105 skal\u0119.<\/li>\n<\/ul>","protected":false},"featured_media":5253,"comment_status":"closed","ping_status":"closed","template":"","meta":[],"product_brand":[],"product_cat":[91],"product_tag":[],"class_list":{"0":"post-5252","1":"product","2":"type-product","3":"status-publish","4":"has-post-thumbnail","6":"product_cat-badge-holders","8":"first","9":"instock","10":"shipping-taxable","11":"purchasable","12":"product-type-simple"},"_links":{"self":[{"href":"https:\/\/displayproducts.eu\/pl\/wp-json\/wp\/v2\/product\/5252","targetHints":{"allow":["GET"]}}],"collection":[{"href":"https:\/\/displayproducts.eu\/pl\/wp-json\/wp\/v2\/product"}],"about":[{"href":"https:\/\/displayproducts.eu\/pl\/wp-json\/wp\/v2\/types\/product"}],"replies":[{"embeddable":true,"href":"https:\/\/displayproducts.eu\/pl\/wp-json\/wp\/v2\/comments?post=5252"}],"wp:featuredmedia":[{"embeddable":true,"href":"https:\/\/displayproducts.eu\/pl\/wp-json\/wp\/v2\/media\/5253"}],"wp:attachment":[{"href":"https:\/\/displayproducts.eu\/pl\/wp-json\/wp\/v2\/media?parent=5252"}],"wp:term":[{"taxonomy":"product_brand","embeddable":true,"href":"https:\/\/displayproducts.eu\/pl\/wp-json\/wp\/v2\/product_brand?post=5252"},{"taxonomy":"product_cat","embeddable":true,"href":"https:\/\/displayproducts.eu\/pl\/wp-json\/wp\/v2\/product_cat?post=5252"},{"taxonomy":"product_tag","embeddable":true,"href":"https:\/\/displayproducts.eu\/pl\/wp-json\/wp\/v2\/product_tag?post=5252"}],"curies":[{"name":"wp","href":"https:\/\/api.w.org\/{rel}","templated":true}]}}