{"id":5247,"date":"2025-10-22T14:14:30","date_gmt":"2025-10-22T11:14:30","guid":{"rendered":"https:\/\/wristbandfactory.eu\/?post_type=product&#038;p=5247"},"modified":"2026-04-01T21:52:35","modified_gmt":"2026-04-01T18:52:35","slug":"elastic-fabric-wristbands","status":"publish","type":"product","link":"https:\/\/displayproducts.eu\/pl\/p\/elastic-fabric-wristbands\/","title":{"rendered":"Elastyczne opaski materia\u0142owe:"},"content":{"rendered":"<p data-path-to-node=\"8\">Zapewnij uczestnikom najwy\u017cszy poziom wygody i komfortu dzi\u0119ki naszym elastycznym opaskom na nadgarstek. Wykonane z wysokiej jako\u015bci, mi\u0119kkiego i rozci\u0105gliwego materia\u0142u, po prostu nasuwaj\u0105 si\u0119 na d\u0142o\u0144 i nadgarstek, ca\u0142kowicie eliminuj\u0105c potrzeb\u0119 stosowania plastikowych zapi\u0119\u0107.<\/p>\n<p data-path-to-node=\"9\">Te uniwersalne rozwi\u0105zania upraszczaj\u0105 proces zamawiania i dystrybucji, dzi\u0119ki czemu s\u0105 idealnym i bezproblemowym rozwi\u0105zaniem w przypadku promocji korporacyjnych, sprzeda\u017cy towar\u00f3w i wielodniowych wydarze\u0144, gdzie komfort ma kluczowe znaczenie.<\/p>\n<h3>Pe\u0142nokolorowe, spersonalizowane oznakowanie<\/h3>\n<p data-path-to-node=\"11\">Ca\u0142y pasek to czyste p\u0142\u00f3tno. U\u017cywamy druku sublimacyjnego o wysokiej rozdzielczo\u015bci, od kraw\u0119dzi do kraw\u0119dzi, aby zapewni\u0107, \u017ce Tw\u00f3j branding jest \u017cywy, szczeg\u00f3\u0142owy i idealnie komponuje si\u0119 z mi\u0119kk\u0105 tkanin\u0105.<\/p>\n<h3>Opcjonalna inteligentna etykieta (QR i NFC)<\/h3>\n<p data-path-to-node=\"13\">Dla dodatkowej funkcjonalno\u015bci, te elastyczne opaski na r\u0119k\u0119 mo\u017cna wyposa\u017cy\u0107 w spersonalizowan\u0105 etykiet\u0119. Etykieta idealnie nadaje si\u0119 do dodania unikalnego kodu QR lub kodu kreskowego, a nawet do integracji znacznika NFC. Dzi\u0119ki temu wygodna opaska na r\u0119k\u0119 staje si\u0119 pot\u0119\u017cnym, inteligentnym narz\u0119dziem do p\u0142atno\u015bci bezgot\u00f3wkowych lub interakcji cyfrowych.<\/p>\n<h3 data-path-to-node=\"14\">G\u0142\u00f3wne cechy:<\/h3>\n<ul data-path-to-node=\"15\">\n<li>\n<p data-path-to-node=\"15,0,0\"><b>Tworzywo:<\/b> Wysokiej jako\u015bci, mi\u0119kka i elastyczna tkanina rozci\u0105gliwa.<\/p>\n<\/li>\n<li>\n<p data-path-to-node=\"15,1,0\"><b>Pasowa\u0107:<\/b> Rozmiar uniwersalny, rozci\u0105ga si\u0119 i dopasowuje do cia\u0142a.<\/p>\n<\/li>\n<li>\n<p data-path-to-node=\"15,2,0\"><b>Zamkni\u0119cie:<\/b> Nie wymagaj\u0105 zapi\u0119cia, s\u0105 wygodne i wsuwane.<\/p>\n<\/li>\n<li>\n<p data-path-to-node=\"15,3,0\"><b>Druk:<\/b> Pe\u0142nokolorowa, wysokiej rozdzielczo\u015bci sublimacja (od kraw\u0119dzi do kraw\u0119dzi).<\/p>\n<\/li>\n<li>\n<p data-path-to-node=\"15,4,0\"><b>Opcja Smart Tech:<\/b> Mo\u017cliwo\u015b\u0107 wyposa\u017cenia w niestandardow\u0105 etykiet\u0119 dla kod\u00f3w QR lub tag\u00f3w NFC.<\/p>\n<\/li>\n<li>\n<p data-path-to-node=\"15,5,0\"><b>Idealny dla:<\/b> Promocje, gad\u017cety, festiwale i wygodne, wielodniowe u\u017cytkowanie.<\/p>\n<\/li>\n<\/ul>","protected":false},"excerpt":{"rendered":"<ul>\n<li>\n<p data-path-to-node=\"7,0,0\"><b>Najwy\u017cszy komfort:<\/b> Wykonane z mi\u0119kkiego, rozci\u0105gliwego materia\u0142u w jednym rozmiarze.<\/p>\n<\/li>\n<li>\n<p data-path-to-node=\"7,1,0\"><b>Brak konieczno\u015bci stosowania blokady:<\/b> \u0141atwo si\u0119 zak\u0142ada, eliminuj\u0105c konieczno\u015b\u0107 stosowania plastikowych zapi\u0119\u0107.<\/p>\n<\/li>\n<li>\n<p data-path-to-node=\"7,2,0\"><b>\u017bywy branding:<\/b> Mo\u017cliwo\u015b\u0107 pe\u0142nej personalizacji dzi\u0119ki pe\u0142nokolorowemu nadrukowi sublimacyjnemu od kraw\u0119dzi do kraw\u0119dzi.<\/p>\n<\/li>\n<li>\n<p data-path-to-node=\"7,3,0\"><b>Inteligentna opcja:<\/b> Mo\u017cliwo\u015b\u0107 wyposa\u017cenia w niestandardow\u0105 etykiet\u0119 dla kod\u00f3w QR, kod\u00f3w kreskowych lub tag\u00f3w NFC.<\/p>\n<\/li>\n<\/ul>","protected":false},"featured_media":6382,"comment_status":"closed","ping_status":"closed","template":"","meta":[],"product_brand":[],"product_cat":[47],"product_tag":[],"class_list":{"0":"post-5247","1":"product","2":"type-product","3":"status-publish","4":"has-post-thumbnail","6":"product_cat-fabric-wristbands","8":"first","9":"instock","10":"shipping-taxable","11":"purchasable","12":"product-type-simple"},"_links":{"self":[{"href":"https:\/\/displayproducts.eu\/pl\/wp-json\/wp\/v2\/product\/5247","targetHints":{"allow":["GET"]}}],"collection":[{"href":"https:\/\/displayproducts.eu\/pl\/wp-json\/wp\/v2\/product"}],"about":[{"href":"https:\/\/displayproducts.eu\/pl\/wp-json\/wp\/v2\/types\/product"}],"replies":[{"embeddable":true,"href":"https:\/\/displayproducts.eu\/pl\/wp-json\/wp\/v2\/comments?post=5247"}],"wp:featuredmedia":[{"embeddable":true,"href":"https:\/\/displayproducts.eu\/pl\/wp-json\/wp\/v2\/media\/6382"}],"wp:attachment":[{"href":"https:\/\/displayproducts.eu\/pl\/wp-json\/wp\/v2\/media?parent=5247"}],"wp:term":[{"taxonomy":"product_brand","embeddable":true,"href":"https:\/\/displayproducts.eu\/pl\/wp-json\/wp\/v2\/product_brand?post=5247"},{"taxonomy":"product_cat","embeddable":true,"href":"https:\/\/displayproducts.eu\/pl\/wp-json\/wp\/v2\/product_cat?post=5247"},{"taxonomy":"product_tag","embeddable":true,"href":"https:\/\/displayproducts.eu\/pl\/wp-json\/wp\/v2\/product_tag?post=5247"}],"curies":[{"name":"wp","href":"https:\/\/api.w.org\/{rel}","templated":true}]}}