{"id":5242,"date":"2025-10-22T14:03:08","date_gmt":"2025-10-22T11:03:08","guid":{"rendered":"https:\/\/wristbandfactory.eu\/?post_type=product&#038;p=5242"},"modified":"2026-04-01T21:52:35","modified_gmt":"2026-04-01T18:52:35","slug":"pu-leather-wristbands","status":"publish","type":"product","link":"https:\/\/displayproducts.eu\/pl\/p\/pu-leather-wristbands\/","title":{"rendered":"Opaski ze sztucznej sk\u00f3ry"},"content":{"rendered":"<p>Zaoferuj swoim go\u015bciom prawdziwie ekskluzywne doznania. Nasze opaski na r\u0119k\u0119 ze sk\u00f3ry PU zapewniaj\u0105 wyrafinowany wygl\u0105d i faktur\u0119 prawdziwej sk\u00f3ry, wyznaczaj\u0105c wysoki standard na Twoim wydarzeniu, w strefie VIP lub podczas premiery produktu. To idealny wyb\u00f3r dla klient\u00f3w, kt\u00f3rzy chc\u0105 po\u0142\u0105czy\u0107 styl z bezpieczn\u0105 kontrol\u0105 dost\u0119pu.<\/p>\n<p>Wykonane z wysokiej jako\u015bci sk\u00f3ry poliuretanowej (PU), te opaski stanowi\u0105 stylow\u0105 i przyjazn\u0105 dla zwierz\u0105t (wega\u0144sk\u0105) alternatyw\u0119 dla tradycyjnej sk\u00f3ry. S\u0105 wygodne w noszeniu, a jednocze\u015bnie wystarczaj\u0105co wytrzyma\u0142e, aby przetrwa\u0107 ka\u017cd\u0105 okazj\u0119. G\u0142adka powierzchnia doskonale nadaje si\u0119 na logo Twojej firmy, kt\u00f3re mo\u017cna nadrukowa\u0107 lub wyt\u0142oczy\u0107, aby uzyska\u0107 subtelne, eleganckie wyko\u0144czenie. Opaski te zazwyczaj posiadaj\u0105 bezpieczne, jednorazowe zapi\u0119cie, kt\u00f3re gwarantuje ich odporno\u015b\u0107 na manipulacj\u0119 i idealnie nadaje si\u0119 do kontroli dost\u0119pu.<\/p>\n<p><b>G\u0142\u00f3wne cechy:<\/b><\/p>\n<ul>\n<li><b>Tworzywo:<\/b> Wysokiej jako\u015bci sk\u00f3ra PU (przyjazna dla wegan)<\/li>\n<li><b>Wygl\u0105d:<\/b> Elegancki, profesjonalny i najwy\u017cszej jako\u015bci<\/li>\n<li><b>Personalizacja:<\/b> Idealny do nadruku logo lub t\u0142oczenia<\/li>\n<li><b>Zamkni\u0119cie:<\/b> Bezpieczne, jednorazowe zamkni\u0119cie do kontroli wydarze\u0144<\/li>\n<li><b>Idealny dla:<\/b> Strefy VIP, imprezy firmowe, premiery produkt\u00f3w i go\u015bcinno\u015b\u0107<\/li>\n<\/ul>\n<p>&nbsp;<\/p>","protected":false},"excerpt":{"rendered":"<ul>\n<li>Oferuje wyrafinowany wygl\u0105d i faktur\u0119 prawdziwej sk\u00f3ry.<\/li>\n<li>Trwa\u0142e, wodoodporne i wygodne do d\u0142ugotrwa\u0142ego noszenia.<\/li>\n<li>Idealne dla dost\u0119pu VIP, imprez korporacyjnych i promocji marki.<\/li>\n<\/ul>\n<p>&nbsp;<\/p>","protected":false},"featured_media":6428,"comment_status":"closed","ping_status":"closed","template":"","meta":[],"product_brand":[],"product_cat":[117],"product_tag":[],"class_list":{"0":"post-5242","1":"product","2":"type-product","3":"status-publish","4":"has-post-thumbnail","6":"product_cat-leather-wristbands","8":"first","9":"instock","10":"shipping-taxable","11":"purchasable","12":"product-type-simple"},"_links":{"self":[{"href":"https:\/\/displayproducts.eu\/pl\/wp-json\/wp\/v2\/product\/5242","targetHints":{"allow":["GET"]}}],"collection":[{"href":"https:\/\/displayproducts.eu\/pl\/wp-json\/wp\/v2\/product"}],"about":[{"href":"https:\/\/displayproducts.eu\/pl\/wp-json\/wp\/v2\/types\/product"}],"replies":[{"embeddable":true,"href":"https:\/\/displayproducts.eu\/pl\/wp-json\/wp\/v2\/comments?post=5242"}],"wp:featuredmedia":[{"embeddable":true,"href":"https:\/\/displayproducts.eu\/pl\/wp-json\/wp\/v2\/media\/6428"}],"wp:attachment":[{"href":"https:\/\/displayproducts.eu\/pl\/wp-json\/wp\/v2\/media?parent=5242"}],"wp:term":[{"taxonomy":"product_brand","embeddable":true,"href":"https:\/\/displayproducts.eu\/pl\/wp-json\/wp\/v2\/product_brand?post=5242"},{"taxonomy":"product_cat","embeddable":true,"href":"https:\/\/displayproducts.eu\/pl\/wp-json\/wp\/v2\/product_cat?post=5242"},{"taxonomy":"product_tag","embeddable":true,"href":"https:\/\/displayproducts.eu\/pl\/wp-json\/wp\/v2\/product_tag?post=5242"}],"curies":[{"name":"wp","href":"https:\/\/api.w.org\/{rel}","templated":true}]}}