{"id":5234,"date":"2025-10-22T13:43:36","date_gmt":"2025-10-22T10:43:36","guid":{"rendered":"https:\/\/wristbandfactory.eu\/?post_type=product&#038;p=5234"},"modified":"2026-04-01T21:52:04","modified_gmt":"2026-04-01T18:52:04","slug":"custom-charm-wristbands","status":"publish","type":"product","link":"https:\/\/displayproducts.eu\/pl\/p\/custom-charm-wristbands\/","title":{"rendered":"Z w\u0142asnym nadrukiem opaski na r\u0119k\u0119 z zawieszkami"},"content":{"rendered":"<p>Podkre\u015bl swoj\u0105 mark\u0119 lub upami\u0119tnij wyj\u0105tkowe wydarzenie dzi\u0119ki naszym w pe\u0142ni personalizowanym bransoletkom z zawieszkami. Te bransoletki to idealne rozwi\u0105zanie B2B do tworzenia wysokiej jako\u015bci, po\u017c\u0105danych gad\u017cet\u00f3w dla sklep\u00f3w z pami\u0105tkami, linii rejsowych, na imprezy firmowe lub jako wyj\u0105tkowe gad\u017cety promocyjne.<\/p>\n<p>Urzeczywistniamy Twoj\u0105 wizj\u0119. Mo\u017cesz zaprojektowa\u0107 ca\u0142kowicie unikaln\u0105 metalow\u0105 lub emaliowan\u0105 zawieszk\u0119, opart\u0105 na logo Twojej firmy, maskotce lub motywie kampanii. Wybierz kolor i styl sznurka \u2013 od prostych sznurk\u00f3w po misterne w\u0119z\u0142y \u2013 i dodaj ozdobne koraliki, takie jak muszelki, litery lub metalowe elementy, aby dopasowa\u0107 je do estetyki Twojej marki.<\/p>\n<p>Ta wszechstronno\u015b\u0107 sprawia, \u017ce idealnie pasuj\u0105 do ka\u017cdej grupy docelowej. Mo\u017cemy stworzy\u0107 nawet zestawy \u201cBest Friends\u201d lub pasuj\u0105ce do siebie zestawy partnerskie, idealne do atrakcji turystycznych lub jako gad\u017cety dla fan\u00f3w. Ka\u017cdy zestaw dostarczany jest na indywidualnie zadrukowanym kartonie, w pe\u0142ni obrandowanym i gotowym do ekspozycji w sklepie.<\/p>\n<p><b>G\u0142\u00f3wne cechy:<\/b><\/p>\n<ul>\n<li><b>Spersonalizowane zawieszki z logo:<\/b> Tworzymy wysokiej jako\u015bci zawieszki emaliowane lub metalowe na podstawie Twojego projektu.<\/li>\n<li><b>Pe\u0142na personalizacja:<\/b> Wybierz kolor sznurka, styl bransoletki i ozdobne koraliki (np. muszle, metalowe).<\/li>\n<li><b>Opakowania gotowe do sprzeda\u017cy detalicznej:<\/b> Bransoletki dostarczane s\u0105 na specjalnie zaprojektowanym kartonie, gotowym do ekspozycji.<\/li>\n<li><b>Wszechstronny towar:<\/b> Idealne dla sklep\u00f3w z pami\u0105tkami, atrakcji turystycznych, wsp\u00f3\u0142pracy z markami i wydarze\u0144.<\/li>\n<li><b>Zestawy pasuj\u0105ce:<\/b> Mo\u017cliwo\u015b\u0107 stworzenia \u201cNajlepszych Przyjaci\u00f3\u0142\u201d lub pasuj\u0105cych zestaw\u00f3w na jednej karcie.<\/li>\n<li><b>Regulowane dopasowanie:<\/b> Zaprojektowane z regulowanymi w\u0119z\u0142ami, aby pasowa\u0107 do szerokiej gamy klient\u00f3w.<\/li>\n<\/ul>","protected":false},"excerpt":{"rendered":"<ul>\n<li>Zaprojektuj niepowtarzalne bransoletki z w\u0142asnymi zawieszkami z logo.<\/li>\n<li>Wybierz spo\u015br\u00f3d r\u00f3\u017cnych kolor\u00f3w sznurka, koralik\u00f3w i styl\u00f3w.<\/li>\n<li>Doskonale nadaje si\u0119 do sprzeda\u017cy towar\u00f3w markowych, sklep\u00f3w z pami\u0105tkami lub na wydarzenia specjalne.<\/li>\n<li>Dostarczane na specjalnie zadrukowanych kartach podk\u0142adowych, gotowych do sprzeda\u017cy detalicznej.<\/li>\n<\/ul>","protected":false},"featured_media":6680,"comment_status":"closed","ping_status":"closed","template":"","meta":[],"product_brand":[],"product_cat":[122],"product_tag":[],"class_list":{"0":"post-5234","1":"product","2":"type-product","3":"status-publish","4":"has-post-thumbnail","6":"product_cat-promotional-accessories","8":"first","9":"instock","10":"shipping-taxable","11":"product-type-simple"},"_links":{"self":[{"href":"https:\/\/displayproducts.eu\/pl\/wp-json\/wp\/v2\/product\/5234","targetHints":{"allow":["GET"]}}],"collection":[{"href":"https:\/\/displayproducts.eu\/pl\/wp-json\/wp\/v2\/product"}],"about":[{"href":"https:\/\/displayproducts.eu\/pl\/wp-json\/wp\/v2\/types\/product"}],"replies":[{"embeddable":true,"href":"https:\/\/displayproducts.eu\/pl\/wp-json\/wp\/v2\/comments?post=5234"}],"wp:featuredmedia":[{"embeddable":true,"href":"https:\/\/displayproducts.eu\/pl\/wp-json\/wp\/v2\/media\/6680"}],"wp:attachment":[{"href":"https:\/\/displayproducts.eu\/pl\/wp-json\/wp\/v2\/media?parent=5234"}],"wp:term":[{"taxonomy":"product_brand","embeddable":true,"href":"https:\/\/displayproducts.eu\/pl\/wp-json\/wp\/v2\/product_brand?post=5234"},{"taxonomy":"product_cat","embeddable":true,"href":"https:\/\/displayproducts.eu\/pl\/wp-json\/wp\/v2\/product_cat?post=5234"},{"taxonomy":"product_tag","embeddable":true,"href":"https:\/\/displayproducts.eu\/pl\/wp-json\/wp\/v2\/product_tag?post=5234"}],"curies":[{"name":"wp","href":"https:\/\/api.w.org\/{rel}","templated":true}]}}