{"id":5224,"date":"2025-10-21T12:20:54","date_gmt":"2025-10-21T09:20:54","guid":{"rendered":"https:\/\/wristbandfactory.eu\/?post_type=product&#038;p=5224"},"modified":"2026-04-01T21:52:35","modified_gmt":"2026-04-01T18:52:35","slug":"tricolor-silicone-wristbands","status":"publish","type":"product","link":"https:\/\/displayproducts.eu\/pl\/p\/tricolor-silicone-wristbands\/","title":{"rendered":"Tr\u00f3jkolorowe silikonowe opaski na nadgarstek"},"content":{"rendered":"<p>Zmaksymalizuj widoczno\u015b\u0107 swojej marki dzi\u0119ki naszym spersonalizowanym, tr\u00f3jkolorowym silikonowym opaskom na r\u0119k\u0119. Opaski te sk\u0142adaj\u0105 si\u0119 z trzech oddzielnych segment\u00f3w kolorystycznych, po\u0142\u0105czonych ze sob\u0105 w jedn\u0105, bezszwow\u0105 opask\u0119, oferuj\u0105c wyrazisty, kontrastowy wygl\u0105d, kt\u00f3rego nie dor\u00f3wnaj\u0105 opaski jednokolorowe.<\/p>\n<p>Te segmentowane opaski na nadgarstek to pot\u0119\u017cne narz\u0119dzie dla organizator\u00f3w wydarze\u0144, mened\u017cer\u00f3w marketingu i organizacji. U\u017cyj ich, aby reprezentowa\u0107 kolory swojej marki, wesprze\u0107 jak\u0105\u015b spraw\u0119 lub dopasowa\u0107 je do konkretnego tematu wydarzenia. Ka\u017cda opaska jest wykonana z wysokiej jako\u015bci, antyalergicznego silikonu 100%, zapewniaj\u0105cego d\u0142ugotrwa\u0142y komfort i trwa\u0142o\u015b\u0107.<\/p>\n<p>Twoje logo lub napis jest precyzyjnie wyt\u0142oczony (wtopiony) w opask\u0119, a nast\u0119pnie wype\u0142niony jednym, kontrastowym kolorem Pantone. Ta metoda intarsji chroni Tw\u00f3j projekt przed zu\u017cyciem i uszkodzeniami, gwarantuj\u0105c d\u0142ugotrwa\u0142\u0105 widoczno\u015b\u0107 marki. Mo\u017cemy wyprodukowa\u0107 te opaski w dowolnym rozmiarze, w tym standardowym dla doros\u0142ych (202 mm), m\u0142odzie\u017cowym lub mniejszym dla dzieci, aby dopasowa\u0107 je do Twoich potrzeb.<\/p>\n<blockquote><p><b>Notatka produkcyjna:<\/b> Te opaski powstaj\u0105 poprzez \u0142\u0105czenie silikonowych element\u00f3w w r\u00f3\u017cnych kolorach. Ze wzgl\u0119du na ten proces formowania, granica mi\u0119dzy kolorami nie mo\u017ce by\u0107 idealnie prosta i wyst\u0119puje naturalne mieszanie si\u0119 kolor\u00f3w.<\/p><\/blockquote>\n<p><b>G\u0142\u00f3wne cechy:<\/b><\/p>\n<ul>\n<li><b>Tr\u00f3jkolorowy wz\u00f3r o du\u017cym wp\u0142ywie:<\/b> Posiada trzy wyra\u017anie odmienne segmenty kolorystyczne, uformowane razem, co tworzy wyrazisty przekaz marki.<\/li>\n<li><b>Trwa\u0142e logo intarsjowane:<\/b> Tw\u00f3j wz\u00f3r jest wyt\u0142oczony (wkl\u0119s\u0142y) i wype\u0142niony jednokolorow\u0105 wk\u0142adk\u0105, dzi\u0119ki czemu nie wyblaknie ani nie zetrze si\u0119.<\/li>\n<li><b>Pe\u0142ne dopasowanie Pantone:<\/b> Spersonalizuj wszystkie trzy segmenty i wype\u0142nij logo dok\u0142adnymi kolorami Pantone swojej marki.<\/li>\n<li><b>Silikon wysokiej jako\u015bci 100%:<\/b> Wykonane z trwa\u0142ego, elastycznego i antyalergicznego silikonu (<span class=\"math-inline\" data-math=\"100\\\\%\">$100\\\\%$<\/span> (elastyczny, trwa\u0142y silikon) zapewniaj\u0105cy d\u0142ugotrwa\u0142y komfort.<\/li>\n<li><b>Wszechstronne rozmiary:<\/b> Dost\u0119pne w standardowym rozmiarze dla doros\u0142ych (202 *12) <span class=\"math-inline\" data-math=\"\\times\">*<\/span>\u00a02 mm), m\u0142odzie\u017cowe i z w\u0142asnym nadrukiem rozmiary dzieci\u0119ce.<\/li>\n<\/ul>","protected":false},"excerpt":{"rendered":"<ul>\n<li>Zawiera trzy r\u00f3\u017cne, wyraziste segmenty kolorystyczne, kt\u00f3re nadaj\u0105 wyrazisty wygl\u0105d.<\/li>\n<li>Trwa\u0142e, wyt\u0142oczone (zatopione) logo z wype\u0142nieniem jednokolorowym, kt\u00f3re si\u0119 nie \u015bciera.<\/li>\n<li>Pe\u0142na personalizacja przy u\u017cyciu kolor\u00f3w Pantone obowi\u0105zuj\u0105cych w Twojej organizacji.<\/li>\n<li>Dost\u0119pne w rozmiarach dla doros\u0142ych, dzieci i m\u0142odzie\u017cy, aby dopasowa\u0107 si\u0119 do ka\u017cdej grupy docelowej.<\/li>\n<li><\/li>\n<\/ul>","protected":false},"featured_media":5974,"comment_status":"closed","ping_status":"closed","template":"","meta":[],"product_brand":[],"product_cat":[49],"product_tag":[],"class_list":{"0":"post-5224","1":"product","2":"type-product","3":"status-publish","4":"has-post-thumbnail","6":"product_cat-silicone","8":"first","9":"instock","10":"shipping-taxable","11":"purchasable","12":"product-type-simple"},"_links":{"self":[{"href":"https:\/\/displayproducts.eu\/pl\/wp-json\/wp\/v2\/product\/5224","targetHints":{"allow":["GET"]}}],"collection":[{"href":"https:\/\/displayproducts.eu\/pl\/wp-json\/wp\/v2\/product"}],"about":[{"href":"https:\/\/displayproducts.eu\/pl\/wp-json\/wp\/v2\/types\/product"}],"replies":[{"embeddable":true,"href":"https:\/\/displayproducts.eu\/pl\/wp-json\/wp\/v2\/comments?post=5224"}],"wp:featuredmedia":[{"embeddable":true,"href":"https:\/\/displayproducts.eu\/pl\/wp-json\/wp\/v2\/media\/5974"}],"wp:attachment":[{"href":"https:\/\/displayproducts.eu\/pl\/wp-json\/wp\/v2\/media?parent=5224"}],"wp:term":[{"taxonomy":"product_brand","embeddable":true,"href":"https:\/\/displayproducts.eu\/pl\/wp-json\/wp\/v2\/product_brand?post=5224"},{"taxonomy":"product_cat","embeddable":true,"href":"https:\/\/displayproducts.eu\/pl\/wp-json\/wp\/v2\/product_cat?post=5224"},{"taxonomy":"product_tag","embeddable":true,"href":"https:\/\/displayproducts.eu\/pl\/wp-json\/wp\/v2\/product_tag?post=5224"}],"curies":[{"name":"wp","href":"https:\/\/api.w.org\/{rel}","templated":true}]}}