{"id":5218,"date":"2025-10-21T11:56:09","date_gmt":"2025-10-21T08:56:09","guid":{"rendered":"https:\/\/wristbandfactory.eu\/?post_type=product&#038;p=5218"},"modified":"2026-04-01T21:52:35","modified_gmt":"2026-04-01T18:52:35","slug":"remote-control-led-wristbands","status":"publish","type":"product","link":"https:\/\/displayproducts.eu\/pl\/p\/remote-control-led-wristbands\/","title":{"rendered":"Z w\u0142asnym nadrukiem opaski LED sterowane zdalnie (RF i DMX)"},"content":{"rendered":"<p data-path-to-node=\"9\">Przekszta\u0142\u0107 sw\u00f3j koncert, festiwal lub wydarzenie firmowe w niezapomniany pokaz \u015bwietlny. Nasze zdalnie sterowane opaski LED pozwol\u0105 Ci zsynchronizowa\u0107 ka\u017cdego go\u015bcia z Twoj\u0105 muzyk\u0105 i programem, tworz\u0105c pot\u0119\u017cne, sp\u00f3jne do\u015bwiadczenie wizualne, kt\u00f3re zwi\u0119kszy zaanga\u017cowanie publiczno\u015bci.<\/p>\n<p data-path-to-node=\"10\">To Tw\u00f3j centralny punkt, w kt\u00f3rym znajdziesz wszystkie nasze zdalnie sterowane silikonowe i plastikowe opaski na r\u0119k\u0119. Zebrali\u015bmy tutaj nasze r\u00f3\u017cne style, aby pom\u00f3c Ci wybra\u0107 idealne rozwi\u0105zanie, dopasowane do technicznych potrzeb i bud\u017cetu Twojego wydarzenia.<\/p>\n<p data-path-to-node=\"11\">Wszystkie modele s\u0105 kompatybilne z central\u0105 <strong><a href=\"https:\/\/displayproducts.eu\/pl\/p\/remote-dmx-controllers-for-led-wristbands\/\">Pilot zdalnego sterowania i kontroler DMX<\/a><\/strong> kt\u00f3ry jest sprzedawany oddzielnie w naszym sklepie <strong><a href=\"https:\/\/displayproducts.eu\/pl\/c\/event-supplies\/\">Materia\u0142y na imprezy<\/a><\/strong> kategorii. Ten kontroler pozwala jednemu operatorowi zmienia\u0107 kolory diod LED i wzory migania dla wszystkich opasek na obiekcie w tym samym czasie.<\/p>\n<h3>Wybierz sw\u00f3j model zdalnie sterowany<\/h3>\n<p data-path-to-node=\"13\">Wybierz konkretny model, bior\u0105c pod uwag\u0119 wymagania Twojego wydarzenia dotycz\u0105ce jasno\u015bci, \u017cywotno\u015bci baterii, designu i zr\u00f3wnowa\u017conego rozwoju:<\/p>\n<h4>1. \u201cJasny\u201d (zasilany 11 diodami LED \/ bateriami AAA)<\/h4>\n<p><img fetchpriority=\"high\" decoding=\"async\" class=\"alignnone wp-image-5543\" src=\"https:\/\/displayproducts.eu\/wp-content\/uploads\/2025\/10\/the-bright.jpg\" alt=\"\" width=\"300\" height=\"300\" srcset=\"https:\/\/displayproducts.eu\/wp-content\/uploads\/2025\/10\/the-bright.jpg 1080w, https:\/\/displayproducts.eu\/wp-content\/uploads\/2025\/10\/the-bright-768x768.jpg 768w, https:\/\/displayproducts.eu\/wp-content\/uploads\/2025\/10\/the-bright-12x12.jpg 12w, https:\/\/displayproducts.eu\/wp-content\/uploads\/2025\/10\/the-bright-300x300.jpg 300w, https:\/\/displayproducts.eu\/wp-content\/uploads\/2025\/10\/the-bright-600x600.jpg 600w, https:\/\/displayproducts.eu\/wp-content\/uploads\/2025\/10\/the-bright-100x100.jpg 100w, https:\/\/displayproducts.eu\/wp-content\/uploads\/2025\/10\/the-bright-64x64.jpg 64w\" sizes=\"(max-width: 300px) 100vw, 300px\" \/><\/p>\n<p data-path-to-node=\"17\">Nasze najmocniejsze rozwi\u0105zanie, ten model wyposa\u017cony jest w 11 indywidualnych diod LED, kt\u00f3re zapewniaj\u0105 maksymalny efekt wizualny na stadionach. Jest zasilany dwiema standardowymi, wymiennymi bateriami AAA, oferuj\u0105cymi 12-godzinny czas pracy.<\/p>\n<ul data-path-to-node=\"18\">\n<li>\n<p data-path-to-node=\"18,0,0\"><b data-path-to-node=\"18,0,0\" data-index-in-node=\"0\">Najlepiej dla:<\/b> Du\u017ce wycieczki po stadionach i festiwale plenerowe.<\/p>\n<\/li>\n<\/ul>\n<h4>2. Standard \u201cEkologiczny\u201d<\/h4>\n<p><img decoding=\"async\" class=\"alignnone wp-image-5544\" src=\"https:\/\/displayproducts.eu\/wp-content\/uploads\/2025\/10\/eco-friendly.jpg\" alt=\"\" width=\"300\" height=\"300\" \/><\/p>\n<p data-path-to-node=\"19\"><span data-path-to-node=\"20,2\"><span class=\"citation-377\">Ten model jest naszym najpopularniejszym i najbardziej wszechstronnym rozwi\u0105zaniem, wykonany z wygodnego tworzywa ABS i silikonu. <\/span><\/span><span data-path-to-node=\"20,4\"> Wyposa\u017cony jest w wytrzyma\u0142\u0105 bateri\u0119 (CR2032) pozwalaj\u0105c\u0105 na 12 godzin pracy oraz 15 opcji kolorystycznych.<\/span><\/p>\n<ul data-path-to-node=\"20\">\n<li>\n<p data-path-to-node=\"20,0,0\"><b>Najlepiej dla:<\/b> Marki i wydarzenia skupiaj\u0105ce si\u0119 na zr\u00f3wnowa\u017conym rozwoju i niezawodno\u015bci.<\/p>\n<\/li>\n<\/ul>\n<h4>3. \u201cRze\u017aba\u201d (projekt 3D)<\/h4>\n<p><img decoding=\"async\" class=\"alignnone wp-image-5545\" src=\"https:\/\/displayproducts.eu\/wp-content\/uploads\/2025\/10\/sculpted-1.jpg\" alt=\"\" width=\"300\" height=\"300\" srcset=\"https:\/\/displayproducts.eu\/wp-content\/uploads\/2025\/10\/sculpted-1.jpg 500w, https:\/\/displayproducts.eu\/wp-content\/uploads\/2025\/10\/sculpted-1-12x12.jpg 12w, https:\/\/displayproducts.eu\/wp-content\/uploads\/2025\/10\/sculpted-1-300x300.jpg 300w, https:\/\/displayproducts.eu\/wp-content\/uploads\/2025\/10\/sculpted-1-100x100.jpg 100w, https:\/\/displayproducts.eu\/wp-content\/uploads\/2025\/10\/sculpted-1-64x64.jpg 64w\" sizes=\"(max-width: 300px) 100vw, 300px\" \/><\/p>\n<p data-path-to-node=\"21\">Wyra\u017a sw\u00f3j odwa\u017cny styl. Ten model wyr\u00f3\u017cnia si\u0119 wyj\u0105tkowym, <b>geometryczny top rze\u017abiony w 3D<\/b> (dost\u0119pne z 2 lub 4 diodami LED). To wysokiej jako\u015bci, noszony element wyposa\u017cenia, kt\u00f3ry si\u0119 wyr\u00f3\u017cnia.<\/p>\n<ul data-path-to-node=\"22\">\n<li>\n<p data-path-to-node=\"22,0,0\"><b>Najlepiej dla:<\/b> Strefy VIP, premiery produkt\u00f3w i wydarzenia zwi\u0105zane z mod\u0105.<\/p>\n<\/li>\n<\/ul>\n<h4>4. \u201cLekki\u201d (20 g)<\/h4>\n<p><img loading=\"lazy\" decoding=\"async\" class=\"alignnone wp-image-5546\" src=\"https:\/\/displayproducts.eu\/wp-content\/uploads\/2025\/10\/lightweight.jpg\" alt=\"\" width=\"300\" height=\"300\" srcset=\"https:\/\/displayproducts.eu\/wp-content\/uploads\/2025\/10\/lightweight.jpg 500w, https:\/\/displayproducts.eu\/wp-content\/uploads\/2025\/10\/lightweight-12x12.jpg 12w, https:\/\/displayproducts.eu\/wp-content\/uploads\/2025\/10\/lightweight-300x300.jpg 300w, https:\/\/displayproducts.eu\/wp-content\/uploads\/2025\/10\/lightweight-100x100.jpg 100w, https:\/\/displayproducts.eu\/wp-content\/uploads\/2025\/10\/lightweight-64x64.jpg 64w\" sizes=\"(max-width: 300px) 100vw, 300px\" \/><\/p>\n<p data-path-to-node=\"24\">Zaprojektowany z my\u015bl\u0105 o maksymalnym komforcie, ten model wa\u017cy <b>tylko 20 gram\u00f3w<\/b>, dzi\u0119ki czemu uczestnicy mog\u0105 go nosi\u0107 przez ca\u0142\u0105 noc. Dost\u0119pny jest w 15 kolorach i dzia\u0142a do 12 godzin (baterie CR2032).<\/p>\n<ul data-path-to-node=\"25\">\n<li>\n<p data-path-to-node=\"25,0,0\"><b>Najlepiej dla:<\/b> Konferencje, imprezy firmowe i wydarzenia, na kt\u00f3rych komfort ma kluczowe znaczenie.<\/p>\n<\/li>\n<\/ul>\n<h4>5. \u201cObserwacja\u201d (Obserwacja wydarze\u0144)<\/h4>\n<p><img loading=\"lazy\" decoding=\"async\" class=\"alignnone wp-image-5548 size-full\" src=\"https:\/\/displayproducts.eu\/wp-content\/uploads\/2025\/10\/watch-e1763320779944.jpg\" alt=\"\" width=\"480\" height=\"288\" srcset=\"https:\/\/displayproducts.eu\/wp-content\/uploads\/2025\/10\/watch-e1763320779944.jpg 480w, https:\/\/displayproducts.eu\/wp-content\/uploads\/2025\/10\/watch-e1763320779944-18x12.jpg 18w, https:\/\/displayproducts.eu\/wp-content\/uploads\/2025\/10\/watch-e1763320779944-64x38.jpg 64w\" sizes=\"(max-width: 480px) 100vw, 480px\" \/><\/p>\n<p data-path-to-node=\"27\">Ten model charakteryzuje si\u0119 <b>styl zegarka<\/b> projekt z du\u017c\u0105, p\u0142ask\u0105 powierzchni\u0105, stanowi\u0105cy doskona\u0142\u0105, dobrze widoczn\u0105 powierzchni\u0119 dla Twojego logo.<\/p>\n<ul data-path-to-node=\"28\">\n<li>\n<p data-path-to-node=\"28,0,0\"><b>Najlepiej dla:<\/b> Wydarzenia korporacyjne i branding sponsor\u00f3w.<\/p>\n<\/li>\n<\/ul>\n<h2 data-path-to-node=\"31\">Specyfikacje<\/h2>\n<ul data-path-to-node=\"32\">\n<li>\n<p data-path-to-node=\"32,0,1\"><span data-path-to-node=\"32,0,1,0\"><b data-path-to-node=\"32,0,1,0\" data-index-in-node=\"0\"><span class=\"citation-374\">Technologia sterowania:<\/span><\/b><span class=\"citation-374\"> RF (cz\u0119stotliwo\u015b\u0107 radiowa) i DMX512. <\/span><\/span><\/p>\n<\/li>\n<li>\n<p data-path-to-node=\"32,1,1\"><span data-path-to-node=\"32,1,1,0\"><b data-path-to-node=\"32,1,1,0\" data-index-in-node=\"0\"><span class=\"citation-373\">Przybory:<\/span><\/b><span class=\"citation-373\"> Silikon, ABS, PVC. <\/span><\/span><\/p>\n<\/li>\n<li>\n<p data-path-to-node=\"32,2,0\"><b data-path-to-node=\"32,2,0\" data-index-in-node=\"0\">Czas pracy baterii:<\/b> Od 6 do 12 godzin w zale\u017cno\u015bci od modelu.<\/p>\n<\/li>\n<li>\n<p data-path-to-node=\"32,3,1\"><span data-path-to-node=\"32,3,1,0\"><b data-path-to-node=\"32,3,1,0\" data-index-in-node=\"0\"><span class=\"citation-372\">Branding:<\/span><\/b><span class=\"citation-372\"> Nadruk logo w jednym lub wielu kolorach. <\/span><\/span><\/p>\n<\/li>\n<li>\n<p data-path-to-node=\"32,4,0\"><b data-path-to-node=\"32,4,0\" data-index-in-node=\"0\">Minimalna ilo\u015b\u0107 zam\u00f3wienia:<\/b> 100 jednostek.<\/p>\n<\/li>\n<\/ul>\n<h3><strong><a href=\"https:\/\/displayproducts.eu\/pl\/p\/remote-dmx-controllers-for-led-wristbands\/\">Pilot zdalnego sterowania i kontroler DMX<\/a><\/strong><\/h3>\n<p><img loading=\"lazy\" decoding=\"async\" class=\"\" src=\"https:\/\/displayproducts.eu\/wp-content\/uploads\/2025\/10\/controller-2-scaled.jpeg\" width=\"365\" height=\"365\" \/><\/p>","protected":false},"excerpt":{"rendered":"<ul>\n<li>\n<p data-path-to-node=\"9,0,0\"><b data-path-to-node=\"9,0,0\" data-index-in-node=\"0\">Centralna synchronizacja:<\/b> Pe\u0142na kompatybilno\u015b\u0107 ze sterownikami RF i DMX, umo\u017cliwiaj\u0105ca tworzenie wci\u0105gaj\u0105cych pokaz\u00f3w \u015bwietlnych w ca\u0142ym obiekcie.<\/p>\n<\/li>\n<li>\n<p data-path-to-node=\"9,1,0\"><b data-path-to-node=\"9,1,0\" data-index-in-node=\"0\">R\u00f3\u017cnorodna gama modeli:<\/b> Wybierz spo\u015br\u00f3d 11 r\u00f3\u017cnych modeli, w tym ultralekkich, o wysokiej jasno\u015bci AAA i modeli o rze\u017abionej konstrukcji 3D.<\/p>\n<\/li>\n<li>\n<p data-path-to-node=\"9,2,1\"><span data-path-to-node=\"9,2,1,0\"><b data-path-to-node=\"9,2,1,0\" data-index-in-node=\"0\"><span class=\"citation-351\">Branding B2B:<\/span><\/b><span class=\"citation-351\"> Wysokiej jako\u015bci nadruk logo jest dost\u0119pny we wszystkich modelach, co zapewnia maksymaln\u0105 widoczno\u015b\u0107 sponsora. <\/span><\/span><\/p>\n<\/li>\n<li>\n<p data-path-to-node=\"9,3,0\"><b data-path-to-node=\"9,3,0\" data-index-in-node=\"0\">Kontrola dalekiego zasi\u0119gu:<\/b> Niezawodny zasi\u0119g sygna\u0142u do 300-500 metr\u00f3w w przypadku wydarze\u0144 na stadionach.<\/p>\n<\/li>\n<\/ul>","protected":false},"featured_media":5031,"comment_status":"closed","ping_status":"closed","template":"","meta":[],"product_brand":[],"product_cat":[80],"product_tag":[],"class_list":{"0":"post-5218","1":"product","2":"type-product","3":"status-publish","4":"has-post-thumbnail","6":"product_cat-led-wristbands","8":"first","9":"instock","10":"shipping-taxable","11":"purchasable","12":"product-type-simple"},"_links":{"self":[{"href":"https:\/\/displayproducts.eu\/pl\/wp-json\/wp\/v2\/product\/5218","targetHints":{"allow":["GET"]}}],"collection":[{"href":"https:\/\/displayproducts.eu\/pl\/wp-json\/wp\/v2\/product"}],"about":[{"href":"https:\/\/displayproducts.eu\/pl\/wp-json\/wp\/v2\/types\/product"}],"replies":[{"embeddable":true,"href":"https:\/\/displayproducts.eu\/pl\/wp-json\/wp\/v2\/comments?post=5218"}],"wp:featuredmedia":[{"embeddable":true,"href":"https:\/\/displayproducts.eu\/pl\/wp-json\/wp\/v2\/media\/5031"}],"wp:attachment":[{"href":"https:\/\/displayproducts.eu\/pl\/wp-json\/wp\/v2\/media?parent=5218"}],"wp:term":[{"taxonomy":"product_brand","embeddable":true,"href":"https:\/\/displayproducts.eu\/pl\/wp-json\/wp\/v2\/product_brand?post=5218"},{"taxonomy":"product_cat","embeddable":true,"href":"https:\/\/displayproducts.eu\/pl\/wp-json\/wp\/v2\/product_cat?post=5218"},{"taxonomy":"product_tag","embeddable":true,"href":"https:\/\/displayproducts.eu\/pl\/wp-json\/wp\/v2\/product_tag?post=5218"}],"curies":[{"name":"wp","href":"https:\/\/api.w.org\/{rel}","templated":true}]}}