{"id":5209,"date":"2025-10-20T23:33:45","date_gmt":"2025-10-20T20:33:45","guid":{"rendered":"https:\/\/wristbandfactory.eu\/?post_type=product&#038;p=5209"},"modified":"2026-04-01T21:52:35","modified_gmt":"2026-04-01T18:52:35","slug":"printed-cup-holder-clip","status":"publish","type":"product","link":"https:\/\/displayproducts.eu\/pl\/p\/printed-cup-holder-clip\/","title":{"rendered":"Uchwyt na kubek z nadrukiem"},"content":{"rendered":"<p data-path-to-node=\"12\">Ulepsz do\u015bwiadczenia uczestnik\u00f3w swojego kolejnego festiwalu lub konferencji dzi\u0119ki naszym praktycznym rozwi\u0105zaniom <b data-path-to-node=\"12\" data-index-in-node=\"112\">Klips do uchwytu na kubek z nadrukiem<\/b>. Ten sprytny dodatek rozwi\u0105zuje cz\u0119sty problem na imprezach: konieczno\u015b\u0107 trzymania kubka wielokrotnego u\u017cytku przez ca\u0142y dzie\u0144. Umo\u017cliwiaj\u0105c go\u015bciom bezpieczne przymocowanie pustego pojemnika po napoju do smyczki lub szlufki, uwalniasz im r\u0119ce do networkingu, ta\u0144ca lub wiwatowania.<\/p>\n<p data-path-to-node=\"13\"><span data-path-to-node=\"13,1\"><span class=\"citation-56\">Zaprojektowany do bezproblemowej wsp\u00f3\u0142pracy z naszym <\/span><b data-path-to-node=\"13,1\" data-index-in-node=\"37\"><span class=\"citation-56\">Smycze<\/span><\/b> <\/span><span data-path-to-node=\"13,4\"><span class=\"citation-55\">I <\/span><b data-path-to-node=\"13,4\" data-index-in-node=\"4\"><span class=\"citation-55\">Kubki i naczynia wielorazowe<\/span><\/b><\/span><span data-path-to-node=\"13,6\">, Ten klips to niezb\u0119dny element ka\u017cdej ekologicznej strategii eventowej. Zach\u0119ca do ponownego wykorzystania kubk\u00f3w, u\u0142atwiaj\u0105c ich przenoszenie, zmniejszaj\u0105c ryzyko ich wyrzucenia lub zgubienia.<\/span><\/p>\n<h2 data-path-to-node=\"14\">G\u0142\u00f3wne cechy<\/h2>\n<ul data-path-to-node=\"15\">\n<li>\n<p data-path-to-node=\"15,0,0\"><b data-path-to-node=\"15,0,0\" data-index-in-node=\"0\">Pewny chwyt:<\/b> Mechanizm klipsa mocno przylega do kraw\u0119dzi standardowych kubk\u00f3w wielokrotnego u\u017cytku wykonanych z plastiku (PP) i szklanek, dzi\u0119ki czemu kubek pozostaje na swoim miejscu podczas chodzenia.<\/p>\n<\/li>\n<li>\n<p data-path-to-node=\"15,1,0\"><b data-path-to-node=\"15,1,0\" data-index-in-node=\"0\">Branding o wysokiej widoczno\u015bci:<\/b> Pomimo kompaktowych rozmiar\u00f3w, klips wyr\u00f3\u017cnia si\u0119 widoczn\u0105 p\u0142ask\u0105 powierzchni\u0105 specjalnie zaprojektowan\u0105 do nadrukowania logo, dzi\u0119ki czemu Twoja marka b\u0119dzie w centrum uwagi za ka\u017cdym razem, gdy u\u017cytkownik si\u0119gnie po \u0142yk.<\/p>\n<\/li>\n<li>\n<p data-path-to-node=\"15,2,0\"><b data-path-to-node=\"15,2,0\" data-index-in-node=\"0\">Koordynacja kolor\u00f3w:<\/b> Wykonane z trwa\u0142ego tworzywa ABS, dost\u0119pne w szerokiej gamie kolor\u00f3w, kt\u00f3re dopasujesz do wizerunku swojej marki lub motywu wydarzenia.<\/p>\n<\/li>\n<li>\n<p data-path-to-node=\"15,3,0\"><b data-path-to-node=\"15,3,0\" data-index-in-node=\"0\">Lekka konstrukcja:<\/b> Wa\u017c\u0105c zaledwie 3 gramy, nie dodaje nic do zestawu smyczy uczestnika.<\/p>\n<\/li>\n<\/ul>\n<h2 data-path-to-node=\"16\">Specyfikacje<\/h2>\n<ul data-path-to-node=\"17\">\n<li>\n<p data-path-to-node=\"17,0,0\"><b data-path-to-node=\"17,0,0\" data-index-in-node=\"0\">Tworzywo:<\/b> Odporne tworzywo sztuczne ABS.<\/p>\n<\/li>\n<li>\n<p data-path-to-node=\"17,1,0\"><b data-path-to-node=\"17,1,0\" data-index-in-node=\"0\">Wymiary:<\/b> 1,6 x 2,2 x 2,2 cm.<\/p>\n<\/li>\n<li>\n<p data-path-to-node=\"17,2,0\"><b data-path-to-node=\"17,2,0\" data-index-in-node=\"0\">Waga:<\/b> 3g.<\/p>\n<\/li>\n<li>\n<p data-path-to-node=\"17,3,0\"><b data-path-to-node=\"17,3,0\" data-index-in-node=\"0\">Zgodno\u015b\u0107:<\/b> Pasuje do standardowych kubk\u00f3w i szklanek wielokrotnego u\u017cytku, u\u017cywanych podczas festiwali.<\/p>\n<\/li>\n<li>\n<p data-path-to-node=\"17,4,0\"><b data-path-to-node=\"17,4,0\" data-index-in-node=\"0\">Za\u0142\u0105cznik:<\/b> P\u0119telka pier\u015bcieniowa do mocowania smyczy lub karabi\u0144czyk\u00f3w.<\/p>\n<\/li>\n<li>\n<p data-path-to-node=\"17,5,0\"><b data-path-to-node=\"17,5,0\" data-index-in-node=\"0\">Personalizacja:<\/b> Nadruk tampodrukowy na powierzchni p\u0142askiej.<\/p>\n<\/li>\n<\/ul>\n<h2 data-path-to-node=\"18\">Przypadki u\u017cycia<\/h2>\n<ul data-path-to-node=\"19\">\n<li>\n<p data-path-to-node=\"19,0,0\"><b data-path-to-node=\"19,0,0\" data-index-in-node=\"0\">Festiwale muzyczne:<\/b> Umo\u017cliwia fanom taniec bez konieczno\u015bci trzymania pustego kubka.<\/p>\n<\/li>\n<li>\n<p data-path-to-node=\"19,1,0\"><b data-path-to-node=\"19,1,0\" data-index-in-node=\"0\">Degustacje piwa i wina:<\/b> Umo\u017cliwia dost\u0119p do kieliszka degustacyjnego pomi\u0119dzy stacjami.<\/p>\n<\/li>\n<li>\n<p data-path-to-node=\"19,2,0\"><b data-path-to-node=\"19,2,0\" data-index-in-node=\"0\">Targi:<\/b> Uwalnia r\u0119ce do wymiany wizyt\u00f3wek podczas trzymania fili\u017canki kawy.<\/p>\n<\/li>\n<li>\n<p data-path-to-node=\"19,3,0\"><b data-path-to-node=\"19,3,0\" data-index-in-node=\"0\">Wydarzenia plenerowe:<\/b> Zapobiega zgubieniu lub pozostawieniu kubk\u00f3w na pod\u0142odze.<\/p>\n<\/li>\n<\/ul>","protected":false},"excerpt":{"rendered":"<ul>\n<li>\n<p data-path-to-node=\"11,0,0\"><b data-path-to-node=\"11,0,0\" data-index-in-node=\"0\">Wygoda bez u\u017cycia r\u0105k:<\/b> Umo\u017cliwia uczestnikom przypi\u0119cie wielorazowego kubka do smyczy lub szlufki paska.<\/p>\n<\/li>\n<li>\n<p data-path-to-node=\"11,1,0\"><b data-path-to-node=\"11,1,0\" data-index-in-node=\"0\">Uniwersalne dopasowanie:<\/b> Pewnie trzyma kraw\u0119d\u017a wi\u0119kszo\u015bci standardowych plastikowych kubk\u00f3w festiwalowych.<\/p>\n<\/li>\n<li>\n<p data-path-to-node=\"11,2,0\"><b data-path-to-node=\"11,2,0\" data-index-in-node=\"0\">Branding niestandardowy:<\/b> Posiada specjaln\u0105 p\u0142ask\u0105 powierzchni\u0119 do nadruku logo o wysokiej widoczno\u015bci.<\/p>\n<\/li>\n<li>\n<p data-path-to-node=\"11,3,0\"><b data-path-to-node=\"11,3,0\" data-index-in-node=\"0\">Lekkie i wytrzyma\u0142e:<\/b> Wykonane z odpornego tworzywa ABS (3 g), dost\u0119pne w r\u00f3\u017cnych kolorach.<\/p>\n<\/li>\n<\/ul>","protected":false},"featured_media":6476,"comment_status":"closed","ping_status":"closed","template":"","meta":[],"product_brand":[],"product_cat":[119],"product_tag":[],"class_list":{"0":"post-5209","1":"product","2":"type-product","3":"status-publish","4":"has-post-thumbnail","6":"product_cat-drinkware-accessories","8":"first","9":"instock","10":"shipping-taxable","11":"purchasable","12":"product-type-simple"},"_links":{"self":[{"href":"https:\/\/displayproducts.eu\/pl\/wp-json\/wp\/v2\/product\/5209","targetHints":{"allow":["GET"]}}],"collection":[{"href":"https:\/\/displayproducts.eu\/pl\/wp-json\/wp\/v2\/product"}],"about":[{"href":"https:\/\/displayproducts.eu\/pl\/wp-json\/wp\/v2\/types\/product"}],"replies":[{"embeddable":true,"href":"https:\/\/displayproducts.eu\/pl\/wp-json\/wp\/v2\/comments?post=5209"}],"wp:featuredmedia":[{"embeddable":true,"href":"https:\/\/displayproducts.eu\/pl\/wp-json\/wp\/v2\/media\/6476"}],"wp:attachment":[{"href":"https:\/\/displayproducts.eu\/pl\/wp-json\/wp\/v2\/media?parent=5209"}],"wp:term":[{"taxonomy":"product_brand","embeddable":true,"href":"https:\/\/displayproducts.eu\/pl\/wp-json\/wp\/v2\/product_brand?post=5209"},{"taxonomy":"product_cat","embeddable":true,"href":"https:\/\/displayproducts.eu\/pl\/wp-json\/wp\/v2\/product_cat?post=5209"},{"taxonomy":"product_tag","embeddable":true,"href":"https:\/\/displayproducts.eu\/pl\/wp-json\/wp\/v2\/product_tag?post=5209"}],"curies":[{"name":"wp","href":"https:\/\/api.w.org\/{rel}","templated":true}]}}