{"id":5203,"date":"2025-10-20T23:28:16","date_gmt":"2025-10-20T20:28:16","guid":{"rendered":"https:\/\/wristbandfactory.eu\/?post_type=product&#038;p=5203"},"modified":"2026-04-01T21:52:35","modified_gmt":"2026-04-01T18:52:35","slug":"led-party-glasses","status":"publish","type":"product","link":"https:\/\/displayproducts.eu\/pl\/p\/led-party-glasses\/","title":{"rendered":"Wielokolorowe okulary imprezowe LED"},"content":{"rendered":"<p data-path-to-node=\"10\">Stw\u00f3rz niezapomnian\u0105 atmosfer\u0119 na swojej kolejnej imprezie firmowej, festiwalu muzycznym lub imprezie w klubie nocnym dzi\u0119ki naszym wielokolorowym szklankom imprezowym LED. Zaprojektowane, aby prze\u0142ama\u0107 lody, te szklanki oferuj\u0105 ekonomiczny spos\u00f3b na zaanga\u017cowanie go\u015bci i stworzenie okazji do zrobienia zdj\u0119\u0107 godnych medi\u00f3w spo\u0142eczno\u015bciowych.<\/p>\n<p data-path-to-node=\"11\">W przeciwie\u0144stwie do standardowych okular\u00f3w z efektem \u015bwiecenia, te okulary charakteryzuj\u0105 si\u0119 wyj\u0105tkowym designem z przezroczystymi oprawkami i soczewkami w stylu \u201csiatki\u201d, kt\u00f3re pozwalaj\u0105 na kreatywne rozpraszanie \u015bwiat\u0142a. Zasilane 6 intensywnymi, wielokolorowymi diodami LED, okulary wyr\u00f3\u017cniaj\u0105 si\u0119 w ka\u017cdym t\u0142umie. Prosty przycisk w\u0142\u0105czania\/wy\u0142\u0105czania pozwala u\u017cytkownikom prze\u0142\u0105cza\u0107 si\u0119 mi\u0119dzy trybem \u015bwiecenia \u201cSteady-On\u201d dla relaksuj\u0105cego nastroju a trybem \u201cFlashing\u201d dla chwil pe\u0142nych energii.<\/p>\n<h2 data-path-to-node=\"12\">G\u0142\u00f3wne cechy<\/h2>\n<ul data-path-to-node=\"13\">\n<li>\n<p data-path-to-node=\"13,0,0\"><b data-path-to-node=\"13,0,0\" data-index-in-node=\"0\">Efekt wizualny:<\/b> Po\u0142\u0105czenie przezroczystych ramek i wielokolorowych diod LED tworzy \u017cywy pokaz \u015bwietlny.<\/p>\n<\/li>\n<li>\n<p data-path-to-node=\"13,1,0\"><b data-path-to-node=\"13,1,0\" data-index-in-node=\"0\">Kontrola u\u017cytkownika:<\/b> \u0141atwy w u\u017cyciu przycisk umo\u017cliwiaj\u0105cy prze\u0142\u0105czanie tryb\u00f3w \u015bwiat\u0142a (sta\u0142y\/migaj\u0105cy\/wy\u0142\u0105czony).<\/p>\n<\/li>\n<li>\n<p data-path-to-node=\"13,2,0\"><b data-path-to-node=\"13,2,0\" data-index-in-node=\"0\">Gotowo\u015b\u0107 na wydarzenie:<\/b> Doskonale nadaj\u0105 si\u0119 do stoisk z gad\u017cetami, toreb z upominkami VIP lub jako gad\u017cety rozdawane masowo na parkiecie tanecznym.<\/p>\n<\/li>\n<li>\n<p data-path-to-node=\"13,3,0\"><b data-path-to-node=\"13,3,0\" data-index-in-node=\"0\">Wygoda:<\/b> Urz\u0105dzenia s\u0105 dostarczane z zainstalowanymi bateriami guzikowymi, dzi\u0119ki czemu dzia\u0142aj\u0105 od razu po wyj\u0119ciu z pude\u0142ka.<\/p>\n<\/li>\n<\/ul>\n<h2 data-path-to-node=\"14\">Specyfikacje<\/h2>\n<ul data-path-to-node=\"15\">\n<li>\n<p data-path-to-node=\"15,0,0\"><b data-path-to-node=\"15,0,0\" data-index-in-node=\"0\">Typ produktu:<\/b> Okulary pod\u015bwietlane diodami LED.<\/p>\n<\/li>\n<li>\n<p data-path-to-node=\"15,1,0\"><b data-path-to-node=\"15,1,0\" data-index-in-node=\"0\">Styl ramki:<\/b> Przezroczysty plastik z soczewkami siatkowymi.<\/p>\n<\/li>\n<li>\n<p data-path-to-node=\"15,2,0\"><b data-path-to-node=\"15,2,0\" data-index-in-node=\"0\">\u0179r\u00f3d\u0142o \u015bwiat\u0142a:<\/b> 6 x diody LED wielokolorowe.<\/p>\n<\/li>\n<li>\n<p data-path-to-node=\"15,3,0\"><b data-path-to-node=\"15,3,0\" data-index-in-node=\"0\">Tryby:<\/b> 2 ustawienia (\u015bwiat\u0142o sta\u0142e, migaj\u0105ce).<\/p>\n<\/li>\n<li>\n<p data-path-to-node=\"15,4,0\"><b data-path-to-node=\"15,4,0\" data-index-in-node=\"0\">Moc:<\/b> Baterie guzikowe (w zestawie i wymienne).<\/p>\n<\/li>\n<li>\n<p data-path-to-node=\"15,5,0\"><b data-path-to-node=\"15,5,0\" data-index-in-node=\"0\">Minimalne zapytanie ofertowe:<\/b> 100 szt.<\/p>\n<\/li>\n<\/ul>\n<h2 data-path-to-node=\"16\">Przypadki u\u017cycia<\/h2>\n<ul data-path-to-node=\"17\">\n<li>\n<p data-path-to-node=\"17,0,0\"><b data-path-to-node=\"17,0,0\" data-index-in-node=\"0\">Imprezy korporacyjne:<\/b> Zabawne rekwizyty do fotobudek i na parkiety taneczne.<\/p>\n<\/li>\n<li>\n<p data-path-to-node=\"17,1,0\"><b data-path-to-node=\"17,1,0\" data-index-in-node=\"0\">Festiwale i koncerty:<\/b> Towary o wysokiej mar\u017cy lub akcesoria VIP.<\/p>\n<\/li>\n<li>\n<p data-path-to-node=\"17,2,0\"><b data-path-to-node=\"17,2,0\" data-index-in-node=\"0\">Kluby nocne:<\/b> Mo\u017cna je sprzedawa\u0107 w barze lub rozdawa\u0107, aby upi\u0119kszy\u0107 o\u015bwietlenie klubu.<\/p>\n<\/li>\n<li>\n<p data-path-to-node=\"17,3,0\"><b data-path-to-node=\"17,3,0\" data-index-in-node=\"0\">\u015aluby:<\/b> Mi\u0142a niespodzianka dla uczestnik\u00f3w after-party.<\/p>\n<\/li>\n<\/ul>","protected":false},"excerpt":{"rendered":"<ul>\n<li>\n<p data-path-to-node=\"9,0,0\"><b data-path-to-node=\"9,0,0\" data-index-in-node=\"0\">Du\u017cy wp\u0142yw:<\/b> 6 jasnych, wielokolorowych diod LED w parze.<\/p>\n<\/li>\n<li>\n<p data-path-to-node=\"9,1,0\"><b data-path-to-node=\"9,1,0\" data-index-in-node=\"0\">Podw\u00f3jne tryby:<\/b> Prze\u0142\u0105czanie mi\u0119dzy trybem ci\u0105g\u0142ym i migaj\u0105cym.<\/p>\n<\/li>\n<li>\n<p data-path-to-node=\"9,2,0\"><b data-path-to-node=\"9,2,0\" data-index-in-node=\"0\">Unikalny projekt:<\/b> Przezroczysta oprawka z soczewkami typu \u201csiateczka\u201d.<\/p>\n<\/li>\n<li>\n<p data-path-to-node=\"9,3,0\"><b data-path-to-node=\"9,3,0\" data-index-in-node=\"0\">Gotowy do u\u017cycia:<\/b> Baterie s\u0105 do\u0142\u0105czone i wst\u0119pnie zainstalowane.<\/p>\n<\/li>\n<\/ul>","protected":false},"featured_media":6552,"comment_status":"closed","ping_status":"closed","template":"","meta":[],"product_brand":[],"product_cat":[76],"product_tag":[],"class_list":{"0":"post-5203","1":"product","2":"type-product","3":"status-publish","4":"has-post-thumbnail","6":"product_cat-glow-led-products","8":"first","9":"instock","10":"shipping-taxable","11":"product-type-simple"},"_links":{"self":[{"href":"https:\/\/displayproducts.eu\/pl\/wp-json\/wp\/v2\/product\/5203","targetHints":{"allow":["GET"]}}],"collection":[{"href":"https:\/\/displayproducts.eu\/pl\/wp-json\/wp\/v2\/product"}],"about":[{"href":"https:\/\/displayproducts.eu\/pl\/wp-json\/wp\/v2\/types\/product"}],"replies":[{"embeddable":true,"href":"https:\/\/displayproducts.eu\/pl\/wp-json\/wp\/v2\/comments?post=5203"}],"wp:featuredmedia":[{"embeddable":true,"href":"https:\/\/displayproducts.eu\/pl\/wp-json\/wp\/v2\/media\/6552"}],"wp:attachment":[{"href":"https:\/\/displayproducts.eu\/pl\/wp-json\/wp\/v2\/media?parent=5203"}],"wp:term":[{"taxonomy":"product_brand","embeddable":true,"href":"https:\/\/displayproducts.eu\/pl\/wp-json\/wp\/v2\/product_brand?post=5203"},{"taxonomy":"product_cat","embeddable":true,"href":"https:\/\/displayproducts.eu\/pl\/wp-json\/wp\/v2\/product_cat?post=5203"},{"taxonomy":"product_tag","embeddable":true,"href":"https:\/\/displayproducts.eu\/pl\/wp-json\/wp\/v2\/product_tag?post=5203"}],"curies":[{"name":"wp","href":"https:\/\/api.w.org\/{rel}","templated":true}]}}