{"id":5200,"date":"2025-10-20T23:22:10","date_gmt":"2025-10-20T20:22:10","guid":{"rendered":"https:\/\/wristbandfactory.eu\/?post_type=product&#038;p=5200"},"modified":"2026-04-01T21:52:35","modified_gmt":"2026-04-01T18:52:35","slug":"led-safety-whistle-with-cord","status":"publish","type":"product","link":"https:\/\/displayproducts.eu\/pl\/p\/led-safety-whistle-with-cord\/","title":{"rendered":"Gwizdek LED ze smycz\u0105"},"content":{"rendered":"<p data-path-to-node=\"10\">Zadbaj o to, aby personel Twojego wydarzenia, ekipy ochroniarskie i uczestnicy imprezy byli widoczni i s\u0142yszalni dzi\u0119ki naszemu gwizdkowi bezpiecze\u0144stwa LED. To dwufunkcyjne narz\u0119dzie jest niezb\u0119dne do zarz\u0105dzania t\u0142umem w warunkach s\u0142abego o\u015bwietlenia, koordynacji personelu lub po prostu dodania dynamicznego elementu zabawy do nocnych festiwali i imprez rave.<\/p>\n<p data-path-to-node=\"11\">Wytrzyma\u0142a plastikowa obudowa mie\u015bci jasne, wielokolorowe diody LED, widoczne z daleka, a mechanizm gwizdka generuje ostry, g\u0142o\u015bny d\u017awi\u0119k, kt\u00f3ry natychmiast przykuwa uwag\u0119. U\u017cytkownicy mog\u0105 \u0142atwo prze\u0142\u0105cza\u0107 si\u0119 mi\u0119dzy trzema r\u00f3\u017cnymi trybami o\u015bwietlenia (szybkie miganie, \u015brednie miganie i wolne miganie) za pomoc\u0105 bez nadrukugo przycisku w\u0142\u0105czania\/wy\u0142\u0105czania. <span class=\"citation-28 citation-end-28\">Ka\u017cdy gwizdek sprzedawany jest z pasuj\u0105cym sznurkiem na szyj\u0119, dzi\u0119ki czemu mo\u017cna mie\u0107 go zawsze pod r\u0119k\u0105, nie zajmuj\u0105c przy tym r\u0105k.<\/span><\/p>\n<h2 data-path-to-node=\"12\">G\u0142\u00f3wne cechy<\/h2>\n<ul data-path-to-node=\"13\">\n<li>\n<p data-path-to-node=\"13,0,0\"><b data-path-to-node=\"13,0,0\" data-index-in-node=\"0\">Wysoka widoczno\u015b\u0107:<\/b> Wielokolorowe diody LED zamieniaj\u0105 standardowe narz\u0119dzie bezpiecze\u0144stwa w \u015bwiec\u0105cy sygnalizator.<\/p>\n<\/li>\n<li>\n<p data-path-to-node=\"13,1,0\"><b data-path-to-node=\"13,1,0\" data-index-in-node=\"0\">Wszechstronne tryby:<\/b> Trzy r\u00f3\u017cne pr\u0119dko\u015bci migania pozwalaj\u0105 dostosowa\u0107 o\u015bwietlenie do nastroju imprezy.<\/p>\n<\/li>\n<li>\n<p data-path-to-node=\"13,2,0\"><b data-path-to-node=\"13,2,0\" data-index-in-node=\"0\">Natychmiastowe wdro\u017cenie:<\/b> W zestawie znajduj\u0105 si\u0119 3 baterie guzikowe, dzi\u0119ki czemu urz\u0105dzenie jest gotowe do natychmiastowego u\u017cycia po wyj\u0119ciu z pude\u0142ka.<\/p>\n<\/li>\n<li>\n<p data-path-to-node=\"13,3,0\"><b data-path-to-node=\"13,3,0\" data-index-in-node=\"0\">Zarz\u0105dzanie t\u0142umem:<\/b> Skuteczne i niedrogie narz\u0119dzie dla przewodnik\u00f3w, opiekun\u00f3w i personelu ochrony.<\/p>\n<\/li>\n<\/ul>\n<h2 data-path-to-node=\"14\">Specyfikacje<\/h2>\n<ul data-path-to-node=\"15\">\n<li>\n<p data-path-to-node=\"15,0,0\"><b data-path-to-node=\"15,0,0\" data-index-in-node=\"0\">Produkt:<\/b> Gwizdek pod\u015bwietlany diodami LED.<\/p>\n<\/li>\n<li>\n<p data-path-to-node=\"15,1,0\"><b data-path-to-node=\"15,1,0\" data-index-in-node=\"0\">Kolor \u015bwiat\u0142a:<\/b> Wielokolorowy (RGB).<\/p>\n<\/li>\n<li>\n<p data-path-to-node=\"15,2,0\"><b data-path-to-node=\"15,2,0\" data-index-in-node=\"0\">Tryby:<\/b> 3 ustawienia (szybkie, \u015brednie, wolne miganie).<\/p>\n<\/li>\n<li>\n<p data-path-to-node=\"15,3,0\"><b data-path-to-node=\"15,3,0\" data-index-in-node=\"0\">Moc:<\/b> 3 baterie guzikowe (w zestawie).<\/p>\n<\/li>\n<li>\n<p data-path-to-node=\"15,4,0\"><b data-path-to-node=\"15,4,0\" data-index-in-node=\"0\">Za\u0142\u0105cznik:<\/b><span class=\"citation-27 citation-end-27\"> W zestawie sznurek na szyj\u0119.<\/span><\/p>\n<\/li>\n<li>\n<p data-path-to-node=\"15,5,0\"><b data-path-to-node=\"15,5,0\" data-index-in-node=\"0\">Minimalne zapytanie ofertowe:<\/b> 100 szt.<\/p>\n<\/li>\n<\/ul>\n<h2 data-path-to-node=\"16\">Przypadki u\u017cycia<\/h2>\n<ul data-path-to-node=\"17\">\n<li>\n<p data-path-to-node=\"17,0,0\"><b data-path-to-node=\"17,0,0\" data-index-in-node=\"0\">Bezpiecze\u0144stwo wydarze\u0144:<\/b> Pomaga personelowi w koordynacji dzia\u0142a\u0144 w ciemnych pomieszczeniach lub w obecno\u015bci du\u017cych t\u0142um\u00f3w.<\/p>\n<\/li>\n<li>\n<p data-path-to-node=\"17,1,0\"><b data-path-to-node=\"17,1,0\" data-index-in-node=\"0\">Biegi nocne i sporty:<\/b> Dodaje widoczno\u015b\u0107 i metod\u0119 sygnalizacji dla uczestnik\u00f3w.<\/p>\n<\/li>\n<li>\n<p data-path-to-node=\"17,2,0\"><b data-path-to-node=\"17,2,0\" data-index-in-node=\"0\">Imprezy rave i festiwale:<\/b> Popularny, niedrogi gad\u017cet, kt\u00f3ry urozmaica pokaz \u015bwietlny.<\/p>\n<\/li>\n<li>\n<p data-path-to-node=\"17,3,0\"><b data-path-to-node=\"17,3,0\" data-index-in-node=\"0\">Zestawy awaryjne:<\/b> Kompaktowe urz\u0105dzenie zabezpieczaj\u0105ce na wycieczki na \u015bwie\u017cym powietrzu lub szkolne.<\/p>\n<\/li>\n<\/ul>","protected":false},"excerpt":{"rendered":"<ul>\n<li>\n<p data-path-to-node=\"9,0,0\"><b data-path-to-node=\"9,0,0\" data-index-in-node=\"0\">Bezpiecze\u0144stwo audiowizualne:<\/b> G\u0142o\u015bny d\u017awi\u0119k w po\u0142\u0105czeniu z jasnymi, wielokolorowymi diodami LED.<\/p>\n<\/li>\n<li>\n<p data-path-to-node=\"9,1,0\"><b data-path-to-node=\"9,1,0\" data-index-in-node=\"0\">3 tryby o\u015bwietlenia:<\/b> Wybierz pomi\u0119dzy miganiem wolnym, \u015brednim i szybkim.<\/p>\n<\/li>\n<li>\n<p data-path-to-node=\"9,2,0\"><b data-path-to-node=\"9,2,0\" data-index-in-node=\"0\">Gotowy do u\u017cycia:<\/b> Baterie s\u0105 do\u0142\u0105czone i wst\u0119pnie zainstalowane.<\/p>\n<\/li>\n<li>\n<p data-path-to-node=\"9,3,0\"><b data-path-to-node=\"9,3,0\" data-index-in-node=\"0\">Bez u\u017cycia r\u0105k:<\/b><span class=\"citation-29 citation-end-29\"> W zestawie znajduje si\u0119 wygodny sznurek na szyj\u0119.<\/span><\/p>\n<\/li>\n<\/ul>","protected":false},"featured_media":6546,"comment_status":"closed","ping_status":"closed","template":"","meta":[],"product_brand":[],"product_cat":[76],"product_tag":[],"class_list":{"0":"post-5200","1":"product","2":"type-product","3":"status-publish","4":"has-post-thumbnail","6":"product_cat-glow-led-products","8":"first","9":"instock","10":"shipping-taxable","11":"purchasable","12":"product-type-simple"},"_links":{"self":[{"href":"https:\/\/displayproducts.eu\/pl\/wp-json\/wp\/v2\/product\/5200","targetHints":{"allow":["GET"]}}],"collection":[{"href":"https:\/\/displayproducts.eu\/pl\/wp-json\/wp\/v2\/product"}],"about":[{"href":"https:\/\/displayproducts.eu\/pl\/wp-json\/wp\/v2\/types\/product"}],"replies":[{"embeddable":true,"href":"https:\/\/displayproducts.eu\/pl\/wp-json\/wp\/v2\/comments?post=5200"}],"wp:featuredmedia":[{"embeddable":true,"href":"https:\/\/displayproducts.eu\/pl\/wp-json\/wp\/v2\/media\/6546"}],"wp:attachment":[{"href":"https:\/\/displayproducts.eu\/pl\/wp-json\/wp\/v2\/media?parent=5200"}],"wp:term":[{"taxonomy":"product_brand","embeddable":true,"href":"https:\/\/displayproducts.eu\/pl\/wp-json\/wp\/v2\/product_brand?post=5200"},{"taxonomy":"product_cat","embeddable":true,"href":"https:\/\/displayproducts.eu\/pl\/wp-json\/wp\/v2\/product_cat?post=5200"},{"taxonomy":"product_tag","embeddable":true,"href":"https:\/\/displayproducts.eu\/pl\/wp-json\/wp\/v2\/product_tag?post=5200"}],"curies":[{"name":"wp","href":"https:\/\/api.w.org\/{rel}","templated":true}]}}