{"id":5195,"date":"2025-10-20T22:09:07","date_gmt":"2025-10-20T19:09:07","guid":{"rendered":"https:\/\/wristbandfactory.eu\/?post_type=product&#038;p=5195"},"modified":"2026-04-01T21:52:04","modified_gmt":"2026-04-01T18:52:04","slug":"promotional-recycled-aluminium-cups","status":"publish","type":"product","link":"https:\/\/displayproducts.eu\/pl\/p\/promotional-recycled-aluminium-cups\/","title":{"rendered":"Kubki aluminiowe wielokrotnego u\u017cytku z nadrukiem"},"content":{"rendered":"<p>Wyra\u017anie podkre\u015bl zaanga\u017cowanie swojej marki w zr\u00f3wnowa\u017cony rozw\u00f3j. Te wielorazowe kubki o pojemno\u015bci 500 ml wykonane s\u0105 z certyfikowanego przez GRS aluminium pochodz\u0105cego z recyklingu i stanowi\u0105 wysokiej jako\u015bci, ekologiczn\u0105 alternatyw\u0119 dla plastiku na Twoj\u0105 kolejn\u0105 konferencj\u0119, festiwal lub wydarzenie firmowe. Ich eleganckie, l\u015bni\u0105ce, srebrne wyko\u0144czenie stanowi idealne, wysokiej jako\u015bci p\u0142\u00f3tno dla Twojego logo.<\/p>\n<p>To co\u015b wi\u0119cej ni\u017c zwyk\u0142y kubek; to przes\u0142anie. Materia\u0142 z recyklingowanego aluminium jest lekki, a jednocze\u015bnie trwa\u0142y i posiada certyfikat GRS (Global Recycled Standard). Certyfikat ten gwarantuje pochodzenie materia\u0142u z recyklingu, zapewniaj\u0105c pe\u0142n\u0105 transparentno\u015b\u0107 dla Twojego zr\u00f3wnowa\u017conego marketingu. <span class=\"citation-5 citation-end-5\">W przeciwie\u0144stwie do innych materia\u0142\u00f3w aluminium mo\u017cna poddawa\u0107 recyklingowi niemal w niesko\u0144czono\u015b\u0107, nie trac\u0105c jego pierwotnych w\u0142a\u015bciwo\u015bci. Proces ten wymaga znacznie mniej energii ni\u017c produkcja nowego materia\u0142u.<\/span> Wybieraj\u0105c ten produkt demonstrujesz warto\u015bci Twojej marki.<\/p>\n<p><b>G\u0142\u00f3wne cechy:<\/b><\/p>\n<ul>\n<li><b>Pojemno\u015b\u0107:<\/b> 500 ml<\/li>\n<li><b>Tworzywo:<\/b> Certyfikowany przez GRS aluminium z recyklingu<\/li>\n<li><b>Sko\u0144czy\u0107:<\/b> B\u0142yszcz\u0105ce srebro<\/li>\n<li><b>Ekologiczne:<\/b> Mo\u017cliwo\u015b\u0107 ponownego u\u017cycia i niesko\u0144czonego recyklingu<\/li>\n<li><b>Lekka:<\/b> \u0141atwe do przenoszenia przez go\u015bci<\/li>\n<li><b>Atestowany:<\/b><span class=\"citation-4 citation-end-4\"> GRS (Global Recycled Standard) gwarantuje zawarto\u015b\u0107 materia\u0142\u00f3w pochodz\u0105cych z recyklingu<\/span><\/li>\n<li><b>Branding:<\/b> Idealny do grawerowania laserowego lub drukowania logo<\/li>\n<\/ul>","protected":false},"excerpt":{"rendered":"<ul>\n<li>Zaprezentuj swoj\u0105 mark\u0119 na ekskluzywnym kubku aluminiowym o pojemno\u015bci 500 ml, wykonanym z recyklingowanego aluminium.<\/li>\n<li>Lekki, trwa\u0142y i o eleganckim, b\u0142yszcz\u0105cym srebrnym wyko\u0144czeniu.<\/li>\n<li>Certyfikat GRS gwarantuje zr\u00f3wnowa\u017cone wykorzystanie materia\u0142\u00f3w pochodz\u0105cych z recyklingu.<\/li>\n<li>Doskonale nadaje si\u0119 na imprezy ekologiczne, prezenty firmowe i festiwale.<\/li>\n<\/ul>","protected":false},"featured_media":6593,"comment_status":"closed","ping_status":"closed","template":"","meta":[],"product_brand":[],"product_cat":[111],"product_tag":[],"class_list":{"0":"post-5195","1":"product","2":"type-product","3":"status-publish","4":"has-post-thumbnail","6":"product_cat-reusable-event-cups","8":"first","9":"instock","10":"shipping-taxable","11":"purchasable","12":"product-type-simple"},"_links":{"self":[{"href":"https:\/\/displayproducts.eu\/pl\/wp-json\/wp\/v2\/product\/5195","targetHints":{"allow":["GET"]}}],"collection":[{"href":"https:\/\/displayproducts.eu\/pl\/wp-json\/wp\/v2\/product"}],"about":[{"href":"https:\/\/displayproducts.eu\/pl\/wp-json\/wp\/v2\/types\/product"}],"replies":[{"embeddable":true,"href":"https:\/\/displayproducts.eu\/pl\/wp-json\/wp\/v2\/comments?post=5195"}],"wp:featuredmedia":[{"embeddable":true,"href":"https:\/\/displayproducts.eu\/pl\/wp-json\/wp\/v2\/media\/6593"}],"wp:attachment":[{"href":"https:\/\/displayproducts.eu\/pl\/wp-json\/wp\/v2\/media?parent=5195"}],"wp:term":[{"taxonomy":"product_brand","embeddable":true,"href":"https:\/\/displayproducts.eu\/pl\/wp-json\/wp\/v2\/product_brand?post=5195"},{"taxonomy":"product_cat","embeddable":true,"href":"https:\/\/displayproducts.eu\/pl\/wp-json\/wp\/v2\/product_cat?post=5195"},{"taxonomy":"product_tag","embeddable":true,"href":"https:\/\/displayproducts.eu\/pl\/wp-json\/wp\/v2\/product_tag?post=5195"}],"curies":[{"name":"wp","href":"https:\/\/api.w.org\/{rel}","templated":true}]}}