{"id":5183,"date":"2025-10-20T22:05:04","date_gmt":"2025-10-20T19:05:04","guid":{"rendered":"https:\/\/wristbandfactory.eu\/?post_type=product&#038;p=5183"},"modified":"2026-04-01T21:52:35","modified_gmt":"2026-04-01T18:52:35","slug":"reusable-event-cups-solid-frosted-finish-550ml","status":"publish","type":"product","link":"https:\/\/displayproducts.eu\/pl\/p\/reusable-event-cups-solid-frosted-finish-550ml\/","title":{"rendered":"Kubki wielokrotnego u\u017cytku na imprezy (wyko\u0144czenie pe\u0142ne i matowe) 550 ml"},"content":{"rendered":"<p data-path-to-node=\"8\">Podnie\u015b estetyk\u0119 swojego wydarzenia dzi\u0119ki naszym kubkom wielokrotnego u\u017cytku o pojemno\u015bci 550 ml, dost\u0119pnym w trzech wyj\u0105tkowych, ekskluzywnych wyko\u0144czeniach. Ten kubek to idealne rozwi\u0105zanie dla organizator\u00f3w wydarze\u0144, korporacji i obiekt\u00f3w, kt\u00f3re potrzebuj\u0105 brandingu wykraczaj\u0105cego poza samo logo.<\/p>\n<p data-path-to-node=\"9\">Wybierz wyko\u0144czenie, kt\u00f3re najlepiej pasuje do identyfikacji Twojej marki:<\/p>\n<ul data-path-to-node=\"10\">\n<li>\n<p data-path-to-node=\"10,0,0\"><b>Solidna biel:<\/b> Oferuje czyste, klasyczne i dobrze widoczne p\u0142\u00f3tno dla Twojej marki.<\/p>\n<\/li>\n<li>\n<p data-path-to-node=\"10,1,0\"><b>Solid Black:<\/b> Zapewnia ekskluzywny, wysoce kontrastowy wygl\u0105d, idealny na imprezy VIP i wyrafinowane brandingi.<\/p>\n<\/li>\n<li>\n<p data-path-to-node=\"10,2,0\"><b>Przezroczysty matowy:<\/b> Zapewnia nowoczesny, elegancki i stylowy wygl\u0105d.<\/p>\n<\/li>\n<\/ul>\n<p data-path-to-node=\"11\">Wykonane z trwa\u0142ego, wytrzyma\u0142ego i lekkiego polipropylenu (PP), te kubki s\u0105 przeznaczone do wielokrotnego u\u017cytku na festiwalach, koncertach i imprezach firmowych. S\u0105 \u0142atwe w myciu i stanowi\u0105 zr\u00f3wnowa\u017con\u0105 alternatyw\u0119 dla jednorazowych naczy\u0144 do napoj\u00f3w.<\/p>\n<p data-path-to-node=\"12\">Du\u017ca pojemno\u015b\u0107 550 ml idealnie nadaje si\u0119 do serwowania wszelkiego rodzaju napoj\u00f3w, a du\u017ca powierzchnia stanowi doskona\u0142e pod\u0142o\u017ce pod Tw\u00f3j indywidualny nadruk. Ten kubek nie tylko zmniejsza ilo\u015b\u0107 odpad\u00f3w, ale tak\u017ce stanowi pami\u0105tk\u0119, kt\u00f3ra pozwoli Ci zabra\u0107 j\u0105 do strona g\u0142\u00f3wnau i zwi\u0119kszy\u0107 rozpoznawalno\u015b\u0107 marki na d\u0142ugo po wydarzeniu.<\/p>\n<p data-path-to-node=\"13\"><b>G\u0142\u00f3wne cechy:<\/b><\/p>\n<ul data-path-to-node=\"14\">\n<li>\n<p data-path-to-node=\"14,0,0\"><b>Opcje wyko\u0144czenia premium:<\/b> Dost\u0119pne w wyko\u0144czeniu: jednolity bia\u0142y, jednolity czarny lub transparentny matowy.<\/p>\n<\/li>\n<li>\n<p data-path-to-node=\"14,1,0\"><b>Du\u017ca pojemno\u015b\u0107 550 ml:<\/b> Idealny, uniwersalny rozmiar na festiwale, stadiony i konferencje.<\/p>\n<\/li>\n<li>\n<p data-path-to-node=\"14,2,0\"><b>Trwa\u0142y materia\u0142 PP:<\/b> Wytrzyma\u0142y, lekki i odporny na p\u0119kni\u0119cia polipropylen przeznaczony do ponownego u\u017cycia.<\/p>\n<\/li>\n<li>\n<p data-path-to-node=\"14,3,0\"><b>Zr\u00f3wnowa\u017cone rozwi\u0105zanie:<\/b> Nadaj\u0105ca si\u0119 do wielokrotnego u\u017cytku i zmywalna alternatywa dla jednorazowych kubk\u00f3w eventowych.<\/p>\n<\/li>\n<li>\n<p data-path-to-node=\"14,4,0\"><b>Du\u017ca powierzchnia brandingowa:<\/b> Du\u017co miejsca na nadruk, wzbogacone o niepowtarzalne wyko\u0144czenie.<\/p>\n<\/li>\n<\/ul>","protected":false},"excerpt":{"rendered":"<ul>\n<li>\n<p data-path-to-node=\"7,0,0\">Wybierz wyko\u0144czenie: dost\u0119pne w jednolitym bia\u0142ym kolorze, jednolitym czarnym lub przezroczystym matowym wyko\u0144czeniu.<\/p>\n<\/li>\n<li>\n<p data-path-to-node=\"7,1,0\">Doskonale nadaje si\u0119 do brandingu premium na eventach korporacyjnych, festiwalach i stadionach.<\/p>\n<\/li>\n<li>\n<p data-path-to-node=\"7,2,0\">Wytrzyma\u0142y, lekki, \u0142atwy do mycia, wielokrotnego u\u017cytku materia\u0142 PP.<\/p>\n<\/li>\n<li>\n<p data-path-to-node=\"7,3,0\">Du\u017ca pojemno\u015b\u0107 550 ml pozwala na serwowanie szerokiej gamy napoj\u00f3w.<\/p>\n<\/li>\n<li><\/li>\n<\/ul>","protected":false},"featured_media":6624,"comment_status":"closed","ping_status":"closed","template":"","meta":[],"product_brand":[],"product_cat":[111],"product_tag":[],"class_list":{"0":"post-5183","1":"product","2":"type-product","3":"status-publish","4":"has-post-thumbnail","6":"product_cat-reusable-event-cups","8":"first","9":"instock","10":"shipping-taxable","11":"purchasable","12":"product-type-simple"},"_links":{"self":[{"href":"https:\/\/displayproducts.eu\/pl\/wp-json\/wp\/v2\/product\/5183","targetHints":{"allow":["GET"]}}],"collection":[{"href":"https:\/\/displayproducts.eu\/pl\/wp-json\/wp\/v2\/product"}],"about":[{"href":"https:\/\/displayproducts.eu\/pl\/wp-json\/wp\/v2\/types\/product"}],"replies":[{"embeddable":true,"href":"https:\/\/displayproducts.eu\/pl\/wp-json\/wp\/v2\/comments?post=5183"}],"wp:featuredmedia":[{"embeddable":true,"href":"https:\/\/displayproducts.eu\/pl\/wp-json\/wp\/v2\/media\/6624"}],"wp:attachment":[{"href":"https:\/\/displayproducts.eu\/pl\/wp-json\/wp\/v2\/media?parent=5183"}],"wp:term":[{"taxonomy":"product_brand","embeddable":true,"href":"https:\/\/displayproducts.eu\/pl\/wp-json\/wp\/v2\/product_brand?post=5183"},{"taxonomy":"product_cat","embeddable":true,"href":"https:\/\/displayproducts.eu\/pl\/wp-json\/wp\/v2\/product_cat?post=5183"},{"taxonomy":"product_tag","embeddable":true,"href":"https:\/\/displayproducts.eu\/pl\/wp-json\/wp\/v2\/product_tag?post=5183"}],"curies":[{"name":"wp","href":"https:\/\/api.w.org\/{rel}","templated":true}]}}